{"id":16764,"date":"2023-11-10T09:18:17","date_gmt":"2023-11-10T09:18:17","guid":{"rendered":"https:\/\/theelora.com\/?post_type=product&#038;p=16764"},"modified":"2023-11-10T09:18:18","modified_gmt":"2023-11-10T09:18:18","slug":"traditional-wooden-cabinet","status":"publish","type":"product","link":"https:\/\/theelora.com\/es\/producto\/traditional-wooden-cabinet\/","title":{"rendered":"Armario tradicional de madera"},"content":{"rendered":"<p>El aparador de nuestra colecci\u00f3n representa la mejor artesan\u00eda y atenci\u00f3n al detalle. Esta pieza contempor\u00e1nea es una versi\u00f3n actualizada de la ebanister\u00eda tradicional y presenta fuertes elementos arquitect\u00f3nicos, como una estructura recortada de elegante arce. Las puertas del aparador est\u00e1n forradas en piel, lo que a\u00f1ade un toque de refinamiento y lo convierte en una opci\u00f3n ideal para el comedor o el dormitorio. La l\u00ednea de aparadores encarna un compromiso con la calidad y el estilo que sin duda elevar\u00e1 cualquier espacio en el que se coloque.<\/p>","protected":false},"excerpt":{"rendered":"<p class=\"product-des\">El aparador es una pieza de alta calidad que presenta una actualizaci\u00f3n contempor\u00e1nea de la ebanister\u00eda tradicional, con fuertes elementos arquitect\u00f3nicos y puertas revestidas de piel. Se puede utilizar en el comedor o en el dormitorio, y representa una artesan\u00eda y una atenci\u00f3n al detalle excepcionales.<\/p>\n<div class=\"inquiryBasket\">\n<p>C\u00f3digo del producto: TR-SB-02-VOGUE<\/p>\n<p>OEM: Disponible<\/p>\n<p>Muestra: Disponible<\/p>\n<p>Puerto: Foshan, Guangzhou, Shenzhen<\/p>\n<p>Lugar de origen: China<\/p>\n<p>Env\u00edos: Support Express - Flete mar\u00edtimo - Flete terrestre - Flete a\u00e9reo<\/p>\n<p>Capacidad de suministro\uff1a1000 piezas al mes<\/p>\n<\/div>","protected":false},"featured_media":16770,"comment_status":"open","ping_status":"closed","template":"","meta":[],"product_brand":[],"product_cat":[78],"product_tag":[],"class_list":{"0":"post-16764","1":"product","2":"type-product","3":"status-publish","4":"has-post-thumbnail","6":"product_cat-cabinet","8":"first","9":"instock","10":"shipping-taxable","11":"purchasable","12":"product-type-simple"},"_links":{"self":[{"href":"https:\/\/theelora.com\/es\/wp-json\/wp\/v2\/product\/16764","targetHints":{"allow":["GET"]}}],"collection":[{"href":"https:\/\/theelora.com\/es\/wp-json\/wp\/v2\/product"}],"about":[{"href":"https:\/\/theelora.com\/es\/wp-json\/wp\/v2\/types\/product"}],"replies":[{"embeddable":true,"href":"https:\/\/theelora.com\/es\/wp-json\/wp\/v2\/comments?post=16764"}],"version-history":[{"count":0,"href":"https:\/\/theelora.com\/es\/wp-json\/wp\/v2\/product\/16764\/revisions"}],"wp:featuredmedia":[{"embeddable":true,"href":"https:\/\/theelora.com\/es\/wp-json\/wp\/v2\/media\/16770"}],"wp:attachment":[{"href":"https:\/\/theelora.com\/es\/wp-json\/wp\/v2\/media?parent=16764"}],"wp:term":[{"taxonomy":"product_brand","embeddable":true,"href":"https:\/\/theelora.com\/es\/wp-json\/wp\/v2\/product_brand?post=16764"},{"taxonomy":"product_cat","embeddable":true,"href":"https:\/\/theelora.com\/es\/wp-json\/wp\/v2\/product_cat?post=16764"},{"taxonomy":"product_tag","embeddable":true,"href":"https:\/\/theelora.com\/es\/wp-json\/wp\/v2\/product_tag?post=16764"}],"curies":[{"name":"wp","href":"https:\/\/api.w.org\/{rel}","templated":true}]}}