{"id":16811,"date":"2023-11-10T10:08:26","date_gmt":"2023-11-10T10:08:26","guid":{"rendered":"https:\/\/theelora.com\/?post_type=product&#038;p=16811"},"modified":"2023-11-15T10:03:01","modified_gmt":"2023-11-15T10:03:01","slug":"elegant-round-nightstand","status":"publish","type":"product","link":"https:\/\/theelora.com\/es\/producto\/elegant-round-nightstand\/","title":{"rendered":"Elegante mesita de noche redonda"},"content":{"rendered":"<p><strong>Descripci\u00f3n del producto:<\/strong><\/p>\n<p>Esta mesilla de noche combinar\u00e1 f\u00e1cilmente con su mobiliario moderno. Con su color blanco neutro, esta mesita de noche se puede colocar en cualquier habitaci\u00f3n sin comprometer la belleza deseada.Este dise\u00f1o simple proporciona un mont\u00f3n de espacio donde lo necesite.<\/p>","protected":false},"excerpt":{"rendered":"<p class=\"product-des\">Esta mesilla de noche combinar\u00e1 f\u00e1cilmente con su mobiliario moderno. Con su color blanco neutro, esta mesilla de noche puede colocarse en cualquier habitaci\u00f3n sin comprometer la belleza deseada. Este dise\u00f1o sencillo proporciona mucho espacio donde lo necesite.<\/p>\n<p class=\"product-des\">C\u00f3digo del producto: BOCA-DC-02-SOLEIL<br \/>\nOEM: Disponible<br \/>\nMuestra: Disponible<br \/>\nPuerto: Foshan, Guangzhou, Shenzhen<br \/>\nLugar de origen: China<br \/>\nEnv\u00edos: Support Express - Flete mar\u00edtimo - Flete terrestre - Flete a\u00e9reo<br \/>\nCapacidad de suministro\uff1a1000 piezas al mes<\/p>\n<div class=\"productDetailBtn btn productContact\" data-toggle=\"modal\" data-pid=\"1d9c562e4e864c168fdd358e67aca727\" data-picimg=\"https:\/\/shopic.mcmcclass.com\/20221115180109484591217.jpg\" data-picname=\"Small French Style Midcentury Modern Nightstand\" data-picprice=\"USD 180.00 ~ USD 230.00\" data-target=\"#productModal\"><\/div>","protected":false},"featured_media":16812,"comment_status":"open","ping_status":"closed","template":"","meta":[],"product_brand":[],"product_cat":[80],"product_tag":[],"class_list":{"0":"post-16811","1":"product","2":"type-product","3":"status-publish","4":"has-post-thumbnail","6":"product_cat-bedside-tables-and-dresser","8":"first","9":"instock","10":"shipping-taxable","11":"purchasable","12":"product-type-simple"},"_links":{"self":[{"href":"https:\/\/theelora.com\/es\/wp-json\/wp\/v2\/product\/16811","targetHints":{"allow":["GET"]}}],"collection":[{"href":"https:\/\/theelora.com\/es\/wp-json\/wp\/v2\/product"}],"about":[{"href":"https:\/\/theelora.com\/es\/wp-json\/wp\/v2\/types\/product"}],"replies":[{"embeddable":true,"href":"https:\/\/theelora.com\/es\/wp-json\/wp\/v2\/comments?post=16811"}],"version-history":[{"count":0,"href":"https:\/\/theelora.com\/es\/wp-json\/wp\/v2\/product\/16811\/revisions"}],"wp:featuredmedia":[{"embeddable":true,"href":"https:\/\/theelora.com\/es\/wp-json\/wp\/v2\/media\/16812"}],"wp:attachment":[{"href":"https:\/\/theelora.com\/es\/wp-json\/wp\/v2\/media?parent=16811"}],"wp:term":[{"taxonomy":"product_brand","embeddable":true,"href":"https:\/\/theelora.com\/es\/wp-json\/wp\/v2\/product_brand?post=16811"},{"taxonomy":"product_cat","embeddable":true,"href":"https:\/\/theelora.com\/es\/wp-json\/wp\/v2\/product_cat?post=16811"},{"taxonomy":"product_tag","embeddable":true,"href":"https:\/\/theelora.com\/es\/wp-json\/wp\/v2\/product_tag?post=16811"}],"curies":[{"name":"wp","href":"https:\/\/api.w.org\/{rel}","templated":true}]}}