{"id":16825,"date":"2023-11-10T10:21:11","date_gmt":"2023-11-10T10:21:11","guid":{"rendered":"https:\/\/theelora.com\/?post_type=product&#038;p=16825"},"modified":"2023-11-15T09:56:03","modified_gmt":"2023-11-15T09:56:03","slug":"luxurious-pine-wood-two-drawer-nightstand","status":"publish","type":"product","link":"https:\/\/theelora.com\/es\/producto\/luxurious-pine-wood-two-drawer-nightstand\/","title":{"rendered":"Lujosa mesita de noche de dos cajones de madera de pino"},"content":{"rendered":"<p><strong>Descripci\u00f3n del producto:<\/strong><\/p>\n<p>Mesilla de noche con 2 cajones extra\u00edbles. Cuerpo de madera contrachapada, acolchado y tapizado en piel o tela. Detalles en acero inoxidable pulido con logotipos de lat\u00f3n en los laterales. Tablero de m\u00e1rmol y base de acero pulido. Tirador de lat\u00f3n pulido con logotipo en bajo relieve, que puede a\u00f1adirse como accesorio opcional. Las partes met\u00e1licas pueden elegirse en la selecci\u00f3n de acabados met\u00e1licos.<\/p>","protected":false},"excerpt":{"rendered":"<p>C\u00f3digo del producto: VL IPE-BST-09-PERKINS<\/p>\n<p>OEM: Disponible<\/p>\n<p>Muestra: Disponible<\/p>\n<p>Puerto: Foshan, Guangzhou, Shenzhen<\/p>\n<p>Lugar de origen: China<\/p>\n<p>Env\u00edos: Support Express - Flete mar\u00edtimo - Flete terrestre - Flete a\u00e9reo<\/p>\n<p>Capacidad de suministro\uff1a1000 piezas al mes<\/p>","protected":false},"featured_media":16831,"comment_status":"open","ping_status":"closed","template":"","meta":[],"product_brand":[],"product_cat":[80],"product_tag":[],"class_list":{"0":"post-16825","1":"product","2":"type-product","3":"status-publish","4":"has-post-thumbnail","6":"product_cat-bedside-tables-and-dresser","8":"first","9":"instock","10":"shipping-taxable","11":"purchasable","12":"product-type-simple"},"_links":{"self":[{"href":"https:\/\/theelora.com\/es\/wp-json\/wp\/v2\/product\/16825","targetHints":{"allow":["GET"]}}],"collection":[{"href":"https:\/\/theelora.com\/es\/wp-json\/wp\/v2\/product"}],"about":[{"href":"https:\/\/theelora.com\/es\/wp-json\/wp\/v2\/types\/product"}],"replies":[{"embeddable":true,"href":"https:\/\/theelora.com\/es\/wp-json\/wp\/v2\/comments?post=16825"}],"version-history":[{"count":0,"href":"https:\/\/theelora.com\/es\/wp-json\/wp\/v2\/product\/16825\/revisions"}],"wp:featuredmedia":[{"embeddable":true,"href":"https:\/\/theelora.com\/es\/wp-json\/wp\/v2\/media\/16831"}],"wp:attachment":[{"href":"https:\/\/theelora.com\/es\/wp-json\/wp\/v2\/media?parent=16825"}],"wp:term":[{"taxonomy":"product_brand","embeddable":true,"href":"https:\/\/theelora.com\/es\/wp-json\/wp\/v2\/product_brand?post=16825"},{"taxonomy":"product_cat","embeddable":true,"href":"https:\/\/theelora.com\/es\/wp-json\/wp\/v2\/product_cat?post=16825"},{"taxonomy":"product_tag","embeddable":true,"href":"https:\/\/theelora.com\/es\/wp-json\/wp\/v2\/product_tag?post=16825"}],"curies":[{"name":"wp","href":"https:\/\/api.w.org\/{rel}","templated":true}]}}