{"id":16838,"date":"2023-11-10T10:35:05","date_gmt":"2023-11-10T10:35:05","guid":{"rendered":"https:\/\/theelora.com\/?post_type=product&#038;p=16838"},"modified":"2023-11-15T10:57:24","modified_gmt":"2023-11-15T10:57:24","slug":"elegant-3-drawer-dressings-table-with-adjustable-mirror","status":"publish","type":"product","link":"https:\/\/theelora.com\/es\/producto\/elegant-3-drawer-dressings-table-with-adjustable-mirror\/","title":{"rendered":"Elegante Tocador 3 Cajones con Espejo Ajustable"},"content":{"rendered":"<p>Escritorio de maquillaje con tres cajones, que presenta un exterior de madera lacada pulida y un marco de acero inoxidable revestido de piel o tela en el interior. Los cajones est\u00e1n forrados de material lacado mate y la parte superior est\u00e1 acolchada en piel. El escritorio tambi\u00e9n tiene un espejo integrado con marco de acero inoxidable e iluminaci\u00f3n LED en todo el per\u00edmetro. Las partes de acero del escritorio pueden acabarse en cualquiera de los acabados de metal pulido disponibles.<\/p>","protected":false},"excerpt":{"rendered":"<p class=\"product-des\">Se trata de un escritorio de maquillaje con tres cajones, un espejo integrado con iluminaci\u00f3n LED y una estructura de acero inoxidable. Est\u00e1 tapizado en piel o tela y las piezas de acero pueden acabarse en varias opciones de metal pulido.<\/p>\n<p>C\u00f3digo del producto: BOCA-DC-02-SOLEIL<\/p>\n<p>OEM: Disponible<\/p>\n<p>Muestra: Disponible<\/p>\n<p>Puerto: Foshan, Guangzhou, Shenzhen<\/p>\n<p>Lugar de origen: China<\/p>\n<p>Env\u00edos: Support Express - Flete mar\u00edtimo - Flete terrestre - Flete a\u00e9reo<\/p>\n<p>Capacidad de suministro\uff1a1000 piezas al mes<\/p>\n<div class=\"productDetailBtn btn productContact\" data-toggle=\"modal\" data-pid=\"8cc09f93593d4c7d832cd2d601efdb27\" data-picimg=\"https:\/\/shopic.mcmcclass.com\/20221115181706848638055.jpg\" data-picname=\"High Quality Metal Modern Bedroom Furniture Storage Drawers\" data-picprice=\"USD 700.00 ~ USD 865.00\" data-target=\"#productModal\"><\/div>","protected":false},"featured_media":16842,"comment_status":"open","ping_status":"closed","template":"","meta":[],"product_brand":[],"product_cat":[80],"product_tag":[],"class_list":{"0":"post-16838","1":"product","2":"type-product","3":"status-publish","4":"has-post-thumbnail","6":"product_cat-bedside-tables-and-dresser","8":"first","9":"instock","10":"shipping-taxable","11":"purchasable","12":"product-type-simple"},"_links":{"self":[{"href":"https:\/\/theelora.com\/es\/wp-json\/wp\/v2\/product\/16838","targetHints":{"allow":["GET"]}}],"collection":[{"href":"https:\/\/theelora.com\/es\/wp-json\/wp\/v2\/product"}],"about":[{"href":"https:\/\/theelora.com\/es\/wp-json\/wp\/v2\/types\/product"}],"replies":[{"embeddable":true,"href":"https:\/\/theelora.com\/es\/wp-json\/wp\/v2\/comments?post=16838"}],"version-history":[{"count":0,"href":"https:\/\/theelora.com\/es\/wp-json\/wp\/v2\/product\/16838\/revisions"}],"wp:featuredmedia":[{"embeddable":true,"href":"https:\/\/theelora.com\/es\/wp-json\/wp\/v2\/media\/16842"}],"wp:attachment":[{"href":"https:\/\/theelora.com\/es\/wp-json\/wp\/v2\/media?parent=16838"}],"wp:term":[{"taxonomy":"product_brand","embeddable":true,"href":"https:\/\/theelora.com\/es\/wp-json\/wp\/v2\/product_brand?post=16838"},{"taxonomy":"product_cat","embeddable":true,"href":"https:\/\/theelora.com\/es\/wp-json\/wp\/v2\/product_cat?post=16838"},{"taxonomy":"product_tag","embeddable":true,"href":"https:\/\/theelora.com\/es\/wp-json\/wp\/v2\/product_tag?post=16838"}],"curies":[{"name":"wp","href":"https:\/\/api.w.org\/{rel}","templated":true}]}}