{"id":16849,"date":"2023-11-10T10:58:23","date_gmt":"2023-11-10T10:58:23","guid":{"rendered":"https:\/\/theelora.com\/?post_type=product&#038;p=16849"},"modified":"2023-11-15T11:16:59","modified_gmt":"2023-11-15T11:16:59","slug":"luxurious-metallic-finish-dressing-table","status":"publish","type":"product","link":"https:\/\/theelora.com\/es\/producto\/luxurious-metallic-finish-dressing-table\/","title":{"rendered":"Tocador de lujo con acabado met\u00e1lico"},"content":{"rendered":"<p>La estructura principal de este mueble es de tubos de acero macizo, y el revestimiento interior est\u00e1 formado por paneles de madera contrachapada acolchados y tapizados en cuero o tela. Los laterales de la tapicer\u00eda exterior tambi\u00e9n est\u00e1n tapizados en cuero o tela, y decorados con paneles tapizados individualmente que crean un patr\u00f3n geom\u00e9trico. Las inserciones decorativas son de acero satinado, y tambi\u00e9n hay un logotipo grabado. La encimera del mueble es de m\u00e1rmol empotrado y est\u00e1 equipada con tres cajones tapizados frontalmente y lacados por dentro. El espejo superior tiene un perfil perimetral de acero, un marco satinado y un escudo Visionnaire con un sistema de retroiluminaci\u00f3n LED. Las partes met\u00e1licas del mueble pueden lacarse en cualquier color incluido en la selecci\u00f3n de acabados met\u00e1licos. Este mueble tiene un dise\u00f1o sofisticado y elegante, con elementos decorativos y una encimera de m\u00e1rmol incorporada que a\u00f1aden un toque de lujo. El sistema de retroiluminaci\u00f3n LED y los acabados met\u00e1licos personalizables permiten al usuario adaptar la pieza a sus necesidades y preferencias espec\u00edficas.<\/p>","protected":false},"excerpt":{"rendered":"<p>Esta pieza tiene un dise\u00f1o sofisticado con elementos decorativos, una encimera de m\u00e1rmol incorporada y acabados met\u00e1licos personalizables.<\/p>\n<p>C\u00f3digo del producto: VL IPE-DT-01-LAFITTE<\/p>\n<p>OEM: Disponible<\/p>\n<p>Muestra: Disponible<\/p>\n<p>Puerto: Foshan, Guangzhou, Shenzhen<\/p>\n<p>Lugar de origen: China<\/p>\n<p>Env\u00edos: Support Express - Flete mar\u00edtimo - Flete terrestre - Flete a\u00e9reo<\/p>\n<p>Capacidad de suministro\uff1a1000 piezas al mes<\/p>","protected":false},"featured_media":16851,"comment_status":"open","ping_status":"closed","template":"","meta":[],"product_brand":[],"product_cat":[80],"product_tag":[],"class_list":{"0":"post-16849","1":"product","2":"type-product","3":"status-publish","4":"has-post-thumbnail","6":"product_cat-bedside-tables-and-dresser","8":"first","9":"instock","10":"shipping-taxable","11":"purchasable","12":"product-type-simple"},"_links":{"self":[{"href":"https:\/\/theelora.com\/es\/wp-json\/wp\/v2\/product\/16849","targetHints":{"allow":["GET"]}}],"collection":[{"href":"https:\/\/theelora.com\/es\/wp-json\/wp\/v2\/product"}],"about":[{"href":"https:\/\/theelora.com\/es\/wp-json\/wp\/v2\/types\/product"}],"replies":[{"embeddable":true,"href":"https:\/\/theelora.com\/es\/wp-json\/wp\/v2\/comments?post=16849"}],"version-history":[{"count":0,"href":"https:\/\/theelora.com\/es\/wp-json\/wp\/v2\/product\/16849\/revisions"}],"wp:featuredmedia":[{"embeddable":true,"href":"https:\/\/theelora.com\/es\/wp-json\/wp\/v2\/media\/16851"}],"wp:attachment":[{"href":"https:\/\/theelora.com\/es\/wp-json\/wp\/v2\/media?parent=16849"}],"wp:term":[{"taxonomy":"product_brand","embeddable":true,"href":"https:\/\/theelora.com\/es\/wp-json\/wp\/v2\/product_brand?post=16849"},{"taxonomy":"product_cat","embeddable":true,"href":"https:\/\/theelora.com\/es\/wp-json\/wp\/v2\/product_cat?post=16849"},{"taxonomy":"product_tag","embeddable":true,"href":"https:\/\/theelora.com\/es\/wp-json\/wp\/v2\/product_tag?post=16849"}],"curies":[{"name":"wp","href":"https:\/\/api.w.org\/{rel}","templated":true}]}}