{"id":16850,"date":"2023-11-10T11:02:59","date_gmt":"2023-11-10T11:02:59","guid":{"rendered":"https:\/\/theelora.com\/?post_type=product&#038;p=16850"},"modified":"2023-11-10T11:02:59","modified_gmt":"2023-11-10T11:02:59","slug":"luxurious-marble-top-long-mirror-dressing-table","status":"publish","type":"product","link":"https:\/\/theelora.com\/es\/producto\/luxurious-marble-top-long-mirror-dressing-table\/","title":{"rendered":"Lujoso Tocador con Espejo Largo y Tapa de M\u00e1rmol"},"content":{"rendered":"<p class=\"product-des\">Aqu\u00ed hemos creado una estaci\u00f3n de maquillaje con una base met\u00e1lica de doble anillo y un caj\u00f3n tapizado en suave piel. Est\u00e1 disponible en acabados brillante o mate y cuenta con detalles trabajados a mano para conseguir un efecto escult\u00f3rico \u00fanico.<\/p>\n<div class=\"productDetailBtn btn productContact\" data-toggle=\"modal\" data-pid=\"ece6a4cff92f4d4a86769eb1c8d62ed4\" data-picimg=\"https:\/\/shopic.mcmcclass.com\/20221120174448905947289.jpg\" data-picname=\"Wholesale High Quality Design Wooden Metal Frame Dressing Table\" data-picprice=\"USD 900.00 ~ USD 1,056.00\" data-target=\"#productModal\"><\/div>\n<div class=\"inquiryBasket\"><\/div>","protected":false},"excerpt":{"rendered":"<p>C\u00f3digo del producto: COCA-DR-01-NOVA<\/p>\n<p>OEM: Disponible<\/p>\n<p>Muestra: Disponible<\/p>\n<p>Puerto: Foshan, Guangzhou, Shenzhen<\/p>\n<p>Lugar de origen: China<\/p>\n<p>Env\u00edos: Support Express - Flete mar\u00edtimo - Flete terrestre - Flete a\u00e9reo<\/p>\n<p>Capacidad de suministro\uff1a1000 piezas al mes<\/p>","protected":false},"featured_media":16856,"comment_status":"open","ping_status":"closed","template":"","meta":[],"product_brand":[],"product_cat":[80],"product_tag":[],"class_list":{"0":"post-16850","1":"product","2":"type-product","3":"status-publish","4":"has-post-thumbnail","6":"product_cat-bedside-tables-and-dresser","8":"first","9":"instock","10":"shipping-taxable","11":"purchasable","12":"product-type-simple"},"_links":{"self":[{"href":"https:\/\/theelora.com\/es\/wp-json\/wp\/v2\/product\/16850","targetHints":{"allow":["GET"]}}],"collection":[{"href":"https:\/\/theelora.com\/es\/wp-json\/wp\/v2\/product"}],"about":[{"href":"https:\/\/theelora.com\/es\/wp-json\/wp\/v2\/types\/product"}],"replies":[{"embeddable":true,"href":"https:\/\/theelora.com\/es\/wp-json\/wp\/v2\/comments?post=16850"}],"version-history":[{"count":0,"href":"https:\/\/theelora.com\/es\/wp-json\/wp\/v2\/product\/16850\/revisions"}],"wp:featuredmedia":[{"embeddable":true,"href":"https:\/\/theelora.com\/es\/wp-json\/wp\/v2\/media\/16856"}],"wp:attachment":[{"href":"https:\/\/theelora.com\/es\/wp-json\/wp\/v2\/media?parent=16850"}],"wp:term":[{"taxonomy":"product_brand","embeddable":true,"href":"https:\/\/theelora.com\/es\/wp-json\/wp\/v2\/product_brand?post=16850"},{"taxonomy":"product_cat","embeddable":true,"href":"https:\/\/theelora.com\/es\/wp-json\/wp\/v2\/product_cat?post=16850"},{"taxonomy":"product_tag","embeddable":true,"href":"https:\/\/theelora.com\/es\/wp-json\/wp\/v2\/product_tag?post=16850"}],"curies":[{"name":"wp","href":"https:\/\/api.w.org\/{rel}","templated":true}]}}