{"id":16860,"date":"2023-11-10T11:15:21","date_gmt":"2023-11-10T11:15:21","guid":{"rendered":"https:\/\/theelora.com\/?post_type=product&#038;p=16860"},"modified":"2023-11-15T11:02:58","modified_gmt":"2023-11-15T11:02:58","slug":"elegant-vanity-dressing-table","status":"publish","type":"product","link":"https:\/\/theelora.com\/es\/producto\/elegant-vanity-dressing-table\/","title":{"rendered":"Tocador de tocador elegante"},"content":{"rendered":"<p>Este escritorio sofisticado y minimalista est\u00e1 dise\u00f1ado para la mujer. Presenta una estructura de madera lacada con acabado cepillado y pulido, y cuenta con detalles de acero latonado pulido, gris metalizado, Bronze Shadow, lat\u00f3n pulido o Palladium. El lado izquierdo del escritorio est\u00e1 forrado en piel. El escritorio tambi\u00e9n viene con un estante de cristal extraclaro en el compartimento abierto y un espejo biselado con marco de acero en acabado a juego. Este escritorio es el complemento perfecto para cualquier hogar u oficina con estilo.<\/p>","protected":false},"excerpt":{"rendered":"<p>Este escritorio minimalista viene con el lado izquierdo forrado en piel, un estante de cristal extraclaro y un espejo biselado con marco de acero a juego.<\/p>\n<p>C\u00f3digo del producto: DD-001<\/p>\n<p>OEM: Disponible<\/p>\n<p>Muestra: Disponible<\/p>\n<p>Puerto: Foshan, Guangzhou, Shenzhen<\/p>\n<p>Lugar de origen: China<\/p>\n<p>Env\u00edos: Support Express - Flete mar\u00edtimo - Flete terrestre - Flete a\u00e9reo<\/p>\n<p>Capacidad de suministro\uff1a1000 piezas al mes<\/p>\n<p>&nbsp;<\/p>","protected":false},"featured_media":17098,"comment_status":"open","ping_status":"closed","template":"","meta":[],"product_brand":[],"product_cat":[80],"product_tag":[],"class_list":{"0":"post-16860","1":"product","2":"type-product","3":"status-publish","4":"has-post-thumbnail","6":"product_cat-bedside-tables-and-dresser","8":"first","9":"instock","10":"shipping-taxable","11":"purchasable","12":"product-type-simple"},"_links":{"self":[{"href":"https:\/\/theelora.com\/es\/wp-json\/wp\/v2\/product\/16860","targetHints":{"allow":["GET"]}}],"collection":[{"href":"https:\/\/theelora.com\/es\/wp-json\/wp\/v2\/product"}],"about":[{"href":"https:\/\/theelora.com\/es\/wp-json\/wp\/v2\/types\/product"}],"replies":[{"embeddable":true,"href":"https:\/\/theelora.com\/es\/wp-json\/wp\/v2\/comments?post=16860"}],"version-history":[{"count":0,"href":"https:\/\/theelora.com\/es\/wp-json\/wp\/v2\/product\/16860\/revisions"}],"wp:featuredmedia":[{"embeddable":true,"href":"https:\/\/theelora.com\/es\/wp-json\/wp\/v2\/media\/17098"}],"wp:attachment":[{"href":"https:\/\/theelora.com\/es\/wp-json\/wp\/v2\/media?parent=16860"}],"wp:term":[{"taxonomy":"product_brand","embeddable":true,"href":"https:\/\/theelora.com\/es\/wp-json\/wp\/v2\/product_brand?post=16860"},{"taxonomy":"product_cat","embeddable":true,"href":"https:\/\/theelora.com\/es\/wp-json\/wp\/v2\/product_cat?post=16860"},{"taxonomy":"product_tag","embeddable":true,"href":"https:\/\/theelora.com\/es\/wp-json\/wp\/v2\/product_tag?post=16860"}],"curies":[{"name":"wp","href":"https:\/\/api.w.org\/{rel}","templated":true}]}}