{"id":17674,"date":"2025-09-10T07:23:20","date_gmt":"2025-09-10T06:23:20","guid":{"rendered":"https:\/\/theelora.com\/?post_type=product&#038;p=17674"},"modified":"2025-09-14T11:54:34","modified_gmt":"2025-09-14T10:54:34","slug":"1-6m-white-led-glass-display-cabinet","status":"publish","type":"product","link":"https:\/\/theelora.com\/es\/producto\/1-6m-white-led-glass-display-cabinet\/","title":{"rendered":"Vitrina LED blanca 1,6M"},"content":{"rendered":"<div data-elementor-type=\"product-post\" data-elementor-id=\"17674\" class=\"elementor elementor-17674\" data-elementor-post-type=\"product\">\n\t\t\t\t<div class=\"elementor-element elementor-element-97b66d6 e-grid e-con-boxed wd-section-disabled e-con e-parent\" data-id=\"97b66d6\" data-element_type=\"container\">\n\t\t\t\t\t<div class=\"e-con-inner\">\n\t\t\t\t<div class=\"elementor-element elementor-element-be069b4 elementor-widget elementor-widget-image\" data-id=\"be069b4\" data-element_type=\"widget\" data-widget_type=\"image.default\">\n\t\t\t\t<div class=\"elementor-widget-container\">\n\t\t\t\t\t\t\t\t\t\t\t\t\t\t\t<img fetchpriority=\"high\" decoding=\"async\" width=\"1300\" height=\"533\" src=\"https:\/\/theelora.com\/wp-content\/uploads\/2025\/09\/DC1-1-1300x533.jpg\" class=\"attachment-large size-large wp-image-18179\" alt=\"\" srcset=\"https:\/\/theelora.com\/wp-content\/uploads\/2025\/09\/DC1-1-1300x533.jpg 1300w, https:\/\/theelora.com\/wp-content\/uploads\/2025\/09\/DC1-1-400x164.jpg 400w, https:\/\/theelora.com\/wp-content\/uploads\/2025\/09\/DC1-1-768x315.jpg 768w, https:\/\/theelora.com\/wp-content\/uploads\/2025\/09\/DC1-1-18x7.jpg 18w, https:\/\/theelora.com\/wp-content\/uploads\/2025\/09\/DC1-1-700x287.jpg 700w, https:\/\/theelora.com\/wp-content\/uploads\/2025\/09\/DC1-1-150x61.jpg 150w, https:\/\/theelora.com\/wp-content\/uploads\/2025\/09\/DC1-1.jpg 1464w\" sizes=\"(max-width: 1300px) 100vw, 1300px\" \/>\t\t\t\t\t\t\t\t\t\t\t\t\t\t\t<\/div>\n\t\t\t\t<\/div>\n\t\t\t\t<div class=\"elementor-element elementor-element-23fd4bd elementor-widget elementor-widget-image\" data-id=\"23fd4bd\" data-element_type=\"widget\" data-widget_type=\"image.default\">\n\t\t\t\t<div class=\"elementor-widget-container\">\n\t\t\t\t\t\t\t\t\t\t\t\t\t\t\t<img decoding=\"async\" width=\"1300\" height=\"533\" src=\"https:\/\/theelora.com\/wp-content\/uploads\/2025\/09\/DC2-1-1300x533.jpg\" class=\"attachment-large size-large wp-image-18180\" alt=\"\" srcset=\"https:\/\/theelora.com\/wp-content\/uploads\/2025\/09\/DC2-1-1300x533.jpg 1300w, https:\/\/theelora.com\/wp-content\/uploads\/2025\/09\/DC2-1-400x164.jpg 400w, https:\/\/theelora.com\/wp-content\/uploads\/2025\/09\/DC2-1-768x315.jpg 768w, https:\/\/theelora.com\/wp-content\/uploads\/2025\/09\/DC2-1-18x7.jpg 18w, https:\/\/theelora.com\/wp-content\/uploads\/2025\/09\/DC2-1-700x287.jpg 700w, https:\/\/theelora.com\/wp-content\/uploads\/2025\/09\/DC2-1-150x61.jpg 150w, https:\/\/theelora.com\/wp-content\/uploads\/2025\/09\/DC2-1.jpg 1464w\" sizes=\"(max-width: 1300px) 100vw, 1300px\" \/>\t\t\t\t\t\t\t\t\t\t\t\t\t\t\t<\/div>\n\t\t\t\t<\/div>\n\t\t\t\t\t<\/div>\n\t\t\t\t<\/div>\n\t\t<div class=\"elementor-element elementor-element-a6159d2 e-grid e-con-boxed wd-section-disabled e-con e-parent\" data-id=\"a6159d2\" data-element_type=\"container\">\n\t\t\t\t\t<div class=\"e-con-inner\">\n\t\t\t\t<div class=\"elementor-element elementor-element-70eb9a3 elementor-widget elementor-widget-image\" data-id=\"70eb9a3\" data-element_type=\"widget\" data-widget_type=\"image.default\">\n\t\t\t\t<div class=\"elementor-widget-container\">\n\t\t\t\t\t\t\t\t\t\t\t\t\t\t\t<img decoding=\"async\" width=\"1300\" height=\"533\" src=\"https:\/\/theelora.com\/wp-content\/uploads\/2025\/09\/DC3-1-1300x533.jpg\" class=\"attachment-large size-large wp-image-18181\" alt=\"\" srcset=\"https:\/\/theelora.com\/wp-content\/uploads\/2025\/09\/DC3-1-1300x533.jpg 1300w, https:\/\/theelora.com\/wp-content\/uploads\/2025\/09\/DC3-1-400x164.jpg 400w, https:\/\/theelora.com\/wp-content\/uploads\/2025\/09\/DC3-1-768x315.jpg 768w, https:\/\/theelora.com\/wp-content\/uploads\/2025\/09\/DC3-1-18x7.jpg 18w, https:\/\/theelora.com\/wp-content\/uploads\/2025\/09\/DC3-1-700x287.jpg 700w, https:\/\/theelora.com\/wp-content\/uploads\/2025\/09\/DC3-1-150x61.jpg 150w, https:\/\/theelora.com\/wp-content\/uploads\/2025\/09\/DC3-1.jpg 1464w\" sizes=\"(max-width: 1300px) 100vw, 1300px\" \/>\t\t\t\t\t\t\t\t\t\t\t\t\t\t\t<\/div>\n\t\t\t\t<\/div>\n\t\t\t\t<div class=\"elementor-element elementor-element-8ac7dd0 elementor-widget elementor-widget-image\" data-id=\"8ac7dd0\" data-element_type=\"widget\" data-widget_type=\"image.default\">\n\t\t\t\t<div class=\"elementor-widget-container\">\n\t\t\t\t\t\t\t\t\t\t\t\t\t\t\t<img loading=\"lazy\" decoding=\"async\" width=\"1300\" height=\"533\" src=\"https:\/\/theelora.com\/wp-content\/uploads\/2025\/09\/Dc4-1-1300x533.jpg\" class=\"attachment-large size-large wp-image-18182\" alt=\"\" srcset=\"https:\/\/theelora.com\/wp-content\/uploads\/2025\/09\/Dc4-1-1300x533.jpg 1300w, https:\/\/theelora.com\/wp-content\/uploads\/2025\/09\/Dc4-1-400x164.jpg 400w, https:\/\/theelora.com\/wp-content\/uploads\/2025\/09\/Dc4-1-768x315.jpg 768w, https:\/\/theelora.com\/wp-content\/uploads\/2025\/09\/Dc4-1-18x7.jpg 18w, https:\/\/theelora.com\/wp-content\/uploads\/2025\/09\/Dc4-1-700x287.jpg 700w, https:\/\/theelora.com\/wp-content\/uploads\/2025\/09\/Dc4-1-150x61.jpg 150w, https:\/\/theelora.com\/wp-content\/uploads\/2025\/09\/Dc4-1.jpg 1464w\" sizes=\"(max-width: 1300px) 100vw, 1300px\" \/>\t\t\t\t\t\t\t\t\t\t\t\t\t\t\t<\/div>\n\t\t\t\t<\/div>\n\t\t\t\t<div class=\"elementor-element elementor-element-6d7571c elementor-widget elementor-widget-image\" data-id=\"6d7571c\" data-element_type=\"widget\" data-widget_type=\"image.default\">\n\t\t\t\t<div class=\"elementor-widget-container\">\n\t\t\t\t\t\t\t\t\t\t\t\t\t\t\t<img loading=\"lazy\" decoding=\"async\" width=\"1300\" height=\"533\" src=\"https:\/\/theelora.com\/wp-content\/uploads\/2025\/09\/DC5-1-1300x533.jpg\" class=\"attachment-large size-large wp-image-18183\" alt=\"\" srcset=\"https:\/\/theelora.com\/wp-content\/uploads\/2025\/09\/DC5-1-1300x533.jpg 1300w, https:\/\/theelora.com\/wp-content\/uploads\/2025\/09\/DC5-1-400x164.jpg 400w, https:\/\/theelora.com\/wp-content\/uploads\/2025\/09\/DC5-1-768x315.jpg 768w, https:\/\/theelora.com\/wp-content\/uploads\/2025\/09\/DC5-1-18x7.jpg 18w, https:\/\/theelora.com\/wp-content\/uploads\/2025\/09\/DC5-1-700x287.jpg 700w, https:\/\/theelora.com\/wp-content\/uploads\/2025\/09\/DC5-1-150x61.jpg 150w, https:\/\/theelora.com\/wp-content\/uploads\/2025\/09\/DC5-1.jpg 1464w\" sizes=\"(max-width: 1300px) 100vw, 1300px\" \/>\t\t\t\t\t\t\t\t\t\t\t\t\t\t\t<\/div>\n\t\t\t\t<\/div>\n\t\t\t\t\t<\/div>\n\t\t\t\t<\/div>\n\t\t<div class=\"elementor-element elementor-element-4b9fd27e e-flex e-con-boxed wd-section-disabled e-con e-parent\" data-id=\"4b9fd27e\" data-element_type=\"container\">\n\t\t\t\t\t<div class=\"e-con-inner\">\n\t\t\t\t<div class=\"elementor-element elementor-element-3d6220d color-scheme-inherit text-left elementor-widget elementor-widget-text-editor\" data-id=\"3d6220d\" data-element_type=\"widget\" data-widget_type=\"text-editor.default\">\n\t\t\t\t<div class=\"elementor-widget-container\">\n\t\t\t\t\t\t\t\t\t<h3><strong>Descripci\u00f3n:<\/strong><\/h3>\r\nEleva tu espacio con un toque de elegancia contempor\u00e1nea gracias a esta bonita vitrina de cristal. La suave iluminaci\u00f3n LED proyecta un c\u00e1lido y acogedor resplandor, destacando suavemente sus piezas m\u00e1s preciadas, ya sean recuerdos o decoraci\u00f3n. Con elegantes paneles de cristal y l\u00edneas limpias y modernas, est\u00e1 dise\u00f1ada para integrarse a la perfecci\u00f3n en cualquier habitaci\u00f3n. Elegante y pr\u00e1ctico, este armario convierte el almacenamiento diario en un elemento destacado.\r\n<h3><strong>Caracter\u00edsticas principales:<\/strong><\/h3>\r\n<ul>\r\n \t<li aria-level=\"1\">Fabricado en MDF de 15 mm con acabado brillante<\/li>\r\n \t<li aria-level=\"1\">Incluye una puerta acr\u00edlica y tres estantes de cristal de 5 mm<\/li>\r\n \t<li aria-level=\"1\">Resistente a la humedad, estable y f\u00e1cil de limpiar<\/li>\r\n \t<li aria-level=\"1\">Iluminaci\u00f3n LED por control remoto con colores personalizables<\/li>\r\n \t<li aria-level=\"1\">Elegantes asas plateadas para un aspecto refinado<\/li>\r\n \t<li aria-level=\"1\">Adecuado como librer\u00eda, aparador o mueble de almacenamiento<\/li>\r\n \t<li aria-level=\"1\">Cada balda soporta entre 5 y 8 kg, la base soporta hasta 25 kg<\/li>\r\n \t<li aria-level=\"1\">Ideal para salones, dormitorios, despachos o comedores<\/li>\r\n \t<li aria-level=\"1\">Perfecto para exponer objetos de colecci\u00f3n, plantas o vajilla<\/li>\r\n \t<li aria-level=\"1\">Medidas 160x60x42 cm, con f\u00e1cil automontaje e instrucciones claras<\/li>\r\n<\/ul>\r\n<h3><strong>C\u00f3mo utilizarlo<\/strong><\/h3>\r\nAprovecha al m\u00e1ximo esos espacios que a menudo se pasan por alto, ya sea un rinc\u00f3n tranquilo del sal\u00f3n, la pared del comedor o ese tramo vac\u00edo del pasillo. Esta vitrina alta encaja a la perfecci\u00f3n, mostrando tus objetos favoritos sin ocupar demasiado espacio. Piensa en recuerdos especiales, cristaler\u00eda con estilo o peque\u00f1os hallazgos que merecen ser el centro de atenci\u00f3n. Su forma estilizada y vertical aporta la dosis justa de elegancia: llama la atenci\u00f3n pero no resulta recargada. Es una forma sencilla de convertir el almacenaje en algo un poco m\u00e1s especial.\r\n<h3><strong>Por qu\u00e9 elegir nuestra vitrina alta de cristal<\/strong><\/h3>\r\nEsto no es s\u00f3lo un armario, es su foco de atenci\u00f3n personal. Con iluminaci\u00f3n integrada y elegantes paneles de cristal, deja que brillen tus objetos favoritos, desde los recuerdos familiares hasta ese jarr\u00f3n que compraste en vacaciones. El suave resplandor a\u00f1ade calidez, convirtiendo tu expositor en un peque\u00f1o y silencioso centro de atenci\u00f3n. Es elegante, pr\u00e1ctico y le da a tu espacio un toque extra de brillo, como un toque final que une toda la habitaci\u00f3n.\t\t\t\t\t\t\t\t<\/div>\n\t\t\t\t<\/div>\n\t\t\t\t\t<\/div>\n\t\t\t\t<\/div>\n\t\t\t\t<\/div>","protected":false},"excerpt":{"rendered":"<ul class=\"a-unordered-list a-vertical a-spacing-mini\">\n<li class=\"a-spacing-mini\">\u3010PREMIUM QUALITY MATERIALS\u3011Fabricada en MDF de 15 mm con un elegante acabado de alto brillo, esta vitrina de cristal cuenta con 1 puerta acr\u00edlica, tres estantes de cristal de 5 mm. Dise\u00f1ado para ser resistente a la humedad, estable y f\u00e1cil de limpiar, esta vitrina alta garantiza una larga durabilidad.<\/li>\n<li class=\"a-spacing-mini\">\u3010DISE\u00d1O MODERNO CON LUCES LED\u3011Con una elegante puerta acr\u00edlica, esta vitrina blanca aporta un toque sofisticado a cualquier espacio. La iluminaci\u00f3n LED con control remoto le permite personalizar la pantalla de color, mientras que las lujosas asas de plata realzan el aspecto elegante. Perfecta como librer\u00eda, aparador o armario de almacenamiento.<\/li>\n<li class=\"a-spacing-mini\">\u3010AlMACENAMIENTO ESPACIOSO Y PR\u00c1CTICO\u3011Con tres estantes de cristal, esta vitrina con puertas de cristal proporciona un amplio espacio para mostrar sus objetos de colecci\u00f3n, libros, recuerdos o trofeos. Cada estante soporta 5-8 kg, y el peso recomendado de la placa base es de 25 kg - por lo que es perfecto para varios art\u00edculos de exhibici\u00f3n.<\/li>\n<li class=\"a-spacing-mini\">\u3010PERFECTO PARA CUALQUIER ESPACIO\u3011Esta vitrina es ideal para salas de estar, dormitorios, oficinas y comedores. Se destaca muy bien sus marcos de fotos, figuras, plantas en macetas, y delicada vajilla, por lo que es el gabinete de trofeo perfecto o vitrinas para objetos de colecci\u00f3n.<\/li>\n<li class=\"a-spacing-mini\">\u3010F\u00c1CIL DE MONTAR\u3011Dise\u00f1ado para la conveniencia, este gabinete de exhibici\u00f3n de acr\u00edlico que mide 160x60x42 cm - viene con piezas etiquetadas y un manual de instrucciones detallado para una configuraci\u00f3n sin complicaciones, lo que le permite disfrutar de su nuevo gabinete ahorr\u00e1ndole tiempo y esfuerzo. Es necesario el automontaje.<\/li>\n<\/ul>","protected":false},"featured_media":17675,"comment_status":"open","ping_status":"closed","template":"","meta":[],"product_brand":[],"product_cat":[78],"product_tag":[],"class_list":{"0":"post-17674","1":"product","2":"type-product","3":"status-publish","4":"has-post-thumbnail","6":"product_cat-cabinet","8":"first","9":"instock","10":"shipping-taxable","11":"purchasable","12":"product-type-simple"},"_links":{"self":[{"href":"https:\/\/theelora.com\/es\/wp-json\/wp\/v2\/product\/17674","targetHints":{"allow":["GET"]}}],"collection":[{"href":"https:\/\/theelora.com\/es\/wp-json\/wp\/v2\/product"}],"about":[{"href":"https:\/\/theelora.com\/es\/wp-json\/wp\/v2\/types\/product"}],"replies":[{"embeddable":true,"href":"https:\/\/theelora.com\/es\/wp-json\/wp\/v2\/comments?post=17674"}],"version-history":[{"count":5,"href":"https:\/\/theelora.com\/es\/wp-json\/wp\/v2\/product\/17674\/revisions"}],"predecessor-version":[{"id":18187,"href":"https:\/\/theelora.com\/es\/wp-json\/wp\/v2\/product\/17674\/revisions\/18187"}],"wp:featuredmedia":[{"embeddable":true,"href":"https:\/\/theelora.com\/es\/wp-json\/wp\/v2\/media\/17675"}],"wp:attachment":[{"href":"https:\/\/theelora.com\/es\/wp-json\/wp\/v2\/media?parent=17674"}],"wp:term":[{"taxonomy":"product_brand","embeddable":true,"href":"https:\/\/theelora.com\/es\/wp-json\/wp\/v2\/product_brand?post=17674"},{"taxonomy":"product_cat","embeddable":true,"href":"https:\/\/theelora.com\/es\/wp-json\/wp\/v2\/product_cat?post=17674"},{"taxonomy":"product_tag","embeddable":true,"href":"https:\/\/theelora.com\/es\/wp-json\/wp\/v2\/product_tag?post=17674"}],"curies":[{"name":"wp","href":"https:\/\/api.w.org\/{rel}","templated":true}]}}