{"id":17690,"date":"2025-09-10T07:51:29","date_gmt":"2025-09-10T06:51:29","guid":{"rendered":"https:\/\/theelora.com\/?post_type=product&#038;p=17690"},"modified":"2025-09-15T10:00:48","modified_gmt":"2025-09-15T09:00:48","slug":"black-console-table","status":"publish","type":"product","link":"https:\/\/theelora.com\/es\/producto\/black-console-table\/","title":{"rendered":"Consola negra"},"content":{"rendered":"<div data-elementor-type=\"product-post\" data-elementor-id=\"17690\" class=\"elementor elementor-17690\" data-elementor-post-type=\"product\">\n\t\t\t\t<div class=\"elementor-element elementor-element-669341c e-grid e-con-boxed wd-section-disabled e-con e-parent\" data-id=\"669341c\" data-element_type=\"container\">\n\t\t\t\t\t<div class=\"e-con-inner\">\n\t\t\t\t<div class=\"elementor-element elementor-element-8e49978 elementor-widget elementor-widget-image\" data-id=\"8e49978\" data-element_type=\"widget\" data-widget_type=\"image.default\">\n\t\t\t\t<div class=\"elementor-widget-container\">\n\t\t\t\t\t\t\t\t\t\t\t\t\t\t\t<img fetchpriority=\"high\" decoding=\"async\" width=\"1300\" height=\"533\" src=\"https:\/\/theelora.com\/wp-content\/uploads\/2025\/09\/C4-3-1300x533.jpg\" class=\"attachment-large size-large wp-image-18273\" alt=\"\" srcset=\"https:\/\/theelora.com\/wp-content\/uploads\/2025\/09\/C4-3-1300x533.jpg 1300w, https:\/\/theelora.com\/wp-content\/uploads\/2025\/09\/C4-3-400x164.jpg 400w, https:\/\/theelora.com\/wp-content\/uploads\/2025\/09\/C4-3-768x315.jpg 768w, https:\/\/theelora.com\/wp-content\/uploads\/2025\/09\/C4-3-18x7.jpg 18w, https:\/\/theelora.com\/wp-content\/uploads\/2025\/09\/C4-3-700x287.jpg 700w, https:\/\/theelora.com\/wp-content\/uploads\/2025\/09\/C4-3-150x61.jpg 150w, https:\/\/theelora.com\/wp-content\/uploads\/2025\/09\/C4-3.jpg 1464w\" sizes=\"(max-width: 1300px) 100vw, 1300px\" \/>\t\t\t\t\t\t\t\t\t\t\t\t\t\t\t<\/div>\n\t\t\t\t<\/div>\n\t\t\t\t<div class=\"elementor-element elementor-element-fc7868d elementor-widget elementor-widget-image\" data-id=\"fc7868d\" data-element_type=\"widget\" data-widget_type=\"image.default\">\n\t\t\t\t<div class=\"elementor-widget-container\">\n\t\t\t\t\t\t\t\t\t\t\t\t\t\t\t<img decoding=\"async\" width=\"1300\" height=\"533\" src=\"https:\/\/theelora.com\/wp-content\/uploads\/2025\/09\/C1-3-1300x533.jpg\" class=\"attachment-large size-large wp-image-18274\" alt=\"\" srcset=\"https:\/\/theelora.com\/wp-content\/uploads\/2025\/09\/C1-3-1300x533.jpg 1300w, https:\/\/theelora.com\/wp-content\/uploads\/2025\/09\/C1-3-400x164.jpg 400w, https:\/\/theelora.com\/wp-content\/uploads\/2025\/09\/C1-3-768x315.jpg 768w, https:\/\/theelora.com\/wp-content\/uploads\/2025\/09\/C1-3-18x7.jpg 18w, https:\/\/theelora.com\/wp-content\/uploads\/2025\/09\/C1-3-700x287.jpg 700w, https:\/\/theelora.com\/wp-content\/uploads\/2025\/09\/C1-3-150x61.jpg 150w, https:\/\/theelora.com\/wp-content\/uploads\/2025\/09\/C1-3.jpg 1464w\" sizes=\"(max-width: 1300px) 100vw, 1300px\" \/>\t\t\t\t\t\t\t\t\t\t\t\t\t\t\t<\/div>\n\t\t\t\t<\/div>\n\t\t\t\t\t<\/div>\n\t\t\t\t<\/div>\n\t\t<div class=\"elementor-element elementor-element-93621e2 e-grid e-con-boxed wd-section-disabled e-con e-parent\" data-id=\"93621e2\" data-element_type=\"container\">\n\t\t\t\t\t<div class=\"e-con-inner\">\n\t\t\t\t<div class=\"elementor-element elementor-element-3fcb538 elementor-widget elementor-widget-image\" data-id=\"3fcb538\" data-element_type=\"widget\" data-widget_type=\"image.default\">\n\t\t\t\t<div class=\"elementor-widget-container\">\n\t\t\t\t\t\t\t\t\t\t\t\t\t\t\t<img decoding=\"async\" width=\"1300\" height=\"533\" src=\"https:\/\/theelora.com\/wp-content\/uploads\/2025\/09\/C2-3-1300x533.jpg\" class=\"attachment-large size-large wp-image-18275\" alt=\"\" srcset=\"https:\/\/theelora.com\/wp-content\/uploads\/2025\/09\/C2-3-1300x533.jpg 1300w, https:\/\/theelora.com\/wp-content\/uploads\/2025\/09\/C2-3-400x164.jpg 400w, https:\/\/theelora.com\/wp-content\/uploads\/2025\/09\/C2-3-768x315.jpg 768w, https:\/\/theelora.com\/wp-content\/uploads\/2025\/09\/C2-3-18x7.jpg 18w, https:\/\/theelora.com\/wp-content\/uploads\/2025\/09\/C2-3-700x287.jpg 700w, https:\/\/theelora.com\/wp-content\/uploads\/2025\/09\/C2-3-150x61.jpg 150w, https:\/\/theelora.com\/wp-content\/uploads\/2025\/09\/C2-3.jpg 1464w\" sizes=\"(max-width: 1300px) 100vw, 1300px\" \/>\t\t\t\t\t\t\t\t\t\t\t\t\t\t\t<\/div>\n\t\t\t\t<\/div>\n\t\t\t\t<div class=\"elementor-element elementor-element-0ec679d elementor-widget elementor-widget-image\" data-id=\"0ec679d\" data-element_type=\"widget\" data-widget_type=\"image.default\">\n\t\t\t\t<div class=\"elementor-widget-container\">\n\t\t\t\t\t\t\t\t\t\t\t\t\t\t\t<img loading=\"lazy\" decoding=\"async\" width=\"1300\" height=\"533\" src=\"https:\/\/theelora.com\/wp-content\/uploads\/2025\/09\/C3-3-1300x533.jpg\" class=\"attachment-large size-large wp-image-18276\" alt=\"\" srcset=\"https:\/\/theelora.com\/wp-content\/uploads\/2025\/09\/C3-3-1300x533.jpg 1300w, https:\/\/theelora.com\/wp-content\/uploads\/2025\/09\/C3-3-400x164.jpg 400w, https:\/\/theelora.com\/wp-content\/uploads\/2025\/09\/C3-3-768x315.jpg 768w, https:\/\/theelora.com\/wp-content\/uploads\/2025\/09\/C3-3-18x7.jpg 18w, https:\/\/theelora.com\/wp-content\/uploads\/2025\/09\/C3-3-700x287.jpg 700w, https:\/\/theelora.com\/wp-content\/uploads\/2025\/09\/C3-3-150x61.jpg 150w, https:\/\/theelora.com\/wp-content\/uploads\/2025\/09\/C3-3.jpg 1464w\" sizes=\"(max-width: 1300px) 100vw, 1300px\" \/>\t\t\t\t\t\t\t\t\t\t\t\t\t\t\t<\/div>\n\t\t\t\t<\/div>\n\t\t\t\t<div class=\"elementor-element elementor-element-91a12ac elementor-widget elementor-widget-image\" data-id=\"91a12ac\" data-element_type=\"widget\" data-widget_type=\"image.default\">\n\t\t\t\t<div class=\"elementor-widget-container\">\n\t\t\t\t\t\t\t\t\t\t\t\t\t\t\t<img loading=\"lazy\" decoding=\"async\" width=\"1300\" height=\"533\" src=\"https:\/\/theelora.com\/wp-content\/uploads\/2025\/09\/C5-3-1300x533.jpg\" class=\"attachment-large size-large wp-image-18277\" alt=\"\" srcset=\"https:\/\/theelora.com\/wp-content\/uploads\/2025\/09\/C5-3-1300x533.jpg 1300w, https:\/\/theelora.com\/wp-content\/uploads\/2025\/09\/C5-3-400x164.jpg 400w, https:\/\/theelora.com\/wp-content\/uploads\/2025\/09\/C5-3-768x315.jpg 768w, https:\/\/theelora.com\/wp-content\/uploads\/2025\/09\/C5-3-18x7.jpg 18w, https:\/\/theelora.com\/wp-content\/uploads\/2025\/09\/C5-3-700x287.jpg 700w, https:\/\/theelora.com\/wp-content\/uploads\/2025\/09\/C5-3-150x61.jpg 150w, https:\/\/theelora.com\/wp-content\/uploads\/2025\/09\/C5-3.jpg 1464w\" sizes=\"(max-width: 1300px) 100vw, 1300px\" \/>\t\t\t\t\t\t\t\t\t\t\t\t\t\t\t<\/div>\n\t\t\t\t<\/div>\n\t\t\t\t\t<\/div>\n\t\t\t\t<\/div>\n\t\t<div class=\"elementor-element elementor-element-14d4fde2 e-flex e-con-boxed wd-section-disabled e-con e-parent\" data-id=\"14d4fde2\" data-element_type=\"container\">\n\t\t\t\t\t<div class=\"e-con-inner\">\n\t\t\t\t<div class=\"elementor-element elementor-element-696d9e84 color-scheme-inherit text-left elementor-widget elementor-widget-text-editor\" data-id=\"696d9e84\" data-element_type=\"widget\" data-widget_type=\"text-editor.default\">\n\t\t\t\t<div class=\"elementor-widget-container\">\n\t\t\t\t\t\t\t\t\t<h3><strong>Descripci\u00f3n:<\/strong><\/h3>\nEsta mesa de recibidor ofrece la combinaci\u00f3n perfecta de estilo y funcionalidad. Con su delgado dise\u00f1o, se adapta sin esfuerzo a espacios m\u00e1s peque\u00f1os, por lo que es ideal para pasillos estrechos. Los dos cajones y el espacioso estante inferior proporcionan un pr\u00e1ctico almacenamiento para objetos esenciales como llaves, correo u objetos decorativos, mientras que la robusta construcci\u00f3n garantiza una durabilidad duradera. Ya sea para organizar o para a\u00f1adir un toque de elegancia, esta mesa de recibidor aporta funcionalidad y encanto a cualquier hogar.\n<h3><strong>Caracter\u00edsticas principales:<\/strong><\/h3>\n<ul>\n \t<li aria-level=\"1\">Dos cajones y un gran estante abierto para almacenamiento y exposici\u00f3n<\/li>\n \t<li aria-level=\"1\">Tama\u00f1o compacto (34 x 100 x 77 cm) ideal para espacios estrechos<\/li>\n \t<li aria-level=\"1\">Fabricado con tableros de part\u00edculas duraderos y estructura met\u00e1lica<\/li>\n \t<li aria-level=\"1\">Pies ajustables para mayor estabilidad en suelos irregulares<\/li>\n \t<li aria-level=\"1\">Superficie lisa e impermeable para facilitar la limpieza<\/li>\n \t<li aria-level=\"1\">Dise\u00f1o industrial con metal negro y tonos de madera r\u00fastica<\/li>\n \t<li aria-level=\"1\">Adecuado para pasillos, entradas y salones<\/li>\n \t<li aria-level=\"1\">Incluye instrucciones claras para facilitar el montaje<\/li>\n<\/ul>\n<h3><strong>C\u00f3mo utilizarlo<\/strong><\/h3>\nPara utilizar esta moderna consola, basta con colocarla en el pasillo, la entrada o el sal\u00f3n para crear un espacio elegante y funcional. Los dos cajones ofrecen un pr\u00e1ctico espacio de almacenamiento para los objetos de uso diario, como las llaves o el correo, mientras que el estante abierto es perfecto para exponer objetos decorativos. Su tama\u00f1o compacto la hace ideal para espacios peque\u00f1os, asegurando que pueda disfrutar tanto de la practicidad como de un aspecto contempor\u00e1neo en su hogar. La moderna consola realza sin esfuerzo cualquier habitaci\u00f3n con su elegante dise\u00f1o.\n<h3><strong>\u00bfPor qu\u00e9 elegir nuestra mesa consola?<\/strong><\/h3>\nElegir esta mesa consola es una decisi\u00f3n f\u00e1cil si busca un complemento elegante y pr\u00e1ctico para su hogar. Su elegante dise\u00f1o encaja a la perfecci\u00f3n en cualquier recibidor o sal\u00f3n, aportando elegancia y funcionalidad. Con sus amplios cajones y estante abierto, esta consola proporciona un amplio almacenamiento para todo, desde llaves a piezas decorativas. Su robusta construcci\u00f3n garantiza una larga durabilidad, mientras que la est\u00e9tica moderna aporta un toque sofisticado a su espacio. Es la combinaci\u00f3n perfecta de forma y funci\u00f3n.\t\t\t\t\t\t\t\t<\/div>\n\t\t\t\t<\/div>\n\t\t\t\t\t<\/div>\n\t\t\t\t<\/div>\n\t\t\t\t<\/div>","protected":false},"excerpt":{"rendered":"<ul class=\"a-unordered-list a-vertical a-spacing-mini\">\n<li class=\"a-spacing-mini\">\u3010VERS\u00c1TIL ALMACENAMIENTO CON CAJONES Y ESTANTES\u3011Esta esbelta consola para recibidor ofrece una combinaci\u00f3n perfecta de espacio de almacenamiento y exposici\u00f3n. Con dos cajones y un gran estante abierto, proporciona una soluci\u00f3n pr\u00e1ctica para organizar elementos esenciales como llaves, correo u objetos decorativos.<\/li>\n<li class=\"a-spacing-mini\">\u3010DISE\u00d1O COMPACTO PARA ESPACIOS PEQUE\u00d1OS\u3011Con unas medidas de 34 x 100 x 77 cm (largo x ancho x alto), esta consola con cajones encaja perfectamente en espacios estrechos, por lo que es ideal para pasillos, entradas o junto a un radiador. Su tama\u00f1o compacto garantiza la funcionalidad sin ocupar demasiado espacio.<\/li>\n<li class=\"a-spacing-mini\">\u3010FABRICACI\u00d3N S\u00d3LIDA Y ESTABLE\u3011Fabricada con tableros de part\u00edculas de alta calidad y una robusta estructura de metal, esta consola negra est\u00e1 hecha para durar y utilizarse a diario. Los pies ajustables a\u00f1aden estabilidad adicional, asegurando una experiencia libre de tambaleo en suelos irregulares. La superficie lisa y resistente al agua hace que la limpieza sea f\u00e1cil, manteni\u00e9ndola como nueva.<\/li>\n<li class=\"a-spacing-mini\">Una combinaci\u00f3n de metal negro y tonos de madera r\u00fastica da a esta mesa de recibidor una est\u00e9tica industrial chic. La mezcla de elementos modernos y vintage crea un toque c\u00e1lido y sofisticado para su espacio de vida. Ya sea colocado en una entrada, pasillo o sala de estar, a\u00f1ade encanto y funcionalidad.<\/li>\n<li class=\"a-spacing-mini\">\u3010HASSLE-FREE ASSEMBLY\u3011Esta mesa auxiliar viene con todos los accesorios necesarios y un manual de instrucciones paso a paso. Siga la gu\u00eda simple para una configuraci\u00f3n r\u00e1pida y f\u00e1cil, para que pueda disfrutar de su mesa de radiador en poco tiempo. No necesita herramientas complejas, solo siga las instrucciones y tendr\u00e1 listo su nuevo mueble sin esfuerzo.<\/li>\n<\/ul>","protected":false},"featured_media":17691,"comment_status":"open","ping_status":"closed","template":"","meta":[],"product_brand":[],"product_cat":[80,138],"product_tag":[],"class_list":{"0":"post-17690","1":"product","2":"type-product","3":"status-publish","4":"has-post-thumbnail","6":"product_cat-bedside-tables-and-dresser","7":"product_cat-console-table","9":"first","10":"instock","11":"shipping-taxable","12":"purchasable","13":"product-type-simple"},"_links":{"self":[{"href":"https:\/\/theelora.com\/es\/wp-json\/wp\/v2\/product\/17690","targetHints":{"allow":["GET"]}}],"collection":[{"href":"https:\/\/theelora.com\/es\/wp-json\/wp\/v2\/product"}],"about":[{"href":"https:\/\/theelora.com\/es\/wp-json\/wp\/v2\/types\/product"}],"replies":[{"embeddable":true,"href":"https:\/\/theelora.com\/es\/wp-json\/wp\/v2\/comments?post=17690"}],"version-history":[{"count":5,"href":"https:\/\/theelora.com\/es\/wp-json\/wp\/v2\/product\/17690\/revisions"}],"predecessor-version":[{"id":18281,"href":"https:\/\/theelora.com\/es\/wp-json\/wp\/v2\/product\/17690\/revisions\/18281"}],"wp:featuredmedia":[{"embeddable":true,"href":"https:\/\/theelora.com\/es\/wp-json\/wp\/v2\/media\/17691"}],"wp:attachment":[{"href":"https:\/\/theelora.com\/es\/wp-json\/wp\/v2\/media?parent=17690"}],"wp:term":[{"taxonomy":"product_brand","embeddable":true,"href":"https:\/\/theelora.com\/es\/wp-json\/wp\/v2\/product_brand?post=17690"},{"taxonomy":"product_cat","embeddable":true,"href":"https:\/\/theelora.com\/es\/wp-json\/wp\/v2\/product_cat?post=17690"},{"taxonomy":"product_tag","embeddable":true,"href":"https:\/\/theelora.com\/es\/wp-json\/wp\/v2\/product_tag?post=17690"}],"curies":[{"name":"wp","href":"https:\/\/api.w.org\/{rel}","templated":true}]}}