{"id":17697,"date":"2025-09-10T07:59:49","date_gmt":"2025-09-10T06:59:49","guid":{"rendered":"https:\/\/theelora.com\/?post_type=product&#038;p=17697"},"modified":"2025-09-14T10:28:26","modified_gmt":"2025-09-14T09:28:26","slug":"black-dressing-table","status":"publish","type":"product","link":"https:\/\/theelora.com\/es\/producto\/black-dressing-table\/","title":{"rendered":"Tocador negro"},"content":{"rendered":"<div data-elementor-type=\"product-post\" data-elementor-id=\"17697\" class=\"elementor elementor-17697\" data-elementor-post-type=\"product\">\n\t\t\t\t<div class=\"elementor-element elementor-element-1dbee69 e-flex e-con-boxed wd-section-disabled e-con e-parent\" data-id=\"1dbee69\" data-element_type=\"container\">\n\t\t\t\t\t<div class=\"e-con-inner\">\n\t\t\t\t<div class=\"elementor-element elementor-element-06c2b5d elementor-widget elementor-widget-image\" data-id=\"06c2b5d\" data-element_type=\"widget\" data-widget_type=\"image.default\">\n\t\t\t\t<div class=\"elementor-widget-container\">\n\t\t\t\t\t\t\t\t\t\t\t\t\t\t\t<img fetchpriority=\"high\" decoding=\"async\" width=\"1300\" height=\"533\" src=\"https:\/\/theelora.com\/wp-content\/uploads\/2025\/09\/W1-1300x533.jpg\" class=\"attachment-large size-large wp-image-18087\" alt=\"\" srcset=\"https:\/\/theelora.com\/wp-content\/uploads\/2025\/09\/W1-1300x533.jpg 1300w, https:\/\/theelora.com\/wp-content\/uploads\/2025\/09\/W1-400x164.jpg 400w, https:\/\/theelora.com\/wp-content\/uploads\/2025\/09\/W1-768x315.jpg 768w, https:\/\/theelora.com\/wp-content\/uploads\/2025\/09\/W1-18x7.jpg 18w, https:\/\/theelora.com\/wp-content\/uploads\/2025\/09\/W1-700x287.jpg 700w, https:\/\/theelora.com\/wp-content\/uploads\/2025\/09\/W1-150x61.jpg 150w, https:\/\/theelora.com\/wp-content\/uploads\/2025\/09\/W1.jpg 1464w\" sizes=\"(max-width: 1300px) 100vw, 1300px\" \/>\t\t\t\t\t\t\t\t\t\t\t\t\t\t\t<\/div>\n\t\t\t\t<\/div>\n\t\t\t\t\t<\/div>\n\t\t\t\t<\/div>\n\t\t<div class=\"elementor-element elementor-element-9a6948d e-grid e-con-boxed wd-section-disabled e-con e-parent\" data-id=\"9a6948d\" data-element_type=\"container\">\n\t\t\t\t\t<div class=\"e-con-inner\">\n\t\t\t\t<div class=\"elementor-element elementor-element-927dc37 elementor-widget elementor-widget-image\" data-id=\"927dc37\" data-element_type=\"widget\" data-widget_type=\"image.default\">\n\t\t\t\t<div class=\"elementor-widget-container\">\n\t\t\t\t\t\t\t\t\t\t\t\t\t\t\t<img decoding=\"async\" width=\"1300\" height=\"533\" src=\"https:\/\/theelora.com\/wp-content\/uploads\/2025\/09\/W2-1300x533.jpg\" class=\"attachment-large size-large wp-image-18088\" alt=\"\" srcset=\"https:\/\/theelora.com\/wp-content\/uploads\/2025\/09\/W2-1300x533.jpg 1300w, https:\/\/theelora.com\/wp-content\/uploads\/2025\/09\/W2-400x164.jpg 400w, https:\/\/theelora.com\/wp-content\/uploads\/2025\/09\/W2-768x315.jpg 768w, https:\/\/theelora.com\/wp-content\/uploads\/2025\/09\/W2-18x7.jpg 18w, https:\/\/theelora.com\/wp-content\/uploads\/2025\/09\/W2-700x287.jpg 700w, https:\/\/theelora.com\/wp-content\/uploads\/2025\/09\/W2-150x61.jpg 150w, https:\/\/theelora.com\/wp-content\/uploads\/2025\/09\/W2.jpg 1464w\" sizes=\"(max-width: 1300px) 100vw, 1300px\" \/>\t\t\t\t\t\t\t\t\t\t\t\t\t\t\t<\/div>\n\t\t\t\t<\/div>\n\t\t\t\t<div class=\"elementor-element elementor-element-bd17aa3 elementor-widget elementor-widget-image\" data-id=\"bd17aa3\" data-element_type=\"widget\" data-widget_type=\"image.default\">\n\t\t\t\t<div class=\"elementor-widget-container\">\n\t\t\t\t\t\t\t\t\t\t\t\t\t\t\t<img decoding=\"async\" width=\"1300\" height=\"533\" src=\"https:\/\/theelora.com\/wp-content\/uploads\/2025\/09\/W3-1300x533.jpg\" class=\"attachment-large size-large wp-image-18089\" alt=\"\" srcset=\"https:\/\/theelora.com\/wp-content\/uploads\/2025\/09\/W3-1300x533.jpg 1300w, https:\/\/theelora.com\/wp-content\/uploads\/2025\/09\/W3-400x164.jpg 400w, https:\/\/theelora.com\/wp-content\/uploads\/2025\/09\/W3-768x315.jpg 768w, https:\/\/theelora.com\/wp-content\/uploads\/2025\/09\/W3-18x7.jpg 18w, https:\/\/theelora.com\/wp-content\/uploads\/2025\/09\/W3-700x287.jpg 700w, https:\/\/theelora.com\/wp-content\/uploads\/2025\/09\/W3-150x61.jpg 150w, https:\/\/theelora.com\/wp-content\/uploads\/2025\/09\/W3.jpg 1464w\" sizes=\"(max-width: 1300px) 100vw, 1300px\" \/>\t\t\t\t\t\t\t\t\t\t\t\t\t\t\t<\/div>\n\t\t\t\t<\/div>\n\t\t\t\t<div class=\"elementor-element elementor-element-9e41fb5 elementor-widget elementor-widget-image\" data-id=\"9e41fb5\" data-element_type=\"widget\" data-widget_type=\"image.default\">\n\t\t\t\t<div class=\"elementor-widget-container\">\n\t\t\t\t\t\t\t\t\t\t\t\t\t\t\t<img loading=\"lazy\" decoding=\"async\" width=\"1300\" height=\"533\" src=\"https:\/\/theelora.com\/wp-content\/uploads\/2025\/09\/W4-1300x533.jpg\" class=\"attachment-large size-large wp-image-18090\" alt=\"\" srcset=\"https:\/\/theelora.com\/wp-content\/uploads\/2025\/09\/W4-1300x533.jpg 1300w, https:\/\/theelora.com\/wp-content\/uploads\/2025\/09\/W4-400x164.jpg 400w, https:\/\/theelora.com\/wp-content\/uploads\/2025\/09\/W4-768x315.jpg 768w, https:\/\/theelora.com\/wp-content\/uploads\/2025\/09\/W4-18x7.jpg 18w, https:\/\/theelora.com\/wp-content\/uploads\/2025\/09\/W4-700x287.jpg 700w, https:\/\/theelora.com\/wp-content\/uploads\/2025\/09\/W4-150x61.jpg 150w, https:\/\/theelora.com\/wp-content\/uploads\/2025\/09\/W4.jpg 1464w\" sizes=\"(max-width: 1300px) 100vw, 1300px\" \/>\t\t\t\t\t\t\t\t\t\t\t\t\t\t\t<\/div>\n\t\t\t\t<\/div>\n\t\t\t\t\t<\/div>\n\t\t\t\t<\/div>\n\t\t<div class=\"elementor-element elementor-element-2b204f09 e-flex e-con-boxed wd-section-disabled e-con e-parent\" data-id=\"2b204f09\" data-element_type=\"container\">\n\t\t\t\t\t<div class=\"e-con-inner\">\n\t\t\t\t<div class=\"elementor-element elementor-element-6a213446 color-scheme-inherit text-left elementor-widget elementor-widget-text-editor\" data-id=\"6a213446\" data-element_type=\"widget\" data-widget_type=\"text-editor.default\">\n\t\t\t\t<div class=\"elementor-widget-container\">\n\t\t\t\t\t\t\t\t\t<h3><strong>Descripci\u00f3n:<\/strong><\/h3>\r\nA veces, menos es m\u00e1s. Este tocador compacto es el ejemplo perfecto de c\u00f3mo un tama\u00f1o reducido puede causar un gran impacto. Dise\u00f1ado para quienes desean un complemento funcional y elegante a la vez, se adapta sin esfuerzo a cualquier habitaci\u00f3n, independientemente de su tama\u00f1o. Con su dise\u00f1o elegante y minimalista, este tocador ofrece la cantidad justa de espacio para sus art\u00edculos de belleza, sin sobrecargar la habitaci\u00f3n. La superficie lisa es perfecta para todo, desde el cuidado de la piel hasta el maquillaje, y las ingeniosas opciones de almacenamiento garantizan que todo se mantenga ordenado y organizado. Tanto si te preparas para ir a trabajar como si simplemente disfrutas de un momento de tranquilidad, esta pieza siempre estar\u00e1 ah\u00ed para facilitarte el proceso.\r\n<h3><strong>Caracter\u00edsticas principales:<\/strong><\/h3>\r\n<ul>\r\n \t<li aria-level=\"1\">Elegante dise\u00f1o en negro que hace las veces de escritorio<\/li>\r\n \t<li aria-level=\"1\">Amplio tablero para uso diario<\/li>\r\n \t<li aria-level=\"1\">Estantes laterales de tres niveles para almacenamiento exta<\/li>\r\n \t<li aria-level=\"1\">Gran caj\u00f3n extra\u00edble para mantener los objetos organizados<\/li>\r\n \t<li aria-level=\"1\">Acabado liso y brillante f\u00e1cil de limpiar<\/li>\r\n \t<li aria-level=\"1\">Duradero tablero de part\u00edculas y s\u00f3lida construcci\u00f3n de espejo<\/li>\r\n \t<li aria-level=\"1\">Construcci\u00f3n robusta para uso diario<\/li>\r\n \t<li aria-level=\"1\">Dimensiones: 108 x 40 x 140 cm<\/li>\r\n \t<li aria-level=\"1\">El tablero de la mesa soporta hasta 132 libras<\/li>\r\n \t<li aria-level=\"1\">Se incluyen instrucciones de montaje f\u00e1ciles de seguir<\/li>\r\n<\/ul>\r\n<h3><strong>C\u00f3mo utilizarlo<\/strong><\/h3>\r\nUtilizar este tocador para ni\u00f1as es una forma sencilla de aportar diversi\u00f3n y funcionalidad a un dormitorio. Col\u00f3calo en un lugar bien iluminado y se convertir\u00e1 en el lugar perfecto para prepararse para el d\u00eda o relajarse por la noche. Con mucho espacio para el maquillaje, los accesorios y todos esos peque\u00f1os objetos de belleza, ayuda a mantener todo organizado y f\u00e1cilmente accesible. El espejo ofrece una visi\u00f3n clara, por lo que es ideal para peinarse, maquillarse o simplemente admirar el look que ha creado. Tanto si est\u00e1 empezando el d\u00eda como terminando su rutina nocturna, este tocador a\u00f1ade un toque de elegancia a cualquier espacio.\r\n<h3><strong>Por qu\u00e9 elegir ADOV Tocador Negro<\/strong><\/h3>\r\nElegir este tocador con espejo significa a\u00f1adir estilo y practicidad a su espacio. El espejo incorporado tiene el tama\u00f1o perfecto para su rutina diaria, ofreciendo una visi\u00f3n clara para maquillarse, peinarse y comprobar su atuendo. El dise\u00f1o elegante y minimalista lo convierte en un complemento elegante para cualquier habitaci\u00f3n. Con un amplio espacio de almacenamiento, este tocador te ayuda a mantenerte organizada y a mejorar la est\u00e9tica general de tu dormitorio. No es s\u00f3lo un mueble, es un compa\u00f1ero diario que hace que prepararse sea un poco m\u00e1s agradable.\t\t\t\t\t\t\t\t<\/div>\n\t\t\t\t<\/div>\n\t\t\t\t\t<\/div>\n\t\t\t\t<\/div>\n\t\t\t\t<\/div>","protected":false},"excerpt":{"rendered":"<ul class=\"a-unordered-list a-vertical a-spacing-mini\">\n<li class=\"a-spacing-mini\">\u3010STYLISH &amp; FUNCTIONAL VANITY TABLE\u3011Actualiza tu dormitorio con este elegante tocador negro, dise\u00f1ado para ser el lugar perfecto para tu rutina de belleza. Con un amplio tablero de la mesa, tambi\u00e9n se dobla como un escritorio elegante, a\u00f1adiendo estilo y practicidad a su espacio.<\/li>\n<li class=\"a-spacing-mini\">\u3010SMART STORAGE SOLUTION - NO MORE CLUTTER!\u3011Con estantes laterales de tres niveles y un gran espejo de maquillaje, esta mesa de maquillaje ofrece un amplio espacio para cosm\u00e9ticos, perfumes y accesorios. El gran caj\u00f3n extra\u00edble mantiene sus elementos esenciales perfectamente escondidos para un aspecto ordenado y organizado.<\/li>\n<li class=\"a-spacing-mini\">Dise\u00f1ado con una superficie pulida y lisa, este tocador con espejo y cajones a\u00f1ade un toque de sofisticaci\u00f3n a cualquier dormitorio. El acabado brillante es f\u00e1cil de limpiar, lo que garantiza que su tocador se mantenga impecable con el m\u00ednimo esfuerzo.<\/li>\n<li class=\"a-spacing-mini\">\u3010BUILT TO LAST - STURDY &amp; RELIABLE\u3011Hecho de tableros de part\u00edculas de alta calidad con un espejo s\u00f3lido, este tocador de dormitorio es fuerte, estable y duradero para el uso diario. Disfrute de una configuraci\u00f3n robusta que est\u00e1 construida para resistir la prueba del tiempo.<\/li>\n<li class=\"a-spacing-mini\">Con unas medidas de 108 x 40 x 140 cm, este tocador encaja perfectamente en dormitorios de todos los tama\u00f1os. El tablero de la mesa soporta hasta 132 libras, y la unidad viene con instrucciones claras y f\u00e1ciles de seguir para un montaje sin complicaciones.<\/li>\n<\/ul>","protected":false},"featured_media":17698,"comment_status":"open","ping_status":"closed","template":"","meta":[],"product_brand":[],"product_cat":[80],"product_tag":[],"class_list":{"0":"post-17697","1":"product","2":"type-product","3":"status-publish","4":"has-post-thumbnail","6":"product_cat-bedside-tables-and-dresser","8":"first","9":"instock","10":"shipping-taxable","11":"purchasable","12":"product-type-simple"},"_links":{"self":[{"href":"https:\/\/theelora.com\/es\/wp-json\/wp\/v2\/product\/17697","targetHints":{"allow":["GET"]}}],"collection":[{"href":"https:\/\/theelora.com\/es\/wp-json\/wp\/v2\/product"}],"about":[{"href":"https:\/\/theelora.com\/es\/wp-json\/wp\/v2\/types\/product"}],"replies":[{"embeddable":true,"href":"https:\/\/theelora.com\/es\/wp-json\/wp\/v2\/comments?post=17697"}],"version-history":[{"count":5,"href":"https:\/\/theelora.com\/es\/wp-json\/wp\/v2\/product\/17697\/revisions"}],"predecessor-version":[{"id":18094,"href":"https:\/\/theelora.com\/es\/wp-json\/wp\/v2\/product\/17697\/revisions\/18094"}],"wp:featuredmedia":[{"embeddable":true,"href":"https:\/\/theelora.com\/es\/wp-json\/wp\/v2\/media\/17698"}],"wp:attachment":[{"href":"https:\/\/theelora.com\/es\/wp-json\/wp\/v2\/media?parent=17697"}],"wp:term":[{"taxonomy":"product_brand","embeddable":true,"href":"https:\/\/theelora.com\/es\/wp-json\/wp\/v2\/product_brand?post=17697"},{"taxonomy":"product_cat","embeddable":true,"href":"https:\/\/theelora.com\/es\/wp-json\/wp\/v2\/product_cat?post=17697"},{"taxonomy":"product_tag","embeddable":true,"href":"https:\/\/theelora.com\/es\/wp-json\/wp\/v2\/product_tag?post=17697"}],"curies":[{"name":"wp","href":"https:\/\/api.w.org\/{rel}","templated":true}]}}