{"id":17729,"date":"2025-09-10T09:14:08","date_gmt":"2025-09-10T08:14:08","guid":{"rendered":"https:\/\/theelora.com\/?post_type=product&#038;p=17729"},"modified":"2025-09-14T10:54:02","modified_gmt":"2025-09-14T09:54:02","slug":"brown-console-table","status":"publish","type":"product","link":"https:\/\/theelora.com\/es\/producto\/brown-console-table\/","title":{"rendered":"Consola marr\u00f3n"},"content":{"rendered":"<div data-elementor-type=\"product-post\" data-elementor-id=\"17729\" class=\"elementor elementor-17729\" data-elementor-post-type=\"product\">\n\t\t\t\t<div class=\"elementor-element elementor-element-3b43518 e-grid e-con-boxed wd-section-disabled e-con e-parent\" data-id=\"3b43518\" data-element_type=\"container\">\n\t\t\t\t\t<div class=\"e-con-inner\">\n\t\t\t\t<div class=\"elementor-element elementor-element-a7bcf74 elementor-widget elementor-widget-image\" data-id=\"a7bcf74\" data-element_type=\"widget\" data-widget_type=\"image.default\">\n\t\t\t\t<div class=\"elementor-widget-container\">\n\t\t\t\t\t\t\t\t\t\t\t\t\t\t\t<img fetchpriority=\"high\" decoding=\"async\" width=\"1300\" height=\"533\" src=\"https:\/\/theelora.com\/wp-content\/uploads\/2025\/09\/C1-1300x533.jpg\" class=\"attachment-large size-large wp-image-18111\" alt=\"\" srcset=\"https:\/\/theelora.com\/wp-content\/uploads\/2025\/09\/C1-1300x533.jpg 1300w, https:\/\/theelora.com\/wp-content\/uploads\/2025\/09\/C1-400x164.jpg 400w, https:\/\/theelora.com\/wp-content\/uploads\/2025\/09\/C1-768x315.jpg 768w, https:\/\/theelora.com\/wp-content\/uploads\/2025\/09\/C1-18x7.jpg 18w, https:\/\/theelora.com\/wp-content\/uploads\/2025\/09\/C1-700x287.jpg 700w, https:\/\/theelora.com\/wp-content\/uploads\/2025\/09\/C1-150x61.jpg 150w, https:\/\/theelora.com\/wp-content\/uploads\/2025\/09\/C1.jpg 1464w\" sizes=\"(max-width: 1300px) 100vw, 1300px\" \/>\t\t\t\t\t\t\t\t\t\t\t\t\t\t\t<\/div>\n\t\t\t\t<\/div>\n\t\t\t\t<div class=\"elementor-element elementor-element-be3cbe2 elementor-widget elementor-widget-image\" data-id=\"be3cbe2\" data-element_type=\"widget\" data-widget_type=\"image.default\">\n\t\t\t\t<div class=\"elementor-widget-container\">\n\t\t\t\t\t\t\t\t\t\t\t\t\t\t\t<img decoding=\"async\" width=\"1300\" height=\"533\" src=\"https:\/\/theelora.com\/wp-content\/uploads\/2025\/09\/C2-1300x533.jpg\" class=\"attachment-large size-large wp-image-18112\" alt=\"\" srcset=\"https:\/\/theelora.com\/wp-content\/uploads\/2025\/09\/C2-1300x533.jpg 1300w, https:\/\/theelora.com\/wp-content\/uploads\/2025\/09\/C2-400x164.jpg 400w, https:\/\/theelora.com\/wp-content\/uploads\/2025\/09\/C2-768x315.jpg 768w, https:\/\/theelora.com\/wp-content\/uploads\/2025\/09\/C2-18x7.jpg 18w, https:\/\/theelora.com\/wp-content\/uploads\/2025\/09\/C2-700x287.jpg 700w, https:\/\/theelora.com\/wp-content\/uploads\/2025\/09\/C2-150x61.jpg 150w, https:\/\/theelora.com\/wp-content\/uploads\/2025\/09\/C2.jpg 1464w\" sizes=\"(max-width: 1300px) 100vw, 1300px\" \/>\t\t\t\t\t\t\t\t\t\t\t\t\t\t\t<\/div>\n\t\t\t\t<\/div>\n\t\t\t\t\t<\/div>\n\t\t\t\t<\/div>\n\t\t<div class=\"elementor-element elementor-element-318a12a e-grid e-con-boxed wd-section-disabled e-con e-parent\" data-id=\"318a12a\" data-element_type=\"container\">\n\t\t\t\t\t<div class=\"e-con-inner\">\n\t\t\t\t<div class=\"elementor-element elementor-element-3374706 elementor-widget elementor-widget-image\" data-id=\"3374706\" data-element_type=\"widget\" data-widget_type=\"image.default\">\n\t\t\t\t<div class=\"elementor-widget-container\">\n\t\t\t\t\t\t\t\t\t\t\t\t\t\t\t<img decoding=\"async\" width=\"1300\" height=\"533\" src=\"https:\/\/theelora.com\/wp-content\/uploads\/2025\/09\/C4-1300x533.jpg\" class=\"attachment-large size-large wp-image-18113\" alt=\"\" srcset=\"https:\/\/theelora.com\/wp-content\/uploads\/2025\/09\/C4-1300x533.jpg 1300w, https:\/\/theelora.com\/wp-content\/uploads\/2025\/09\/C4-400x164.jpg 400w, https:\/\/theelora.com\/wp-content\/uploads\/2025\/09\/C4-768x315.jpg 768w, https:\/\/theelora.com\/wp-content\/uploads\/2025\/09\/C4-18x7.jpg 18w, https:\/\/theelora.com\/wp-content\/uploads\/2025\/09\/C4-700x287.jpg 700w, https:\/\/theelora.com\/wp-content\/uploads\/2025\/09\/C4-150x61.jpg 150w, https:\/\/theelora.com\/wp-content\/uploads\/2025\/09\/C4.jpg 1464w\" sizes=\"(max-width: 1300px) 100vw, 1300px\" \/>\t\t\t\t\t\t\t\t\t\t\t\t\t\t\t<\/div>\n\t\t\t\t<\/div>\n\t\t\t\t<div class=\"elementor-element elementor-element-9a3279c elementor-widget elementor-widget-image\" data-id=\"9a3279c\" data-element_type=\"widget\" data-widget_type=\"image.default\">\n\t\t\t\t<div class=\"elementor-widget-container\">\n\t\t\t\t\t\t\t\t\t\t\t\t\t\t\t<img loading=\"lazy\" decoding=\"async\" width=\"1300\" height=\"533\" src=\"https:\/\/theelora.com\/wp-content\/uploads\/2025\/09\/C3-1300x533.jpg\" class=\"attachment-large size-large wp-image-18114\" alt=\"\" srcset=\"https:\/\/theelora.com\/wp-content\/uploads\/2025\/09\/C3-1300x533.jpg 1300w, https:\/\/theelora.com\/wp-content\/uploads\/2025\/09\/C3-400x164.jpg 400w, https:\/\/theelora.com\/wp-content\/uploads\/2025\/09\/C3-768x315.jpg 768w, https:\/\/theelora.com\/wp-content\/uploads\/2025\/09\/C3-18x7.jpg 18w, https:\/\/theelora.com\/wp-content\/uploads\/2025\/09\/C3-700x287.jpg 700w, https:\/\/theelora.com\/wp-content\/uploads\/2025\/09\/C3-150x61.jpg 150w, https:\/\/theelora.com\/wp-content\/uploads\/2025\/09\/C3.jpg 1464w\" sizes=\"(max-width: 1300px) 100vw, 1300px\" \/>\t\t\t\t\t\t\t\t\t\t\t\t\t\t\t<\/div>\n\t\t\t\t<\/div>\n\t\t\t\t<div class=\"elementor-element elementor-element-d9ccffc elementor-widget elementor-widget-image\" data-id=\"d9ccffc\" data-element_type=\"widget\" data-widget_type=\"image.default\">\n\t\t\t\t<div class=\"elementor-widget-container\">\n\t\t\t\t\t\t\t\t\t\t\t\t\t\t\t<img loading=\"lazy\" decoding=\"async\" width=\"1300\" height=\"533\" src=\"https:\/\/theelora.com\/wp-content\/uploads\/2025\/09\/C5-1300x533.jpg\" class=\"attachment-large size-large wp-image-18115\" alt=\"\" srcset=\"https:\/\/theelora.com\/wp-content\/uploads\/2025\/09\/C5-1300x533.jpg 1300w, https:\/\/theelora.com\/wp-content\/uploads\/2025\/09\/C5-400x164.jpg 400w, https:\/\/theelora.com\/wp-content\/uploads\/2025\/09\/C5-768x315.jpg 768w, https:\/\/theelora.com\/wp-content\/uploads\/2025\/09\/C5-18x7.jpg 18w, https:\/\/theelora.com\/wp-content\/uploads\/2025\/09\/C5-700x287.jpg 700w, https:\/\/theelora.com\/wp-content\/uploads\/2025\/09\/C5-150x61.jpg 150w, https:\/\/theelora.com\/wp-content\/uploads\/2025\/09\/C5.jpg 1464w\" sizes=\"(max-width: 1300px) 100vw, 1300px\" \/>\t\t\t\t\t\t\t\t\t\t\t\t\t\t\t<\/div>\n\t\t\t\t<\/div>\n\t\t\t\t\t<\/div>\n\t\t\t\t<\/div>\n\t\t<div class=\"elementor-element elementor-element-2b38c5b2 e-flex e-con-boxed wd-section-disabled e-con e-parent\" data-id=\"2b38c5b2\" data-element_type=\"container\">\n\t\t\t\t\t<div class=\"e-con-inner\">\n\t\t\t\t<div class=\"elementor-element elementor-element-1e51ca86 color-scheme-inherit text-left elementor-widget elementor-widget-text-editor\" data-id=\"1e51ca86\" data-element_type=\"widget\" data-widget_type=\"text-editor.default\">\n\t\t\t\t<div class=\"elementor-widget-container\">\n\t\t\t\t\t\t\t\t\t<h3><strong>Descripci\u00f3n:<\/strong><\/h3>\r\nUna mesa de recibidor que hace que cada entrada resulte un poco m\u00e1s acogedora. Delgada, elegante y muy pr\u00e1ctica, es ideal para guardar los objetos de uso diario en un solo lugar. Coloca una l\u00e1mpara encima, guarda el correo debajo y dale a tu recibidor ese aspecto de acabado que llevas tanto tiempo queriendo ordenar. Sencillo, elegante y con el tama\u00f1o justo, porque los peque\u00f1os detalles marcan la diferencia.\r\n<h3><strong>Caracter\u00edsticas principales:<\/strong><\/h3>\r\n<ul>\r\n \t<li aria-level=\"1\">Dos cajones y un gran estante abierto para almacenamiento y exposici\u00f3n<\/li>\r\n \t<li aria-level=\"1\">Tama\u00f1o compacto (34 x 100 x 77 cm) ideal para espacios estrechos<\/li>\r\n \t<li aria-level=\"1\">Fabricado con tableros de part\u00edculas duraderos y estructura met\u00e1lica<\/li>\r\n \t<li aria-level=\"1\">Pies ajustables para mayor estabilidad en suelos irregulares<\/li>\r\n \t<li aria-level=\"1\">Superficie lisa e impermeable para facilitar la limpieza<\/li>\r\n \t<li aria-level=\"1\">Dise\u00f1o industrial con metal negro y tonos de madera r\u00fastica<\/li>\r\n \t<li aria-level=\"1\">Adecuado para pasillos, entradas y salones<\/li>\r\n \t<li aria-level=\"1\">Incluye instrucciones claras para facilitar el montaje<\/li>\r\n<\/ul>\r\n<h3><strong>C\u00f3mo utilizarlo<\/strong><\/h3>\r\nPara utilizar esta moderna consola, basta con colocarla en el pasillo, la entrada o el sal\u00f3n para realzar al instante el espacio. Los dos cajones y el estante abierto ofrecen la soluci\u00f3n de almacenamiento perfecta para objetos cotidianos como llaves, correo o piezas decorativas. Gracias a su dise\u00f1o compacto, esta moderna consola se adapta sin esfuerzo a espacios reducidos, para que pueda aprovechar al m\u00e1ximo el espacio disponible. Su robusta construcci\u00f3n garantiza un uso duradero, mientras que el elegante acabado complementa tanto los interiores modernos como los tradicionales.\r\n<h3><strong>Por qu\u00e9 elegir nuestra mesa consola - Marr\u00f3n<\/strong><\/h3>\r\nElegir esta consola es una decisi\u00f3n f\u00e1cil cuando se busca estilo y funcionalidad. Su elegante dise\u00f1o garantiza que se integre a la perfecci\u00f3n en cualquier espacio, ya sea el pasillo, el sal\u00f3n o la entrada. La consola ofrece un amplio espacio de almacenamiento con dos cajones y un espacioso estante, que le ayudar\u00e1n a mantener organizados los objetos de uso diario. Su robusta construcci\u00f3n garantiza la durabilidad, mientras que el aspecto moderno a\u00f1ade un toque sofisticado a su hogar. Es el equilibrio perfecto entre funcionalidad y elegancia.\t\t\t\t\t\t\t\t<\/div>\n\t\t\t\t<\/div>\n\t\t\t\t\t<\/div>\n\t\t\t\t<\/div>\n\t\t\t\t<\/div>","protected":false},"excerpt":{"rendered":"<ul class=\"a-unordered-list a-vertical a-spacing-mini\">\n<li class=\"a-spacing-mini\">\u3010VERS\u00c1TIL ALMACENAMIENTO CON CAJONES Y ESTANTES\u3011Esta esbelta consola para recibidor ofrece una combinaci\u00f3n perfecta de espacio de almacenamiento y exposici\u00f3n. Con dos cajones y un gran estante abierto, proporciona una soluci\u00f3n pr\u00e1ctica para organizar elementos esenciales como llaves, correo u objetos decorativos.<\/li>\n<li class=\"a-spacing-mini\">\u3010DISE\u00d1O COMPACTO PARA ESPACIOS PEQUE\u00d1OS\u3011Con unas medidas de 34 x 100 x 77 cm (largo x ancho x alto), esta consola con cajones encaja perfectamente en espacios estrechos, por lo que es ideal para pasillos, entradas o junto a un radiador. Su tama\u00f1o compacto garantiza la funcionalidad sin ocupar demasiado espacio.<\/li>\n<li class=\"a-spacing-mini\">\u3010FABRICACI\u00d3N S\u00d3LIDA Y ESTABLE\u3011Fabricada con tableros de part\u00edculas de alta calidad y una robusta estructura de metal, esta consola negra est\u00e1 hecha para durar y utilizarse a diario. Los pies ajustables a\u00f1aden estabilidad adicional, asegurando una experiencia libre de tambaleo en suelos irregulares. La superficie lisa y resistente al agua hace que la limpieza sea f\u00e1cil, manteni\u00e9ndola como nueva.<\/li>\n<li class=\"a-spacing-mini\">Una combinaci\u00f3n de metal negro y tonos de madera r\u00fastica da a esta mesa de recibidor una est\u00e9tica industrial chic. La mezcla de elementos modernos y vintage crea un toque c\u00e1lido y sofisticado para su espacio de vida. Ya sea colocado en una entrada, pasillo o sala de estar, a\u00f1ade encanto y funcionalidad.<\/li>\n<li class=\"a-spacing-mini\">\u3010HASSLE-FREE ASSEMBLY\u3011Esta mesa auxiliar viene con todos los accesorios necesarios y un manual de instrucciones paso a paso. Siga la sencilla gu\u00eda para un montaje r\u00e1pido y f\u00e1cil, para que pueda disfrutar de su mesa radiador en ning\u00fan momento. No necesitas herramientas complejas solo sigue las instrucciones y tendr\u00e1s listo tu nuevo mueble sin esfuerzo.<\/li>\n<\/ul>","protected":false},"featured_media":17730,"comment_status":"open","ping_status":"closed","template":"","meta":[],"product_brand":[],"product_cat":[80,138],"product_tag":[],"class_list":{"0":"post-17729","1":"product","2":"type-product","3":"status-publish","4":"has-post-thumbnail","6":"product_cat-bedside-tables-and-dresser","7":"product_cat-console-table","9":"first","10":"instock","11":"shipping-taxable","12":"purchasable","13":"product-type-simple"},"_links":{"self":[{"href":"https:\/\/theelora.com\/es\/wp-json\/wp\/v2\/product\/17729","targetHints":{"allow":["GET"]}}],"collection":[{"href":"https:\/\/theelora.com\/es\/wp-json\/wp\/v2\/product"}],"about":[{"href":"https:\/\/theelora.com\/es\/wp-json\/wp\/v2\/types\/product"}],"replies":[{"embeddable":true,"href":"https:\/\/theelora.com\/es\/wp-json\/wp\/v2\/comments?post=17729"}],"version-history":[{"count":5,"href":"https:\/\/theelora.com\/es\/wp-json\/wp\/v2\/product\/17729\/revisions"}],"predecessor-version":[{"id":18119,"href":"https:\/\/theelora.com\/es\/wp-json\/wp\/v2\/product\/17729\/revisions\/18119"}],"wp:featuredmedia":[{"embeddable":true,"href":"https:\/\/theelora.com\/es\/wp-json\/wp\/v2\/media\/17730"}],"wp:attachment":[{"href":"https:\/\/theelora.com\/es\/wp-json\/wp\/v2\/media?parent=17729"}],"wp:term":[{"taxonomy":"product_brand","embeddable":true,"href":"https:\/\/theelora.com\/es\/wp-json\/wp\/v2\/product_brand?post=17729"},{"taxonomy":"product_cat","embeddable":true,"href":"https:\/\/theelora.com\/es\/wp-json\/wp\/v2\/product_cat?post=17729"},{"taxonomy":"product_tag","embeddable":true,"href":"https:\/\/theelora.com\/es\/wp-json\/wp\/v2\/product_tag?post=17729"}],"curies":[{"name":"wp","href":"https:\/\/api.w.org\/{rel}","templated":true}]}}