{"id":17771,"date":"2025-09-10T09:47:19","date_gmt":"2025-09-10T08:47:19","guid":{"rendered":"https:\/\/theelora.com\/?post_type=product&#038;p=17771"},"modified":"2025-10-28T09:01:27","modified_gmt":"2025-10-28T09:01:27","slug":"led-dressing-table","status":"publish","type":"product","link":"https:\/\/theelora.com\/es\/producto\/led-dressing-table\/","title":{"rendered":"Tocador LED"},"content":{"rendered":"<div data-elementor-type=\"product-post\" data-elementor-id=\"17771\" class=\"elementor elementor-17771\" data-elementor-post-type=\"product\">\n\t\t\t\t<div class=\"elementor-element elementor-element-174612a e-flex e-con-boxed wd-section-disabled e-con e-parent\" data-id=\"174612a\" data-element_type=\"container\">\n\t\t\t\t\t<div class=\"e-con-inner\">\n\t\t\t\t<div class=\"elementor-element elementor-element-17b4118 elementor-widget elementor-widget-image\" data-id=\"17b4118\" data-element_type=\"widget\" data-widget_type=\"image.default\">\n\t\t\t\t<div class=\"elementor-widget-container\">\n\t\t\t\t\t\t\t\t\t\t\t\t\t\t\t<img fetchpriority=\"high\" decoding=\"async\" width=\"1300\" height=\"533\" src=\"https:\/\/theelora.com\/wp-content\/uploads\/2025\/09\/W2-2-1300x533.jpg\" class=\"attachment-large size-large wp-image-18104\" alt=\"\" srcset=\"https:\/\/theelora.com\/wp-content\/uploads\/2025\/09\/W2-2-1300x533.jpg 1300w, https:\/\/theelora.com\/wp-content\/uploads\/2025\/09\/W2-2-400x164.jpg 400w, https:\/\/theelora.com\/wp-content\/uploads\/2025\/09\/W2-2-768x315.jpg 768w, https:\/\/theelora.com\/wp-content\/uploads\/2025\/09\/W2-2-18x7.jpg 18w, https:\/\/theelora.com\/wp-content\/uploads\/2025\/09\/W2-2-700x287.jpg 700w, https:\/\/theelora.com\/wp-content\/uploads\/2025\/09\/W2-2-150x61.jpg 150w, https:\/\/theelora.com\/wp-content\/uploads\/2025\/09\/W2-2.jpg 1464w\" sizes=\"(max-width: 1300px) 100vw, 1300px\" \/>\t\t\t\t\t\t\t\t\t\t\t\t\t\t\t<\/div>\n\t\t\t\t<\/div>\n\t\t\t\t<div class=\"elementor-element elementor-element-ee63d08 elementor-widget elementor-widget-image\" data-id=\"ee63d08\" data-element_type=\"widget\" data-widget_type=\"image.default\">\n\t\t\t\t<div class=\"elementor-widget-container\">\n\t\t\t\t\t\t\t\t\t\t\t\t\t\t\t<img decoding=\"async\" width=\"1300\" height=\"533\" src=\"https:\/\/theelora.com\/wp-content\/uploads\/2025\/09\/W1-2-1300x533.jpg\" class=\"attachment-large size-large wp-image-18103\" alt=\"\" srcset=\"https:\/\/theelora.com\/wp-content\/uploads\/2025\/09\/W1-2-1300x533.jpg 1300w, https:\/\/theelora.com\/wp-content\/uploads\/2025\/09\/W1-2-400x164.jpg 400w, https:\/\/theelora.com\/wp-content\/uploads\/2025\/09\/W1-2-768x315.jpg 768w, https:\/\/theelora.com\/wp-content\/uploads\/2025\/09\/W1-2-18x7.jpg 18w, https:\/\/theelora.com\/wp-content\/uploads\/2025\/09\/W1-2-700x287.jpg 700w, https:\/\/theelora.com\/wp-content\/uploads\/2025\/09\/W1-2-150x61.jpg 150w, https:\/\/theelora.com\/wp-content\/uploads\/2025\/09\/W1-2.jpg 1464w\" sizes=\"(max-width: 1300px) 100vw, 1300px\" \/>\t\t\t\t\t\t\t\t\t\t\t\t\t\t\t<\/div>\n\t\t\t\t<\/div>\n\t\t\t\t<div class=\"elementor-element elementor-element-3b2e984 elementor-widget elementor-widget-image\" data-id=\"3b2e984\" data-element_type=\"widget\" data-widget_type=\"image.default\">\n\t\t\t\t<div class=\"elementor-widget-container\">\n\t\t\t\t\t\t\t\t\t\t\t\t\t\t\t<img decoding=\"async\" width=\"1300\" height=\"533\" src=\"https:\/\/theelora.com\/wp-content\/uploads\/2025\/09\/W3-2-1300x533.jpg\" class=\"attachment-large size-large wp-image-18105\" alt=\"\" srcset=\"https:\/\/theelora.com\/wp-content\/uploads\/2025\/09\/W3-2-1300x533.jpg 1300w, https:\/\/theelora.com\/wp-content\/uploads\/2025\/09\/W3-2-400x164.jpg 400w, https:\/\/theelora.com\/wp-content\/uploads\/2025\/09\/W3-2-768x315.jpg 768w, https:\/\/theelora.com\/wp-content\/uploads\/2025\/09\/W3-2-18x7.jpg 18w, https:\/\/theelora.com\/wp-content\/uploads\/2025\/09\/W3-2-700x287.jpg 700w, https:\/\/theelora.com\/wp-content\/uploads\/2025\/09\/W3-2-150x61.jpg 150w, https:\/\/theelora.com\/wp-content\/uploads\/2025\/09\/W3-2.jpg 1464w\" sizes=\"(max-width: 1300px) 100vw, 1300px\" \/>\t\t\t\t\t\t\t\t\t\t\t\t\t\t\t<\/div>\n\t\t\t\t<\/div>\n\t\t\t\t\t<\/div>\n\t\t\t\t<\/div>\n\t\t<div class=\"elementor-element elementor-element-e3caef5 e-grid e-con-boxed wd-section-disabled e-con e-parent\" data-id=\"e3caef5\" data-element_type=\"container\">\n\t\t\t\t\t<div class=\"e-con-inner\">\n\t\t\t\t<div class=\"elementor-element elementor-element-f84f165 elementor-widget elementor-widget-image\" data-id=\"f84f165\" data-element_type=\"widget\" data-widget_type=\"image.default\">\n\t\t\t\t<div class=\"elementor-widget-container\">\n\t\t\t\t\t\t\t\t\t\t\t\t\t\t\t<img loading=\"lazy\" decoding=\"async\" width=\"1300\" height=\"533\" src=\"https:\/\/theelora.com\/wp-content\/uploads\/2025\/09\/W4-2-1300x533.jpg\" class=\"attachment-large size-large wp-image-18106\" alt=\"\" srcset=\"https:\/\/theelora.com\/wp-content\/uploads\/2025\/09\/W4-2-1300x533.jpg 1300w, https:\/\/theelora.com\/wp-content\/uploads\/2025\/09\/W4-2-400x164.jpg 400w, https:\/\/theelora.com\/wp-content\/uploads\/2025\/09\/W4-2-768x315.jpg 768w, https:\/\/theelora.com\/wp-content\/uploads\/2025\/09\/W4-2-18x7.jpg 18w, https:\/\/theelora.com\/wp-content\/uploads\/2025\/09\/W4-2-700x287.jpg 700w, https:\/\/theelora.com\/wp-content\/uploads\/2025\/09\/W4-2-150x61.jpg 150w, https:\/\/theelora.com\/wp-content\/uploads\/2025\/09\/W4-2.jpg 1464w\" sizes=\"(max-width: 1300px) 100vw, 1300px\" \/>\t\t\t\t\t\t\t\t\t\t\t\t\t\t\t<\/div>\n\t\t\t\t<\/div>\n\t\t\t\t<div class=\"elementor-element elementor-element-2165e7cd color-scheme-inherit text-left elementor-widget elementor-widget-text-editor\" data-id=\"2165e7cd\" data-element_type=\"widget\" data-widget_type=\"text-editor.default\">\n\t\t\t\t<div class=\"elementor-widget-container\">\n\t\t\t\t\t\t\t\t\t<section class=\"elementor-section elementor-top-section elementor-element elementor-element-2837776 elementor-section-boxed elementor-section-height-default elementor-section-height-default wd-section-disabled\" data-id=\"2837776\" data-element_type=\"section\"><div class=\"elementor-container elementor-column-gap-default\"><div class=\"elementor-column elementor-col-100 elementor-top-column elementor-element elementor-element-8d04493\" data-id=\"8d04493\" data-element_type=\"column\"><div class=\"elementor-widget-wrap elementor-element-populated\"><div class=\"elementor-element elementor-element-d63c831 color-scheme-inherit text-left elementor-widget elementor-widget-text-editor\" data-id=\"d63c831\" data-element_type=\"widget\" data-widget_type=\"text-editor.default\"><div class=\"elementor-widget-container\"><h3><strong>Descripci\u00f3n:<\/strong><\/h3><p>Este tocador con espejo y luces es el complemento perfecto para cualquier dormitorio moderno. Con un dise\u00f1o elegante y minimalista, combina funcionalidad y elegancia. Las luces LED integradas iluminan el espacio, creando un suave resplandor ideal para maquillarse o prepararse. Con un amplio espacio de almacenamiento para todos sus art\u00edculos de belleza, este tocador ofrece estilo y practicidad, ayud\u00e1ndole a mantenerse organizado a la vez que a\u00f1ade un toque de lujo a su habitaci\u00f3n.<\/p><h3><strong>Caracter\u00edsticas principales:<\/strong><\/h3><ul><li aria-level=\"1\">Amplio tocador negro con cuatro grandes cajones para un almacenamiento organizado<\/li><li aria-level=\"1\">Placa de carga integrada para alimentar herramientas y dispositivos de peinado<\/li><li aria-level=\"1\">Incluye 12 bombillas LED regulables con tres modos de iluminaci\u00f3n<\/li><li aria-level=\"1\">Iluminaci\u00f3n ideal tanto para looks nocturnos suaves como para una brillante precisi\u00f3n a la luz del d\u00eda.<\/li><li aria-level=\"1\">Dise\u00f1o compacto adecuado para dormitorios y vestidores<\/li><li aria-level=\"1\">Viene con un taburete acolchado a juego para mayor comodidad<\/li><li aria-level=\"1\">Fabricado con madera de primera calidad y MDF para una calidad duradera<\/li><li aria-level=\"1\">Elegante acabado en negro para realzar su decoraci\u00f3n interior<\/li><li aria-level=\"1\">Chapa de melamina resistente al agua para mayor durabilidad<\/li><li aria-level=\"1\">Soporta hasta 75 kg con dispositivo antivuelco y reposapi\u00e9s antideslizantes para mayor estabilidad<\/li><\/ul><h3><strong>C\u00f3mo utilizarlo<\/strong><\/h3><p>Utilizar un tocador con luces consiste en crear un espacio que se adapte perfectamente a ti. Empieza por ajustar la iluminaci\u00f3n a tu estado de \u00e1nimo o tarea: suave y c\u00e1lida para una noche relajada, o clara y brillante para aplicar el maquillaje con precisi\u00f3n. Coloca tus productos de belleza en los cajones para que todo tenga su sitio, manteniendo la superficie ordenada y lista para el uso diario. Con las luces perfectamente colocadas, su rutina no s\u00f3lo le resultar\u00e1 m\u00e1s f\u00e1cil, sino tambi\u00e9n m\u00e1s agradable.<\/p><h3><strong>Por qu\u00e9 elegir nuestro tocador LED<\/strong><\/h3><p>Elegir un tocador no es s\u00f3lo a\u00f1adir un mueble, sino crear un espacio personal tranquilo, organizado y exclusivamente suyo. Aporta funcionalidad y elegancia a su rutina diaria, ofreci\u00e9ndole un lugar dedicado donde todo lo que necesita est\u00e1 a mano. Con el dise\u00f1o adecuado, se convierte en algo m\u00e1s que una soluci\u00f3n pr\u00e1ctica; se convierte en un peque\u00f1o momento de lujo que puedes disfrutar cada d\u00eda.<\/p><\/div><\/div><\/div><\/div><\/div><\/section>\t\t\t\t\t\t\t\t<\/div>\n\t\t\t\t<\/div>\n\t\t\t\t\t<\/div>\n\t\t\t\t<\/div>\n\t\t\t\t<\/div>","protected":false},"excerpt":{"rendered":"<ul class=\"a-unordered-list a-vertical a-spacing-mini\">\n<li>\u3010DECLUTAR CON ESTILO - GRAN ALMACENAMIENTO PARA LA BELLEZA\u3011Mant\u00e9n tus cosm\u00e9ticos, perfumes y accesorios ordenados con un espacioso tocador negro y cuatro grandes cajones. La placa de carga incorporada a\u00f1ade comodidad adicional, lo que le permite alimentar sus herramientas y dispositivos de peinado con facilidad.<\/li>\n<li>\u3010LIGHT UP YOUR LOOK - THE ULTIMATE GLAM STATION\u3011Crea looks impecables con este elegante tocador negro, que cuenta con 12 bombillas LED ajustables y tres modos de iluminaci\u00f3n. Tanto si necesita una iluminaci\u00f3n suave por la noche o la luz del d\u00eda brillante para la precisi\u00f3n, este tocador proporciona la iluminaci\u00f3n perfecta.<\/li>\n<li>\u3010SLEEK &amp; COMPACT - PERFECTO PARA CUALQUIER HABITACI\u00d3N\u3011Con unas dimensiones de 94x43x140 cm, este tocador de maquillaje est\u00e1 dise\u00f1ado para complementar a la perfecci\u00f3n dormitorios y vestidores. El taburete a juego (40 cm x 30 cm x 41 cm) garantiza un asiento c\u00f3modo, lo que lo convierte en un complemento pr\u00e1ctico y elegante para cualquier hogar. Un regalo ideal para los amantes de la belleza.<\/li>\n<li>\u3010TIMELESS ELEGANCE - BUILT TO IMPRESS\u3011Hecho a mano de madera de primera calidad y MDF, este escritorio de maquillaje combina durabilidad con elegancia. Su elegante acabado en negro a\u00f1ade un toque de sofisticaci\u00f3n a su dormitorio o vestidor, mejorando sin esfuerzo su decoraci\u00f3n interior.<\/li>\n<li>\u3010DURABLE Y ESTABLE - HECHA PARA EL GLAM cotidiano\u3011Construida a partir de madera de ingenier\u00eda con una chapa de melamina suave y resistente al agua, esta mesa de tocador est\u00e1 dise\u00f1ada para una durabilidad duradera. Soporta hasta 75 kg, cuenta con almohadillas antideslizantes para los pies y un dispositivo antivuelco para mayor estabilidad y seguridad.<\/li>\n<\/ul>","protected":false},"featured_media":17772,"comment_status":"open","ping_status":"closed","template":"","meta":[],"product_brand":[],"product_cat":[80,143],"product_tag":[],"class_list":{"0":"post-17771","1":"product","2":"type-product","3":"status-publish","4":"has-post-thumbnail","6":"product_cat-bedside-tables-and-dresser","7":"product_cat-dressing-table","9":"first","10":"instock","11":"shipping-taxable","12":"purchasable","13":"product-type-simple"},"_links":{"self":[{"href":"https:\/\/theelora.com\/es\/wp-json\/wp\/v2\/product\/17771","targetHints":{"allow":["GET"]}}],"collection":[{"href":"https:\/\/theelora.com\/es\/wp-json\/wp\/v2\/product"}],"about":[{"href":"https:\/\/theelora.com\/es\/wp-json\/wp\/v2\/types\/product"}],"replies":[{"embeddable":true,"href":"https:\/\/theelora.com\/es\/wp-json\/wp\/v2\/comments?post=17771"}],"version-history":[{"count":13,"href":"https:\/\/theelora.com\/es\/wp-json\/wp\/v2\/product\/17771\/revisions"}],"predecessor-version":[{"id":18433,"href":"https:\/\/theelora.com\/es\/wp-json\/wp\/v2\/product\/17771\/revisions\/18433"}],"wp:featuredmedia":[{"embeddable":true,"href":"https:\/\/theelora.com\/es\/wp-json\/wp\/v2\/media\/17772"}],"wp:attachment":[{"href":"https:\/\/theelora.com\/es\/wp-json\/wp\/v2\/media?parent=17771"}],"wp:term":[{"taxonomy":"product_brand","embeddable":true,"href":"https:\/\/theelora.com\/es\/wp-json\/wp\/v2\/product_brand?post=17771"},{"taxonomy":"product_cat","embeddable":true,"href":"https:\/\/theelora.com\/es\/wp-json\/wp\/v2\/product_cat?post=17771"},{"taxonomy":"product_tag","embeddable":true,"href":"https:\/\/theelora.com\/es\/wp-json\/wp\/v2\/product_tag?post=17771"}],"curies":[{"name":"wp","href":"https:\/\/api.w.org\/{rel}","templated":true}]}}