{"id":17787,"date":"2025-09-10T10:03:38","date_gmt":"2025-09-10T09:03:38","guid":{"rendered":"https:\/\/theelora.com\/?post_type=product&#038;p=17787"},"modified":"2025-10-28T09:01:36","modified_gmt":"2025-10-28T09:01:36","slug":"mobile-file-cabinet-with-drawers","status":"publish","type":"product","link":"https:\/\/theelora.com\/es\/producto\/mobile-file-cabinet-with-drawers\/","title":{"rendered":"Archivador m\u00f3vil con cajones"},"content":{"rendered":"<div data-elementor-type=\"product-post\" data-elementor-id=\"17787\" class=\"elementor elementor-17787\" data-elementor-post-type=\"product\">\n\t\t\t\t<div class=\"elementor-element elementor-element-04c4083 e-grid e-con-boxed wd-section-disabled e-con e-parent\" data-id=\"04c4083\" data-element_type=\"container\">\n\t\t\t\t\t<div class=\"e-con-inner\">\n\t\t\t\t<div class=\"elementor-element elementor-element-d621a2e elementor-widget elementor-widget-image\" data-id=\"d621a2e\" data-element_type=\"widget\" data-widget_type=\"image.default\">\n\t\t\t\t<div class=\"elementor-widget-container\">\n\t\t\t\t\t\t\t\t\t\t\t\t\t\t\t<img fetchpriority=\"high\" decoding=\"async\" width=\"1300\" height=\"533\" src=\"https:\/\/theelora.com\/wp-content\/uploads\/2025\/09\/C1-1-1300x533.jpg\" class=\"attachment-large size-large wp-image-18120\" alt=\"\" srcset=\"https:\/\/theelora.com\/wp-content\/uploads\/2025\/09\/C1-1-1300x533.jpg 1300w, https:\/\/theelora.com\/wp-content\/uploads\/2025\/09\/C1-1-400x164.jpg 400w, https:\/\/theelora.com\/wp-content\/uploads\/2025\/09\/C1-1-768x315.jpg 768w, https:\/\/theelora.com\/wp-content\/uploads\/2025\/09\/C1-1-18x7.jpg 18w, https:\/\/theelora.com\/wp-content\/uploads\/2025\/09\/C1-1-700x287.jpg 700w, https:\/\/theelora.com\/wp-content\/uploads\/2025\/09\/C1-1-150x61.jpg 150w, https:\/\/theelora.com\/wp-content\/uploads\/2025\/09\/C1-1.jpg 1464w\" sizes=\"(max-width: 1300px) 100vw, 1300px\" \/>\t\t\t\t\t\t\t\t\t\t\t\t\t\t\t<\/div>\n\t\t\t\t<\/div>\n\t\t\t\t<div class=\"elementor-element elementor-element-010ed37 elementor-widget elementor-widget-image\" data-id=\"010ed37\" data-element_type=\"widget\" data-widget_type=\"image.default\">\n\t\t\t\t<div class=\"elementor-widget-container\">\n\t\t\t\t\t\t\t\t\t\t\t\t\t\t\t<img decoding=\"async\" width=\"1300\" height=\"533\" src=\"https:\/\/theelora.com\/wp-content\/uploads\/2025\/09\/C2-1-1300x533.jpg\" class=\"attachment-large size-large wp-image-18121\" alt=\"\" srcset=\"https:\/\/theelora.com\/wp-content\/uploads\/2025\/09\/C2-1-1300x533.jpg 1300w, https:\/\/theelora.com\/wp-content\/uploads\/2025\/09\/C2-1-400x164.jpg 400w, https:\/\/theelora.com\/wp-content\/uploads\/2025\/09\/C2-1-768x315.jpg 768w, https:\/\/theelora.com\/wp-content\/uploads\/2025\/09\/C2-1-18x7.jpg 18w, https:\/\/theelora.com\/wp-content\/uploads\/2025\/09\/C2-1-700x287.jpg 700w, https:\/\/theelora.com\/wp-content\/uploads\/2025\/09\/C2-1-150x61.jpg 150w, https:\/\/theelora.com\/wp-content\/uploads\/2025\/09\/C2-1.jpg 1464w\" sizes=\"(max-width: 1300px) 100vw, 1300px\" \/>\t\t\t\t\t\t\t\t\t\t\t\t\t\t\t<\/div>\n\t\t\t\t<\/div>\n\t\t\t\t\t<\/div>\n\t\t\t\t<\/div>\n\t\t<div class=\"elementor-element elementor-element-1b9d19a e-grid e-con-boxed wd-section-disabled e-con e-parent\" data-id=\"1b9d19a\" data-element_type=\"container\">\n\t\t\t\t\t<div class=\"e-con-inner\">\n\t\t\t\t<div class=\"elementor-element elementor-element-0d6732d elementor-widget elementor-widget-image\" data-id=\"0d6732d\" data-element_type=\"widget\" data-widget_type=\"image.default\">\n\t\t\t\t<div class=\"elementor-widget-container\">\n\t\t\t\t\t\t\t\t\t\t\t\t\t\t\t<img decoding=\"async\" width=\"1300\" height=\"533\" src=\"https:\/\/theelora.com\/wp-content\/uploads\/2025\/09\/C3-1-1300x533.jpg\" class=\"attachment-large size-large wp-image-18122\" alt=\"\" srcset=\"https:\/\/theelora.com\/wp-content\/uploads\/2025\/09\/C3-1-1300x533.jpg 1300w, https:\/\/theelora.com\/wp-content\/uploads\/2025\/09\/C3-1-400x164.jpg 400w, https:\/\/theelora.com\/wp-content\/uploads\/2025\/09\/C3-1-768x315.jpg 768w, https:\/\/theelora.com\/wp-content\/uploads\/2025\/09\/C3-1-18x7.jpg 18w, https:\/\/theelora.com\/wp-content\/uploads\/2025\/09\/C3-1-700x287.jpg 700w, https:\/\/theelora.com\/wp-content\/uploads\/2025\/09\/C3-1-150x61.jpg 150w, https:\/\/theelora.com\/wp-content\/uploads\/2025\/09\/C3-1.jpg 1464w\" sizes=\"(max-width: 1300px) 100vw, 1300px\" \/>\t\t\t\t\t\t\t\t\t\t\t\t\t\t\t<\/div>\n\t\t\t\t<\/div>\n\t\t\t\t<div class=\"elementor-element elementor-element-4ef597c elementor-widget elementor-widget-image\" data-id=\"4ef597c\" data-element_type=\"widget\" data-widget_type=\"image.default\">\n\t\t\t\t<div class=\"elementor-widget-container\">\n\t\t\t\t\t\t\t\t\t\t\t\t\t\t\t<img loading=\"lazy\" decoding=\"async\" width=\"1300\" height=\"533\" src=\"https:\/\/theelora.com\/wp-content\/uploads\/2025\/09\/C4-1-1300x533.jpg\" class=\"attachment-large size-large wp-image-18123\" alt=\"\" srcset=\"https:\/\/theelora.com\/wp-content\/uploads\/2025\/09\/C4-1-1300x533.jpg 1300w, https:\/\/theelora.com\/wp-content\/uploads\/2025\/09\/C4-1-400x164.jpg 400w, https:\/\/theelora.com\/wp-content\/uploads\/2025\/09\/C4-1-768x315.jpg 768w, https:\/\/theelora.com\/wp-content\/uploads\/2025\/09\/C4-1-18x7.jpg 18w, https:\/\/theelora.com\/wp-content\/uploads\/2025\/09\/C4-1-700x287.jpg 700w, https:\/\/theelora.com\/wp-content\/uploads\/2025\/09\/C4-1-150x61.jpg 150w, https:\/\/theelora.com\/wp-content\/uploads\/2025\/09\/C4-1.jpg 1464w\" sizes=\"(max-width: 1300px) 100vw, 1300px\" \/>\t\t\t\t\t\t\t\t\t\t\t\t\t\t\t<\/div>\n\t\t\t\t<\/div>\n\t\t\t\t<div class=\"elementor-element elementor-element-26caeaf elementor-widget elementor-widget-image\" data-id=\"26caeaf\" data-element_type=\"widget\" data-widget_type=\"image.default\">\n\t\t\t\t<div class=\"elementor-widget-container\">\n\t\t\t\t\t\t\t\t\t\t\t\t\t\t\t<img loading=\"lazy\" decoding=\"async\" width=\"1300\" height=\"533\" src=\"https:\/\/theelora.com\/wp-content\/uploads\/2025\/09\/C5-1-1300x533.jpg\" class=\"attachment-large size-large wp-image-18124\" alt=\"\" srcset=\"https:\/\/theelora.com\/wp-content\/uploads\/2025\/09\/C5-1-1300x533.jpg 1300w, https:\/\/theelora.com\/wp-content\/uploads\/2025\/09\/C5-1-400x164.jpg 400w, https:\/\/theelora.com\/wp-content\/uploads\/2025\/09\/C5-1-768x315.jpg 768w, https:\/\/theelora.com\/wp-content\/uploads\/2025\/09\/C5-1-18x7.jpg 18w, https:\/\/theelora.com\/wp-content\/uploads\/2025\/09\/C5-1-700x287.jpg 700w, https:\/\/theelora.com\/wp-content\/uploads\/2025\/09\/C5-1-150x61.jpg 150w, https:\/\/theelora.com\/wp-content\/uploads\/2025\/09\/C5-1.jpg 1464w\" sizes=\"(max-width: 1300px) 100vw, 1300px\" \/>\t\t\t\t\t\t\t\t\t\t\t\t\t\t\t<\/div>\n\t\t\t\t<\/div>\n\t\t\t\t\t<\/div>\n\t\t\t\t<\/div>\n\t\t<div class=\"elementor-element elementor-element-74a1f1c9 e-flex e-con-boxed wd-section-disabled e-con e-parent\" data-id=\"74a1f1c9\" data-element_type=\"container\">\n\t\t\t\t\t<div class=\"e-con-inner\">\n\t\t\t\t<div class=\"elementor-element elementor-element-8b95848 color-scheme-inherit text-left elementor-widget elementor-widget-text-editor\" data-id=\"8b95848\" data-element_type=\"widget\" data-widget_type=\"text-editor.default\">\n\t\t\t\t<div class=\"elementor-widget-container\">\n\t\t\t\t\t\t\t\t\t<section class=\"elementor-section elementor-top-section elementor-element elementor-element-2837776 elementor-section-boxed elementor-section-height-default elementor-section-height-default wd-section-disabled\" data-id=\"2837776\" data-element_type=\"section\">\r\n<div class=\"elementor-container elementor-column-gap-default\">\r\n<div class=\"elementor-column elementor-col-100 elementor-top-column elementor-element elementor-element-8d04493\" data-id=\"8d04493\" data-element_type=\"column\">\r\n<div class=\"elementor-widget-wrap elementor-element-populated\">\r\n<div class=\"elementor-element elementor-element-d63c831 color-scheme-inherit text-left elementor-widget elementor-widget-text-editor\" data-id=\"d63c831\" data-element_type=\"widget\" data-widget_type=\"text-editor.default\">\r\n<div class=\"elementor-widget-container\">\r\n<h3><strong>Descripci\u00f3n:<\/strong><\/h3>\r\nEspacio ordenado, mente ordenada. Este armario aporta organizaci\u00f3n sin esfuerzo a cualquier habitaci\u00f3n. Este peque\u00f1o archivador puede ser compacto, pero ofrece un almacenamiento inteligente para sus objetos esenciales diarios. Tanto si se trata de papeles, art\u00edculos de papeler\u00eda o baratijas, todo tiene su sitio. Elegante, sutil y dise\u00f1ado para integrarse a la perfecci\u00f3n, es una soluci\u00f3n con estilo para hogares que valoran tanto la forma como la funcionalidad.\r\n<h3><strong>Caracter\u00edsticas principales:<\/strong><\/h3>\r\n<ul>\r\n \t<li aria-level=\"1\">El archivador blanco cuenta con cinco amplios cajones para papeles A4, art\u00edculos de papeler\u00eda y material de oficina, con gu\u00edas suaves para facilitar el acceso.<\/li>\r\n \t<li aria-level=\"1\">Equipada con ruedas pivotantes, es f\u00e1cil de mover, y las dos ruedas delanteras se bloquean con seguridad para mayor estabilidad.<\/li>\r\n \t<li aria-level=\"1\">Su delgado dise\u00f1o se adapta a espacios reducidos y ofrece un amplio espacio de almacenamiento, por lo que es perfecto para oficinas dom\u00e9sticas o espacios de trabajo m\u00e1s grandes.<\/li>\r\n \t<li aria-level=\"1\">Con un limpio acabado en blanco, tambi\u00e9n sirve como c\u00f3moda para material de oficina o menaje del hogar.<\/li>\r\n \t<li aria-level=\"1\">El montaje es r\u00e1pido y sencillo gracias a las gu\u00edas preinstaladas, para que pueda organizar su espacio en un abrir y cerrar de ojos.<\/li>\r\n<\/ul>\r\n<h3><strong>C\u00f3mo utilizarlo<\/strong><\/h3>\r\nPara utilizar este armario ADOV con eficacia, empiece por colocarlo en un lugar que aproveche al m\u00e1ximo el espacio disponible. Su elegante dise\u00f1o hace que encaje a la perfecci\u00f3n en cualquier oficina dom\u00e9stica o espacio de trabajo, proporcionando la soluci\u00f3n ideal para sus necesidades de almacenamiento en la oficina. Una vez colocado, organice sus archivos, documentos y art\u00edculos de papeler\u00eda en los amplios cajones. Este peque\u00f1o pero eficiente archivador mantendr\u00e1 todo ordenado y f\u00e1cilmente accesible, garantizando que su espacio de trabajo permanezca desordenado y funcional.\r\n<h3><strong>Por qu\u00e9 elegir nuestro archivador m\u00f3vil<\/strong><\/h3>\r\nSi busca una soluci\u00f3n pr\u00e1ctica y elegante para mantener su espacio organizado, este archivador es una gran elecci\u00f3n. Ideales para uso dom\u00e9stico, estos archivadores est\u00e1n dise\u00f1ados para maximizar el almacenamiento sin ocupar demasiado espacio. Los cajones del archivador ofrecen mucho espacio para mantener sus documentos ordenados y f\u00e1cilmente accesibles, lo que lo convierte en un art\u00edculo imprescindible para cualquiera que desee despejar su espacio manteniendo un entorno limpio y organizado.\r\n\r\n<\/div>\r\n<\/div>\r\n<\/div>\r\n<\/div>\r\n<\/div>\r\n<\/section>\t\t\t\t\t\t\t\t<\/div>\n\t\t\t\t<\/div>\n\t\t\t\t\t<\/div>\n\t\t\t\t<\/div>\n\t\t\t\t<\/div>","protected":false},"excerpt":{"rendered":"<ul class=\"a-unordered-list a-vertical a-spacing-mini\">\n<li>\u30105 ESPACIOSOS CAJONES PARA TODOS SUS ESENCIALES\u3011Este archivador blanco cuenta con 5 cajones de generosas dimensiones, perfectos para guardar papeles A4, art\u00edculos de papeler\u00eda y material de oficina perfectamente organizados. Las gu\u00edas suaves garantizan una f\u00e1cil apertura y cierre, proporcion\u00e1ndole un acceso r\u00e1pido a sus documentos cuando los necesite.<\/li>\n<li>\u3010Ruedas bloqueables para mayor estabilidad\u3011Dise\u00f1ado con ruedas giratorias, este archivador de madera se puede mover sin esfuerzo por su oficina en casa o espacio de trabajo. Las 2 ruedas delanteras se bloquean de forma segura en su lugar, asegurando la estabilidad de su archivador, incluso en entornos ocupados.<\/li>\n<li>\u3010COMPACT &amp; SLEEK - FITS PERFECTLY IN ANY SPACE\u3011Su dise\u00f1o delgado se adapta perfectamente a los espacios m\u00e1s reducidos, al tiempo que proporciona un amplio espacio de almacenamiento para todos sus elementos esenciales. Maximice su espacio con este archivador vertical compacto para oficinas dom\u00e9sticas y espacios de trabajo m\u00e1s grandes.<\/li>\n<li>\u3010VERSATILE STORAGE - FROM FILES TO HOUSEHOLD ITEMS\u3011Con su limpio acabado en blanco y su sencillo dise\u00f1o industrial, este archivador se transforma en una c\u00f3moda, ideal para almacenar material de oficina, materiales de estudio o art\u00edculos dom\u00e9sticos cotidianos. Un complemento perfecto para cualquier habitaci\u00f3n de su hogar.<\/li>\n<li>\u3010SIMPLE MONTAJE - ORGANICE SU ESPACIO EN MINUTOS\u3011\u00a1Montar sus cajones archivadores nunca ha sido tan f\u00e1cil! Las gu\u00edas preinstaladas en los paneles laterales reducen su esfuerzo para completar todos los pasos, asegura que puede organizarse en poco tiempo, d\u00e1ndole m\u00e1s tiempo para centrarse en lo que importa.<\/li>\n<\/ul>","protected":false},"featured_media":17788,"comment_status":"open","ping_status":"closed","template":"","meta":[],"product_brand":[],"product_cat":[80,143],"product_tag":[],"class_list":{"0":"post-17787","1":"product","2":"type-product","3":"status-publish","4":"has-post-thumbnail","6":"product_cat-bedside-tables-and-dresser","7":"product_cat-dressing-table","9":"first","10":"instock","11":"shipping-taxable","12":"purchasable","13":"product-type-simple"},"_links":{"self":[{"href":"https:\/\/theelora.com\/es\/wp-json\/wp\/v2\/product\/17787","targetHints":{"allow":["GET"]}}],"collection":[{"href":"https:\/\/theelora.com\/es\/wp-json\/wp\/v2\/product"}],"about":[{"href":"https:\/\/theelora.com\/es\/wp-json\/wp\/v2\/types\/product"}],"replies":[{"embeddable":true,"href":"https:\/\/theelora.com\/es\/wp-json\/wp\/v2\/comments?post=17787"}],"version-history":[{"count":5,"href":"https:\/\/theelora.com\/es\/wp-json\/wp\/v2\/product\/17787\/revisions"}],"predecessor-version":[{"id":18128,"href":"https:\/\/theelora.com\/es\/wp-json\/wp\/v2\/product\/17787\/revisions\/18128"}],"wp:featuredmedia":[{"embeddable":true,"href":"https:\/\/theelora.com\/es\/wp-json\/wp\/v2\/media\/17788"}],"wp:attachment":[{"href":"https:\/\/theelora.com\/es\/wp-json\/wp\/v2\/media?parent=17787"}],"wp:term":[{"taxonomy":"product_brand","embeddable":true,"href":"https:\/\/theelora.com\/es\/wp-json\/wp\/v2\/product_brand?post=17787"},{"taxonomy":"product_cat","embeddable":true,"href":"https:\/\/theelora.com\/es\/wp-json\/wp\/v2\/product_cat?post=17787"},{"taxonomy":"product_tag","embeddable":true,"href":"https:\/\/theelora.com\/es\/wp-json\/wp\/v2\/product_tag?post=17787"}],"curies":[{"name":"wp","href":"https:\/\/api.w.org\/{rel}","templated":true}]}}