{"id":17812,"date":"2025-09-10T10:22:18","date_gmt":"2025-09-10T09:22:18","guid":{"rendered":"https:\/\/theelora.com\/?post_type=product&#038;p=17812"},"modified":"2025-10-28T08:59:12","modified_gmt":"2025-10-28T08:59:12","slug":"rustic-desk-with-2-storage-shelves","status":"publish","type":"product","link":"https:\/\/theelora.com\/es\/producto\/rustic-desk-with-2-storage-shelves\/","title":{"rendered":"Escritorio R\u00fastico con 2 Estantes"},"content":{"rendered":"<div data-elementor-type=\"product-post\" data-elementor-id=\"17812\" class=\"elementor elementor-17812\" data-elementor-post-type=\"product\">\n\t\t\t\t<div class=\"elementor-element elementor-element-9e401ab e-flex e-con-boxed wd-section-disabled e-con e-parent\" data-id=\"9e401ab\" data-element_type=\"container\">\n\t\t\t\t\t<div class=\"e-con-inner\">\n\t\t\t\t<div class=\"elementor-element elementor-element-2bcdad0 elementor-widget elementor-widget-image\" data-id=\"2bcdad0\" data-element_type=\"widget\" data-widget_type=\"image.default\">\n\t\t\t\t<div class=\"elementor-widget-container\">\n\t\t\t\t\t\t\t\t\t\t\t\t\t\t\t<img decoding=\"async\" src=\"\" title=\"\" alt=\"1111\" loading=\"lazy\" \/>\t\t\t\t\t\t\t\t\t\t\t\t\t\t\t<\/div>\n\t\t\t\t<\/div>\n\t\t\t\t\t<\/div>\n\t\t\t\t<\/div>\n\t\t<div class=\"elementor-element elementor-element-7b479657 e-flex e-con-boxed wd-section-disabled e-con e-parent\" data-id=\"7b479657\" data-element_type=\"container\">\n\t\t\t\t\t<div class=\"e-con-inner\">\n\t\t\t\t<div class=\"elementor-element elementor-element-56b60dd9 color-scheme-inherit text-left elementor-widget elementor-widget-text-editor\" data-id=\"56b60dd9\" data-element_type=\"widget\" data-widget_type=\"text-editor.default\">\n\t\t\t\t<div class=\"elementor-widget-container\">\n\t\t\t\t\t\t\t\t\t<section class=\"elementor-section elementor-top-section elementor-element elementor-element-2837776 elementor-section-boxed elementor-section-height-default elementor-section-height-default wd-section-disabled\" data-id=\"2837776\" data-element_type=\"section\">\r\n<div class=\"elementor-container elementor-column-gap-default\">\r\n<div class=\"elementor-column elementor-col-100 elementor-top-column elementor-element elementor-element-8d04493\" data-id=\"8d04493\" data-element_type=\"column\">\r\n<div class=\"elementor-widget-wrap elementor-element-populated\">\r\n<div class=\"elementor-element elementor-element-d63c831 color-scheme-inherit text-left elementor-widget elementor-widget-text-editor\" data-id=\"d63c831\" data-element_type=\"widget\" data-widget_type=\"text-editor.default\">\r\n<div class=\"elementor-widget-container\">\r\n<h3><strong>Descripci\u00f3n:<\/strong><\/h3>\r\nFabricado con esmero y un toque de encanto del viejo mundo, este escritorio de oficina r\u00fastico combina la calidez de la madera natural con la funcionalidad que exige el d\u00eda a d\u00eda. No se trata s\u00f3lo de hacer el trabajo, sino de sentirse bien mientras lo haces. Tanto si est\u00e1 trabajando desde casa, escribiendo o planificando su pr\u00f3ximo proyecto, este escritorio crea un espacio tranquilo y conectado a tierra en el que puede pensar con claridad. Las vetas de la madera cuentan su propia historia, mientras que la silueta minimalista mantiene el orden visual y mental. Encaja perfectamente en oficinas dom\u00e9sticas, salas de estar o rincones escondidos. Robusta, pr\u00e1ctica y agradable a la vista. Porque un buen dise\u00f1o debe ayudarte, no distraerte. Esto es m\u00e1s que un escritorio. Es su compa\u00f1ero diario, fabricado para durar y dise\u00f1ado para sentirse a gusto.\r\n<h3><strong>Caracter\u00edsticas principales:<\/strong><\/h3>\r\n<ul>\r\n \t<li aria-level=\"1\">Dise\u00f1o industrial moderno con acabado en marr\u00f3n r\u00fastico y enchufe integrado<\/li>\r\n \t<li aria-level=\"1\">Incluye 3 tomas de CA y 2 puertos USB con un cable de alimentaci\u00f3n de 2M<\/li>\r\n \t<li aria-level=\"1\">Estantes reversibles de 2 niveles para una colocaci\u00f3n flexible a izquierda o derecha<\/li>\r\n \t<li aria-level=\"1\">Estante central ajustable para objetos grandes como torres de PC<\/li>\r\n \t<li aria-level=\"1\">Fabricado con madera de ingenier\u00eda duradera y un robusto armaz\u00f3n de acero<\/li>\r\n \t<li aria-level=\"1\">Superficie resistente al agua y a los ara\u00f1azos para un uso prolongado<\/li>\r\n \t<li aria-level=\"1\">Amplio escritorio de 1.000 x 50 cm que admite monitores dobles y mucho m\u00e1s<\/li>\r\n \t<li aria-level=\"1\">Gancho lateral para facilitar el acceso a auriculares o bolsas<\/li>\r\n \t<li aria-level=\"1\">Ideal para trabajar, estudiar o jugar<\/li>\r\n \t<li aria-level=\"1\">Montaje sencillo con instrucciones claras y piezas etiquetadas<\/li>\r\n<\/ul>\r\n<h3><strong>C\u00f3mo utilizarlo<\/strong><\/h3>\r\nColoca este escritorio r\u00fastico con espacio de almacenamiento en tu rinc\u00f3n favorito, y se convertir\u00e1 al instante en el ancla de tu espacio de trabajo diario. Con espacio para el port\u00e1til, los cuadernos e incluso una taza de t\u00e9, est\u00e1 pensado para una productividad tranquila y concentrada. Los estantes integrados pueden colocarse a ambos lados, lo que te permite personalizar la distribuci\u00f3n. Util\u00edzalas para mantener lo esencial cerca y tu superficie despejada. Este escritorio r\u00fastico para ordenador no s\u00f3lo es elegante, sino tambi\u00e9n pr\u00e1ctico. El concentrador de alimentaci\u00f3n integrado con tomas de CA y puertos USB permite cargar los dispositivos sin complicaciones. Sin desorden ni necesidad de buscar enchufes, basta con enchufar y listo. Ya sea para trabajar, estudiar o dar rienda suelta a su creatividad, es un escritorio que se adapta perfectamente a su vida.\r\n<h3><strong>Por qu\u00e9 elegir nuestro Escritorio R\u00fastico 2\u00a0<\/strong><\/h3>\r\nCuando eliges este escritorio r\u00fastico, no s\u00f3lo est\u00e1s seleccionando un mueble, est\u00e1s aportando calidez y estilo a tu espacio. Es m\u00e1s que un escritorio; es una pieza que trabaja para usted, tanto si trabaja desde casa como si estudia o simplemente busca un espacio para ser creativo. El dise\u00f1o r\u00fastico ofrece un atractivo atemporal, combinando a la perfecci\u00f3n en interiores modernos o tradicionales. Un escritorio r\u00fastico marr\u00f3n como \u00e9ste no s\u00f3lo a\u00f1ade car\u00e1cter a su habitaci\u00f3n, sino que tambi\u00e9n mantiene su espacio de trabajo organizado y eficiente. Con un amplio espacio de almacenamiento y una estructura robusta, este escritorio es tan funcional como atractivo. El acabado natural aporta una presencia de tierra a cualquier habitaci\u00f3n, creando un ambiente tranquilo y centrado que es perfecto para la productividad.\r\n\r\n<\/div>\r\n<\/div>\r\n<\/div>\r\n<\/div>\r\n<\/div>\r\n<\/section>\t\t\t\t\t\t\t\t<\/div>\n\t\t\t\t<\/div>\n\t\t\t\t\t<\/div>\n\t\t\t\t<\/div>\n\t\t\t\t<\/div>","protected":false},"excerpt":{"rendered":"<ul class=\"a-unordered-list a-vertical a-spacing-mini\">\n<li class=\"a-spacing-mini\"><span class=\"a-list-item\">\u3010DISE\u00d1O MODERNO CON CONCENTRADOR DE ALIMENTACI\u00d3N INTEGRADO\u3011. Eleve su espacio de trabajo con un elegante dise\u00f1o industrial con un acabado marr\u00f3n r\u00fastico que combina estilo y funcionalidad. El concentrador de alimentaci\u00f3n integrado con cable de alimentaci\u00f3n de 2 m incluye 3 tomas de CA y 2 puertos USB, lo que le permite cargar hasta 5 dispositivos simult\u00e1neamente para una configuraci\u00f3n optimizada y conectada.<\/span><\/li>\n<li class=\"a-spacing-mini\"><span class=\"a-list-item\">\u3010ESTANTES REVERSIBLES PARA UN ALMACENAMIENTO FLEXIBLE\u3011. Personalice su espacio de trabajo con estantes reversibles de 2 niveles que pueden colocarse a ambos lados para adaptarse a la distribuci\u00f3n de su habitaci\u00f3n. El estante central ajustable acomoda art\u00edculos m\u00e1s grandes como torres de PC, mientras que el dise\u00f1o garantiza una organizaci\u00f3n \u00f3ptima para libros, archivos y elementos esenciales.<\/span><\/li>\n<li class=\"a-spacing-mini\"><span class=\"a-list-item\">\u3010MATERIALES DURADEROS DE ALTA CALIDAD\u3011. Construido con un robusto marco de acero y madera de ingenier\u00eda duradera, este escritorio ofrece una estabilidad y fiabilidad inigualables. Su superficie resistente al agua y los ara\u00f1azos asegura que soporta el desgaste diario, por lo que es perfecto para el hogar a largo plazo o el uso de la oficina.<\/span><\/li>\n<li class=\"a-spacing-mini\"><span class=\"a-list-item\">\u3010GRAN ESPACIO DE TRABAJO PARA USO POLIVALENTE\u3011 Disfrute de un espacioso escritorio de 1000x50cm que se adapta a monitores duales, port\u00e1tiles y elementos esenciales. Perfecto para trabajar, estudiar o jugar, ofrece un amplio espacio para la productividad y la comodidad. Su gancho lateral mantiene los auriculares o bolsas al alcance, asegurando un espacio de trabajo ordenado y organizado.<\/span><\/li>\n<li class=\"a-spacing-mini\"><span class=\"a-list-item\">\u3010F\u00c1CIL DE MONTAR PARA UNA CONFIGURACI\u00d3N SIN COMPLICACIONES\u3011. Ahorre tiempo y esfuerzo con instrucciones detalladas y piezas claramente etiquetadas que hacen que el montaje sea r\u00e1pido y sencillo. Configure su escritorio sin esfuerzo, para que pueda centrarse en lo que m\u00e1s importa si se trata de trabajo, estudio o relajaci\u00f3n.<\/span><\/li>\n<\/ul>","protected":false},"featured_media":17814,"comment_status":"open","ping_status":"closed","template":"","meta":[],"product_brand":[],"product_cat":[139],"product_tag":[],"class_list":{"0":"post-17812","1":"product","2":"type-product","3":"status-publish","4":"has-post-thumbnail","6":"product_cat-computer-desk","8":"first","9":"instock","10":"shipping-taxable","11":"purchasable","12":"product-type-simple"},"_links":{"self":[{"href":"https:\/\/theelora.com\/es\/wp-json\/wp\/v2\/product\/17812","targetHints":{"allow":["GET"]}}],"collection":[{"href":"https:\/\/theelora.com\/es\/wp-json\/wp\/v2\/product"}],"about":[{"href":"https:\/\/theelora.com\/es\/wp-json\/wp\/v2\/types\/product"}],"replies":[{"embeddable":true,"href":"https:\/\/theelora.com\/es\/wp-json\/wp\/v2\/comments?post=17812"}],"version-history":[{"count":5,"href":"https:\/\/theelora.com\/es\/wp-json\/wp\/v2\/product\/17812\/revisions"}],"predecessor-version":[{"id":18432,"href":"https:\/\/theelora.com\/es\/wp-json\/wp\/v2\/product\/17812\/revisions\/18432"}],"wp:featuredmedia":[{"embeddable":true,"href":"https:\/\/theelora.com\/es\/wp-json\/wp\/v2\/media\/17814"}],"wp:attachment":[{"href":"https:\/\/theelora.com\/es\/wp-json\/wp\/v2\/media?parent=17812"}],"wp:term":[{"taxonomy":"product_brand","embeddable":true,"href":"https:\/\/theelora.com\/es\/wp-json\/wp\/v2\/product_brand?post=17812"},{"taxonomy":"product_cat","embeddable":true,"href":"https:\/\/theelora.com\/es\/wp-json\/wp\/v2\/product_cat?post=17812"},{"taxonomy":"product_tag","embeddable":true,"href":"https:\/\/theelora.com\/es\/wp-json\/wp\/v2\/product_tag?post=17812"}],"curies":[{"name":"wp","href":"https:\/\/api.w.org\/{rel}","templated":true}]}}