{"id":17828,"date":"2025-09-10T10:28:23","date_gmt":"2025-09-10T09:28:23","guid":{"rendered":"https:\/\/theelora.com\/?post_type=product&#038;p=17828"},"modified":"2025-10-28T08:59:05","modified_gmt":"2025-10-28T08:59:05","slug":"rustic-desk-with-4-storage-shelves","status":"publish","type":"product","link":"https:\/\/theelora.com\/es\/producto\/rustic-desk-with-4-storage-shelves\/","title":{"rendered":"Escritorio R\u00fastico con 4 Estantes"},"content":{"rendered":"<div data-elementor-type=\"product-post\" data-elementor-id=\"17828\" class=\"elementor elementor-17828\" data-elementor-post-type=\"product\">\n\t\t\t\t<div class=\"elementor-element elementor-element-9557c70 e-flex e-con-boxed wd-section-disabled e-con e-parent\" data-id=\"9557c70\" data-element_type=\"container\">\n\t\t\t\t\t<div class=\"e-con-inner\">\n\t\t\t\t<div class=\"elementor-element elementor-element-066874c elementor-widget elementor-widget-wd_image_or_svg\" data-id=\"066874c\" data-element_type=\"widget\" data-widget_type=\"wd_image_or_svg.default\">\n\t\t\t\t<div class=\"elementor-widget-container\">\n\t\t\t\t\t\n\t\t<div class=\"wd-image text-left\">\n\t\t\t\t\t\t\t\t<img fetchpriority=\"high\" decoding=\"async\" width=\"1249\" height=\"2560\" src=\"https:\/\/theelora.com\/wp-content\/uploads\/2025\/09\/CD002-EBC-Desktop-scaled.jpg\" class=\"attachment-full size-full wp-image-18001\" alt=\"\" srcset=\"https:\/\/theelora.com\/wp-content\/uploads\/2025\/09\/CD002-EBC-Desktop-scaled.jpg 1249w, https:\/\/theelora.com\/wp-content\/uploads\/2025\/09\/CD002-EBC-Desktop-146x300.jpg 146w, https:\/\/theelora.com\/wp-content\/uploads\/2025\/09\/CD002-EBC-Desktop-390x800.jpg 390w, https:\/\/theelora.com\/wp-content\/uploads\/2025\/09\/CD002-EBC-Desktop-768x1574.jpg 768w, https:\/\/theelora.com\/wp-content\/uploads\/2025\/09\/CD002-EBC-Desktop-750x1536.jpg 750w, https:\/\/theelora.com\/wp-content\/uploads\/2025\/09\/CD002-EBC-Desktop-999x2048.jpg 999w, https:\/\/theelora.com\/wp-content\/uploads\/2025\/09\/CD002-EBC-Desktop-6x12.jpg 6w, https:\/\/theelora.com\/wp-content\/uploads\/2025\/09\/CD002-EBC-Desktop-700x1434.jpg 700w, https:\/\/theelora.com\/wp-content\/uploads\/2025\/09\/CD002-EBC-Desktop-150x307.jpg 150w\" sizes=\"(max-width: 1249px) 100vw, 1249px\" \/>\t\t\t\t\t<\/div>\n\n\t\t\t\t\t\t<\/div>\n\t\t\t\t<\/div>\n\t\t\t\t\t<\/div>\n\t\t\t\t<\/div>\n\t\t<div class=\"elementor-element elementor-element-456a4726 e-flex e-con-boxed wd-section-disabled e-con e-parent\" data-id=\"456a4726\" data-element_type=\"container\">\n\t\t\t\t\t<div class=\"e-con-inner\">\n\t\t\t\t<div class=\"elementor-element elementor-element-5825e0be color-scheme-inherit text-left elementor-widget elementor-widget-text-editor\" data-id=\"5825e0be\" data-element_type=\"widget\" data-widget_type=\"text-editor.default\">\n\t\t\t\t<div class=\"elementor-widget-container\">\n\t\t\t\t\t\t\t\t\t<section class=\"elementor-section elementor-top-section elementor-element elementor-element-2837776 elementor-section-boxed elementor-section-height-default elementor-section-height-default wd-section-disabled\" data-id=\"2837776\" data-element_type=\"section\">\r\n<div class=\"elementor-container elementor-column-gap-default\">\r\n<div class=\"elementor-column elementor-col-100 elementor-top-column elementor-element elementor-element-8d04493\" data-id=\"8d04493\" data-element_type=\"column\">\r\n<div class=\"elementor-widget-wrap elementor-element-populated\">\r\n<div class=\"elementor-element elementor-element-d63c831 color-scheme-inherit text-left elementor-widget elementor-widget-text-editor\" data-id=\"d63c831\" data-element_type=\"widget\" data-widget_type=\"text-editor.default\">\r\n<div class=\"elementor-widget-container\">\r\n\r\nHay algo innegable en trabajar en un escritorio r\u00fastico de madera. No es s\u00f3lo un mueble, es una declaraci\u00f3n de intenciones. Un sutil gui\u00f1o a tiempos m\u00e1s sencillos, tra\u00eddo al mundo moderno con l\u00edneas limpias y un dise\u00f1o pr\u00e1ctico. Fabricado con esmero, el escritorio aporta un toque de naturaleza a tu espacio de trabajo. Tanto si est\u00e1 contestando correos electr\u00f3nicos, esbozando ideas o simplemente tomando un caf\u00e9 por la ma\u00f1ana mientras planifica el d\u00eda que tiene por delante, este escritorio marca la pauta. Robusto, fiable y lleno de car\u00e1cter, no llama la atenci\u00f3n a gritos, pero sin duda se la gana. El rico veteado y los tonos c\u00e1lidos de la madera son agradables a la vista, mientras que la amplia superficie y los inteligentes toques de almacenamiento ayudan a mantener despejados tu espacio y tu mente. Es el tipo de escritorio que siempre ha estado en tu casa.\r\n<h3><strong>Caracter\u00edsticas principales:<\/strong><\/h3>\r\n<ul>\r\n \t<li aria-level=\"1\">Dise\u00f1o industrial moderno con acabado en marr\u00f3n r\u00fastico y enchufe integrado<\/li>\r\n \t<li aria-level=\"1\">El concentrador de alimentaci\u00f3n incluye 3 tomas de CA y 2 puertos USB con un cable de alimentaci\u00f3n de 2M<\/li>\r\n \t<li aria-level=\"1\">Estantes reversibles de 4 niveles para una colocaci\u00f3n flexible a la izquierda o a la derecha<\/li>\r\n \t<li aria-level=\"1\">El estante central ajustable se adapta a art\u00edculos m\u00e1s grandes, como torres de PC<\/li>\r\n \t<li aria-level=\"1\">Armaz\u00f3n de acero resistente y madera de ingenier\u00eda para un uso duradero<\/li>\r\n \t<li aria-level=\"1\">Superficie resistente al agua y a los ara\u00f1azos para una durabilidad diaria<\/li>\r\n \t<li aria-level=\"1\">Amplio escritorio de 120 x 46 cm apto para trabajar, estudiar o jugar<\/li>\r\n \t<li aria-level=\"1\">Gancho lateral para guardar c\u00f3modamente auriculares o bolsas<\/li>\r\n \t<li aria-level=\"1\">F\u00e1cil montaje con instrucciones claras y piezas etiquetadas<\/li>\r\n<\/ul>\r\n<h3><strong>C\u00f3mo utilizarlo<\/strong><\/h3>\r\nUtilizar este escritorio r\u00fastico marr\u00f3n consiste en crear un espacio que sientas tuyo sin esfuerzo. Empieza por elegir el lado que m\u00e1s te convenga, la estanter\u00eda reversible te permite decidir si necesitas lo esencial a la izquierda o a la derecha. \u00bfTienes una voluminosa torre de PC o una pila de libros de dise\u00f1o? No se preocupe. El estante central ajustable est\u00e1 hecho exactamente para eso. Ench\u00fafelo y alim\u00e9ntelo con facilidad gracias al concentrador integrado. Con tres tomas de CA y dos puertos USB, puede tener todos sus dispositivos cargados y a mano, sin tener que buscar enchufes de repuesto. Una vez que todo est\u00e9 en su sitio, dispondr\u00e1 de un escritorio espacioso listo para cualquier cosa, desde las reuniones del lunes hasta los juegos del fin de semana. Este escritorio no s\u00f3lo es pr\u00e1ctico, sino que a\u00f1ade calidez y textura a tu habitaci\u00f3n. Tanto si se trata de una oficina en casa como de un rinc\u00f3n creativo, descubrir\u00e1 que no es s\u00f3lo un lugar para trabajar, sino un espacio que funciona para usted.\r\n<h3><\/h3>\r\n<h3><strong>Por qu\u00e9 elegir nuestro escritorio r\u00fastico<\/strong><\/h3>\r\nEste escritorio r\u00fastico puede ser utilizado como su configuraci\u00f3n de la computadora tambi\u00e9n. Tanto si est\u00e1s montando una configuraci\u00f3n de doble pantalla, como si utilizas un port\u00e1til con extras o simplemente quieres tenerlo todo bien ordenado, este escritorio te ayudar\u00e1. Tiene espacio de sobra para los monitores, el teclado y los accesorios, y el concentrador de alimentaci\u00f3n integrado evita tener que andar buscando enchufes. Puede mantener sus dispositivos cargados y sus cables bajo control, todo desde un mismo lugar. Es un escritorio realmente \u00fatil. El acabado rico y c\u00e1lido a\u00f1ade car\u00e1cter a su habitaci\u00f3n, mientras que la construcci\u00f3n s\u00f3lida y los estantes flexibles lo hacen ideal para crear una configuraci\u00f3n limpia y centrada. Ya sea para trabajar o para jugar, es un escritorio que ofrece estilo y sustancia.\r\n\r\n<\/div>\r\n<\/div>\r\n<\/div>\r\n<\/div>\r\n<\/div>\r\n<\/section>\t\t\t\t\t\t\t\t<\/div>\n\t\t\t\t<\/div>\n\t\t\t\t\t<\/div>\n\t\t\t\t<\/div>\n\t\t\t\t<\/div>","protected":false},"excerpt":{"rendered":"<ul class=\"a-unordered-list a-vertical a-spacing-mini\">\n<li class=\"a-spacing-mini\"><span class=\"a-list-item\">\u3010DISE\u00d1O MODERNO CON CONCENTRADOR DE ALIMENTACI\u00d3N INTEGRADO\u3011. Eleve su espacio de trabajo con un elegante dise\u00f1o industrial con un acabado marr\u00f3n r\u00fastico que combina estilo y funcionalidad. El concentrador de alimentaci\u00f3n integrado con un cable de alimentaci\u00f3n de 2 m incluye 3 tomas de CA y 2 puertos USB, lo que le permite cargar simult\u00e1neamente hasta 5 dispositivos para una configuraci\u00f3n optimizada y conectada.<\/span><\/li>\n<li class=\"a-spacing-mini\"><span class=\"a-list-item\">\u3010ESTANTES REVERSIBLES PARA UN ALMACENAMIENTO FLEXIBLE\u3011. Personalice su espacio de trabajo con estantes reversibles de 4 niveles que pueden colocarse a ambos lados para adaptarse a la distribuci\u00f3n de su habitaci\u00f3n. El estante central ajustable acomoda art\u00edculos m\u00e1s grandes como torres de PC, mientras que el dise\u00f1o garantiza una organizaci\u00f3n \u00f3ptima para libros, archivos y elementos esenciales.<\/span><\/li>\n<li class=\"a-spacing-mini\"><span class=\"a-list-item\">\u3010MATERIALES DURADEROS DE ALTA CALIDAD\u3011. Construido con un robusto marco de acero y madera de ingenier\u00eda duradera, este escritorio ofrece una estabilidad y fiabilidad inigualables. Su superficie resistente al agua y los ara\u00f1azos asegura que soporta el desgaste diario, por lo que es perfecto para el hogar a largo plazo o el uso de la oficina.<\/span><\/li>\n<li class=\"a-spacing-mini\"><span class=\"a-list-item\">\u3010GRAN ESPACIO DE TRABAJO PARA USO POLIVALENTE\u3011 Disfrute de un espacioso escritorio de 120x46cm en el que caben monitores duales, port\u00e1tiles y elementos esenciales. Perfecto para trabajar, estudiar o jugar, ofrece un amplio espacio para la productividad y la comodidad. Su gancho lateral mantiene los auriculares o bolsos al alcance, garantizando un espacio de trabajo ordenado y organizado.<\/span><\/li>\n<li class=\"a-spacing-mini\"><span class=\"a-list-item\">\u3010F\u00c1CIL DE MONTAR PARA UNA CONFIGURACI\u00d3N SIN COMPLICACIONES\u3011. Ahorre tiempo y esfuerzo con instrucciones detalladas y piezas claramente etiquetadas que hacen que el montaje sea r\u00e1pido y sencillo. Configure su escritorio sin esfuerzo, para que pueda centrarse en lo que m\u00e1s importa si se trata de trabajo, estudio o relajaci\u00f3n.<\/span><\/li>\n<\/ul>","protected":false},"featured_media":17837,"comment_status":"open","ping_status":"closed","template":"","meta":[],"product_brand":[],"product_cat":[139],"product_tag":[],"class_list":{"0":"post-17828","1":"product","2":"type-product","3":"status-publish","4":"has-post-thumbnail","6":"product_cat-computer-desk","8":"first","9":"instock","10":"shipping-taxable","11":"purchasable","12":"product-type-simple"},"_links":{"self":[{"href":"https:\/\/theelora.com\/es\/wp-json\/wp\/v2\/product\/17828","targetHints":{"allow":["GET"]}}],"collection":[{"href":"https:\/\/theelora.com\/es\/wp-json\/wp\/v2\/product"}],"about":[{"href":"https:\/\/theelora.com\/es\/wp-json\/wp\/v2\/types\/product"}],"replies":[{"embeddable":true,"href":"https:\/\/theelora.com\/es\/wp-json\/wp\/v2\/comments?post=17828"}],"version-history":[{"count":5,"href":"https:\/\/theelora.com\/es\/wp-json\/wp\/v2\/product\/17828\/revisions"}],"predecessor-version":[{"id":18431,"href":"https:\/\/theelora.com\/es\/wp-json\/wp\/v2\/product\/17828\/revisions\/18431"}],"wp:featuredmedia":[{"embeddable":true,"href":"https:\/\/theelora.com\/es\/wp-json\/wp\/v2\/media\/17837"}],"wp:attachment":[{"href":"https:\/\/theelora.com\/es\/wp-json\/wp\/v2\/media?parent=17828"}],"wp:term":[{"taxonomy":"product_brand","embeddable":true,"href":"https:\/\/theelora.com\/es\/wp-json\/wp\/v2\/product_brand?post=17828"},{"taxonomy":"product_cat","embeddable":true,"href":"https:\/\/theelora.com\/es\/wp-json\/wp\/v2\/product_cat?post=17828"},{"taxonomy":"product_tag","embeddable":true,"href":"https:\/\/theelora.com\/es\/wp-json\/wp\/v2\/product_tag?post=17828"}],"curies":[{"name":"wp","href":"https:\/\/api.w.org\/{rel}","templated":true}]}}