{"id":17859,"date":"2025-09-10T10:43:14","date_gmt":"2025-09-10T09:43:14","guid":{"rendered":"https:\/\/theelora.com\/?post_type=product&#038;p=17859"},"modified":"2025-09-15T09:32:18","modified_gmt":"2025-09-15T08:32:18","slug":"walnut-brown-iron-tv-unit","status":"publish","type":"product","link":"https:\/\/theelora.com\/es\/producto\/walnut-brown-iron-tv-unit\/","title":{"rendered":"Mueble TV Hierro Marr\u00f3n Nogal"},"content":{"rendered":"<div data-elementor-type=\"product-post\" data-elementor-id=\"17859\" class=\"elementor elementor-17859\" data-elementor-post-type=\"product\">\n\t\t\t\t<div class=\"elementor-element elementor-element-5dd4090 e-flex e-con-boxed wd-section-disabled e-con e-parent\" data-id=\"5dd4090\" data-element_type=\"container\">\n\t\t\t\t\t<div class=\"e-con-inner\">\n\t\t\t\t<div class=\"elementor-element elementor-element-c89edb9 elementor-widget elementor-widget-image\" data-id=\"c89edb9\" data-element_type=\"widget\" data-widget_type=\"image.default\">\n\t\t\t\t<div class=\"elementor-widget-container\">\n\t\t\t\t\t\t\t\t\t\t\t\t\t\t\t<img fetchpriority=\"high\" decoding=\"async\" width=\"1300\" height=\"533\" src=\"https:\/\/theelora.com\/wp-content\/uploads\/2025\/09\/TV-C-3-1-1300x533.jpg\" class=\"attachment-large size-large wp-image-18247\" alt=\"\" srcset=\"https:\/\/theelora.com\/wp-content\/uploads\/2025\/09\/TV-C-3-1-1300x533.jpg 1300w, https:\/\/theelora.com\/wp-content\/uploads\/2025\/09\/TV-C-3-1-400x164.jpg 400w, https:\/\/theelora.com\/wp-content\/uploads\/2025\/09\/TV-C-3-1-768x315.jpg 768w, https:\/\/theelora.com\/wp-content\/uploads\/2025\/09\/TV-C-3-1-18x7.jpg 18w, https:\/\/theelora.com\/wp-content\/uploads\/2025\/09\/TV-C-3-1-700x287.jpg 700w, https:\/\/theelora.com\/wp-content\/uploads\/2025\/09\/TV-C-3-1-150x61.jpg 150w, https:\/\/theelora.com\/wp-content\/uploads\/2025\/09\/TV-C-3-1.jpg 1464w\" sizes=\"(max-width: 1300px) 100vw, 1300px\" \/>\t\t\t\t\t\t\t\t\t\t\t\t\t\t\t<\/div>\n\t\t\t\t<\/div>\n\t\t\t\t\t<\/div>\n\t\t\t\t<\/div>\n\t\t<div class=\"elementor-element elementor-element-cb0c699 e-grid e-con-boxed wd-section-disabled e-con e-parent\" data-id=\"cb0c699\" data-element_type=\"container\">\n\t\t\t\t\t<div class=\"e-con-inner\">\n\t\t\t\t<div class=\"elementor-element elementor-element-45f3b02 elementor-widget elementor-widget-image\" data-id=\"45f3b02\" data-element_type=\"widget\" data-widget_type=\"image.default\">\n\t\t\t\t<div class=\"elementor-widget-container\">\n\t\t\t\t\t\t\t\t\t\t\t\t\t\t\t<img decoding=\"async\" width=\"1300\" height=\"533\" src=\"https:\/\/theelora.com\/wp-content\/uploads\/2025\/09\/TV-C-2-1-1300x533.jpg\" class=\"attachment-large size-large wp-image-18248\" alt=\"\" srcset=\"https:\/\/theelora.com\/wp-content\/uploads\/2025\/09\/TV-C-2-1-1300x533.jpg 1300w, https:\/\/theelora.com\/wp-content\/uploads\/2025\/09\/TV-C-2-1-400x164.jpg 400w, https:\/\/theelora.com\/wp-content\/uploads\/2025\/09\/TV-C-2-1-768x315.jpg 768w, https:\/\/theelora.com\/wp-content\/uploads\/2025\/09\/TV-C-2-1-18x7.jpg 18w, https:\/\/theelora.com\/wp-content\/uploads\/2025\/09\/TV-C-2-1-700x287.jpg 700w, https:\/\/theelora.com\/wp-content\/uploads\/2025\/09\/TV-C-2-1-150x61.jpg 150w, https:\/\/theelora.com\/wp-content\/uploads\/2025\/09\/TV-C-2-1.jpg 1464w\" sizes=\"(max-width: 1300px) 100vw, 1300px\" \/>\t\t\t\t\t\t\t\t\t\t\t\t\t\t\t<\/div>\n\t\t\t\t<\/div>\n\t\t\t\t<div class=\"elementor-element elementor-element-4063c5a elementor-widget elementor-widget-image\" data-id=\"4063c5a\" data-element_type=\"widget\" data-widget_type=\"image.default\">\n\t\t\t\t<div class=\"elementor-widget-container\">\n\t\t\t\t\t\t\t\t\t\t\t\t\t\t\t<img decoding=\"async\" width=\"1300\" height=\"533\" src=\"https:\/\/theelora.com\/wp-content\/uploads\/2025\/09\/TV-C-1-1-1300x533.jpg\" class=\"attachment-large size-large wp-image-18249\" alt=\"\" srcset=\"https:\/\/theelora.com\/wp-content\/uploads\/2025\/09\/TV-C-1-1-1300x533.jpg 1300w, https:\/\/theelora.com\/wp-content\/uploads\/2025\/09\/TV-C-1-1-400x164.jpg 400w, https:\/\/theelora.com\/wp-content\/uploads\/2025\/09\/TV-C-1-1-768x315.jpg 768w, https:\/\/theelora.com\/wp-content\/uploads\/2025\/09\/TV-C-1-1-18x7.jpg 18w, https:\/\/theelora.com\/wp-content\/uploads\/2025\/09\/TV-C-1-1-700x287.jpg 700w, https:\/\/theelora.com\/wp-content\/uploads\/2025\/09\/TV-C-1-1-150x61.jpg 150w, https:\/\/theelora.com\/wp-content\/uploads\/2025\/09\/TV-C-1-1.jpg 1464w\" sizes=\"(max-width: 1300px) 100vw, 1300px\" \/>\t\t\t\t\t\t\t\t\t\t\t\t\t\t\t<\/div>\n\t\t\t\t<\/div>\n\t\t\t\t<div class=\"elementor-element elementor-element-728ca14 elementor-widget elementor-widget-image\" data-id=\"728ca14\" data-element_type=\"widget\" data-widget_type=\"image.default\">\n\t\t\t\t<div class=\"elementor-widget-container\">\n\t\t\t\t\t\t\t\t\t\t\t\t\t\t\t<img loading=\"lazy\" decoding=\"async\" width=\"1300\" height=\"533\" src=\"https:\/\/theelora.com\/wp-content\/uploads\/2025\/09\/TV-C-4-1-1300x533.jpg\" class=\"attachment-large size-large wp-image-18250\" alt=\"\" srcset=\"https:\/\/theelora.com\/wp-content\/uploads\/2025\/09\/TV-C-4-1-1300x533.jpg 1300w, https:\/\/theelora.com\/wp-content\/uploads\/2025\/09\/TV-C-4-1-400x164.jpg 400w, https:\/\/theelora.com\/wp-content\/uploads\/2025\/09\/TV-C-4-1-768x315.jpg 768w, https:\/\/theelora.com\/wp-content\/uploads\/2025\/09\/TV-C-4-1-18x7.jpg 18w, https:\/\/theelora.com\/wp-content\/uploads\/2025\/09\/TV-C-4-1-700x287.jpg 700w, https:\/\/theelora.com\/wp-content\/uploads\/2025\/09\/TV-C-4-1-150x61.jpg 150w, https:\/\/theelora.com\/wp-content\/uploads\/2025\/09\/TV-C-4-1.jpg 1464w\" sizes=\"(max-width: 1300px) 100vw, 1300px\" \/>\t\t\t\t\t\t\t\t\t\t\t\t\t\t\t<\/div>\n\t\t\t\t<\/div>\n\t\t\t\t\t<\/div>\n\t\t\t\t<\/div>\n\t\t<div class=\"elementor-element elementor-element-116a7480 e-flex e-con-boxed wd-section-disabled e-con e-parent\" data-id=\"116a7480\" data-element_type=\"container\">\n\t\t\t\t\t<div class=\"e-con-inner\">\n\t\t\t\t<div class=\"elementor-element elementor-element-70305935 color-scheme-inherit text-left elementor-widget elementor-widget-text-editor\" data-id=\"70305935\" data-element_type=\"widget\" data-widget_type=\"text-editor.default\">\n\t\t\t\t<div class=\"elementor-widget-container\">\n\t\t\t\t\t\t\t\t\t<section class=\"elementor-section elementor-top-section elementor-element elementor-element-2837776 elementor-section-boxed elementor-section-height-default elementor-section-height-default wd-section-disabled\" data-id=\"2837776\" data-element_type=\"section\">\r\n<div class=\"elementor-container elementor-column-gap-default\">\r\n<div class=\"elementor-column elementor-col-100 elementor-top-column elementor-element elementor-element-8d04493\" data-id=\"8d04493\" data-element_type=\"column\">\r\n<div class=\"elementor-widget-wrap elementor-element-populated\">\r\n<div class=\"elementor-element elementor-element-d63c831 color-scheme-inherit text-left elementor-widget elementor-widget-text-editor\" data-id=\"d63c831\" data-element_type=\"widget\" data-widget_type=\"text-editor.default\">\r\n<div class=\"elementor-widget-container\">\r\n<h3><strong>Descripci\u00f3n:<\/strong><\/h3>\r\nLos soportes de TV de ADOV ofrecen la fusi\u00f3n perfecta de dise\u00f1o moderno y funcionalidad. Dise\u00f1ados para complementar cualquier espacio, estos soportes ofrecen un amplio espacio de almacenamiento a la vez que realzan la est\u00e9tica de su habitaci\u00f3n. Con l\u00edneas elegantes y materiales duraderos, albergan sin esfuerzo su televisor y otros elementos esenciales de entretenimiento. Tanto si busca una pieza minimalista como un dise\u00f1o m\u00e1s elaborado, estos soportes est\u00e1n hechos para impresionar, combinando estilo y funcionalidad para el hogar moderno.\r\n<h3><strong>Caracter\u00edsticas principales:<\/strong><\/h3>\r\n<ul>\r\n \t<li aria-level=\"1\">Se adapta a televisores de hasta 65 pulgadas, con unas dimensiones de 46 x 147 x 61 cm<\/li>\r\n \t<li aria-level=\"1\">Soporta hasta 220 lb, ideal para grandes salones<\/li>\r\n \t<li aria-level=\"1\">Construido con un marco de metal resistente y madera de ingenier\u00eda<\/li>\r\n \t<li aria-level=\"1\">Reforzado con dos soportes adicionales de acero inoxidable para mayor estabilidad<\/li>\r\n \t<li aria-level=\"1\">Fabricado con tablero de part\u00edculas certificado E1 y hierro resistente<\/li>\r\n \t<li aria-level=\"1\">Incluye 5 estantes abiertos y 2 armarios cerrados para un almacenamiento organizado<\/li>\r\n \t<li aria-level=\"1\">Incorpora 2 sistemas de gesti\u00f3n de cables<\/li>\r\n \t<li aria-level=\"1\">Superficie resistente al agua y a los ara\u00f1azos con una chapa protectora<\/li>\r\n \t<li aria-level=\"1\">F\u00e1cil de limpiar y mantener para el uso diario<\/li>\r\n<\/ul>\r\n<h3><strong>C\u00f3mo utilizarlo<\/strong><\/h3>\r\nPara utilizar el mueble de TV ADOV, empiece por colocarlo en el lugar que desee, asegur\u00e1ndose de que complementa la distribuci\u00f3n de su habitaci\u00f3n. Los amplios estantes permiten guardar f\u00e1cilmente dispositivos multimedia, consolas de videojuegos u objetos decorativos, manteniendo su espacio ordenado y organizado. La robusta construcci\u00f3n garantiza un soporte seguro para su televisor, mientras que el elegante dise\u00f1o a\u00f1ade un toque moderno a su sal\u00f3n. Tanto si lo utiliza para entretenerse como si es una elegante soluci\u00f3n de almacenamiento, este mueble para TV cumplir\u00e1 ambos prop\u00f3sitos sin esfuerzo.\r\n<h3><strong>Por qu\u00e9 elegir nuestro mueble para TV marr\u00f3n nogal<\/strong><\/h3>\r\nElegir nuestro soporte de TV significa optar tanto por el estilo como por la funcionalidad. Su elegante dise\u00f1o se integra a la perfecci\u00f3n en cualquier habitaci\u00f3n, realzando la decoraci\u00f3n general. Con su robusta construcci\u00f3n, el soporte de TV garantiza que su televisor est\u00e9 bien colocado, ofreciendo tranquilidad al tiempo que a\u00f1ade un toque moderno. Su amplio espacio de almacenamiento es perfecto para mantener ordenados los dispositivos de entretenimiento y los accesorios. Tanto si prioriza la est\u00e9tica como la practicidad, este soporte de TV satisface todas sus necesidades con facilidad y sofisticaci\u00f3n.\r\n\r\n<\/div>\r\n<\/div>\r\n<\/div>\r\n<\/div>\r\n<\/div>\r\n<\/section>\t\t\t\t\t\t\t\t<\/div>\n\t\t\t\t<\/div>\n\t\t\t\t\t<\/div>\n\t\t\t\t<\/div>\n\t\t\t\t<\/div>","protected":false},"excerpt":{"rendered":"<ul class=\"a-unordered-list a-vertical a-spacing-mini\">\n<li>AJUSTE PERFECTO PARA TELEVISORES GRANDES DE HASTA 65 PULGADAS\u3011Este mueble para televisor de 65 pulgadas mide 46 x 147 x 61 cm, lo que lo convierte en la opci\u00f3n ideal para salones grandes. Con una capacidad de peso probada para soportar hasta 220 libras, ofrece una base robusta para su televisor.<\/li>\n<li>\u3010STRONGER &amp; STURDIER DESIGN\u3011Este soporte de TV alto cuenta con un marco de metal robusto, reforzado con dos soportes de acero inoxidable adicionales, y una construcci\u00f3n de madera de ingenier\u00eda para una mayor durabilidad. Dise\u00f1ado para soportar un peso de hasta 220 lb, es compatible con televisores de hasta 65\u2033 y un peso de hasta 70 lb.<\/li>\n<li>\u3010PREMIUM BUILD - RELIABLE AND SAFE MATERIALS\u3011Crafted from E1-certified particle board and sturdy iron, this wooden tv stand guarantees durability and long-lasting performance. Los materiales utilizados son seguros para su hogar y lo suficientemente fuerte como para servirle en los pr\u00f3ximos a\u00f1os.<\/li>\n<li>\u3010SMART STORAGE - KEEP EVERYTHING ORGANISED\u3011Este mueble de TV para sal\u00f3n proporciona un almacenamiento vers\u00e1til con 5 estantes abiertos, 2 armarios cerrados y 2 sistemas de gesti\u00f3n de cables. Es ideal para mantener organizados sus dispositivos multimedia, libros y decoraci\u00f3n.<\/li>\n<li>\u3010RESISTENTE AL AGUA Y F\u00c1CIL DE LIMPIAR\u3011La superficie de esta consola de TV est\u00e1 tratada con una capa de chapa protectora, lo que la hace resistente al agua y a los ara\u00f1azos. No solo es duradera, sino que tambi\u00e9n es incre\u00edblemente f\u00e1cil de limpiar, manteniendo su hogar ordenado con el m\u00ednimo esfuerzo.<\/li>\n<\/ul>","protected":false},"featured_media":17860,"comment_status":"open","ping_status":"closed","template":"","meta":[],"product_brand":[],"product_cat":[140],"product_tag":[142],"class_list":{"0":"post-17859","1":"product","2":"type-product","3":"status-publish","4":"has-post-thumbnail","6":"product_cat-bookshelf","7":"product_tag-bookcase-and-shelf","9":"first","10":"instock","11":"shipping-taxable","12":"purchasable","13":"product-type-simple"},"_links":{"self":[{"href":"https:\/\/theelora.com\/es\/wp-json\/wp\/v2\/product\/17859","targetHints":{"allow":["GET"]}}],"collection":[{"href":"https:\/\/theelora.com\/es\/wp-json\/wp\/v2\/product"}],"about":[{"href":"https:\/\/theelora.com\/es\/wp-json\/wp\/v2\/types\/product"}],"replies":[{"embeddable":true,"href":"https:\/\/theelora.com\/es\/wp-json\/wp\/v2\/comments?post=17859"}],"version-history":[{"count":5,"href":"https:\/\/theelora.com\/es\/wp-json\/wp\/v2\/product\/17859\/revisions"}],"predecessor-version":[{"id":18254,"href":"https:\/\/theelora.com\/es\/wp-json\/wp\/v2\/product\/17859\/revisions\/18254"}],"wp:featuredmedia":[{"embeddable":true,"href":"https:\/\/theelora.com\/es\/wp-json\/wp\/v2\/media\/17860"}],"wp:attachment":[{"href":"https:\/\/theelora.com\/es\/wp-json\/wp\/v2\/media?parent=17859"}],"wp:term":[{"taxonomy":"product_brand","embeddable":true,"href":"https:\/\/theelora.com\/es\/wp-json\/wp\/v2\/product_brand?post=17859"},{"taxonomy":"product_cat","embeddable":true,"href":"https:\/\/theelora.com\/es\/wp-json\/wp\/v2\/product_cat?post=17859"},{"taxonomy":"product_tag","embeddable":true,"href":"https:\/\/theelora.com\/es\/wp-json\/wp\/v2\/product_tag?post=17859"}],"curies":[{"name":"wp","href":"https:\/\/api.w.org\/{rel}","templated":true}]}}