{"id":17877,"date":"2025-09-10T11:27:31","date_gmt":"2025-09-10T10:27:31","guid":{"rendered":"https:\/\/theelora.com\/?post_type=product&#038;p=17877"},"modified":"2025-10-28T09:02:19","modified_gmt":"2025-10-28T09:02:19","slug":"white-l-shaped-computer-desk","status":"publish","type":"product","link":"https:\/\/theelora.com\/es\/producto\/white-l-shaped-computer-desk\/","title":{"rendered":"Escritorio de ordenador blanco en forma de L"},"content":{"rendered":"<div data-elementor-type=\"product-post\" data-elementor-id=\"17877\" class=\"elementor elementor-17877\" data-elementor-post-type=\"product\">\n\t\t\t\t<div class=\"elementor-element elementor-element-ce1a86f e-flex e-con-boxed wd-section-disabled e-con e-parent\" data-id=\"ce1a86f\" data-element_type=\"container\">\n\t\t\t\t\t<div class=\"e-con-inner\">\n\t\t\t\t<div class=\"elementor-element elementor-element-f5660eb elementor-widget elementor-widget-image\" data-id=\"f5660eb\" data-element_type=\"widget\" data-widget_type=\"image.default\">\n\t\t\t\t<div class=\"elementor-widget-container\">\n\t\t\t\t\t\t\t\t\t\t\t\t\t\t\t<img fetchpriority=\"high\" decoding=\"async\" width=\"1300\" height=\"533\" src=\"https:\/\/theelora.com\/wp-content\/uploads\/2025\/09\/L-Shaped-1-1300x533.jpg\" class=\"attachment-large size-large wp-image-18079\" alt=\"\" srcset=\"https:\/\/theelora.com\/wp-content\/uploads\/2025\/09\/L-Shaped-1-1300x533.jpg 1300w, https:\/\/theelora.com\/wp-content\/uploads\/2025\/09\/L-Shaped-1-400x164.jpg 400w, https:\/\/theelora.com\/wp-content\/uploads\/2025\/09\/L-Shaped-1-768x315.jpg 768w, https:\/\/theelora.com\/wp-content\/uploads\/2025\/09\/L-Shaped-1-18x7.jpg 18w, https:\/\/theelora.com\/wp-content\/uploads\/2025\/09\/L-Shaped-1-700x287.jpg 700w, https:\/\/theelora.com\/wp-content\/uploads\/2025\/09\/L-Shaped-1-150x61.jpg 150w, https:\/\/theelora.com\/wp-content\/uploads\/2025\/09\/L-Shaped-1.jpg 1464w\" sizes=\"(max-width: 1300px) 100vw, 1300px\" \/>\t\t\t\t\t\t\t\t\t\t\t\t\t\t\t<\/div>\n\t\t\t\t<\/div>\n\t\t\t\t\t<\/div>\n\t\t\t\t<\/div>\n\t\t<div class=\"elementor-element elementor-element-12696dc e-grid e-con-boxed wd-section-disabled e-con e-parent\" data-id=\"12696dc\" data-element_type=\"container\">\n\t\t\t\t\t<div class=\"e-con-inner\">\n\t\t\t\t<div class=\"elementor-element elementor-element-7dd2800 elementor-widget elementor-widget-image\" data-id=\"7dd2800\" data-element_type=\"widget\" data-widget_type=\"image.default\">\n\t\t\t\t<div class=\"elementor-widget-container\">\n\t\t\t\t\t\t\t\t\t\t\t\t\t\t\t<img decoding=\"async\" width=\"1300\" height=\"533\" src=\"https:\/\/theelora.com\/wp-content\/uploads\/2025\/09\/L2-1-1300x533.jpg\" class=\"attachment-large size-large wp-image-18080\" alt=\"\" srcset=\"https:\/\/theelora.com\/wp-content\/uploads\/2025\/09\/L2-1-1300x533.jpg 1300w, https:\/\/theelora.com\/wp-content\/uploads\/2025\/09\/L2-1-400x164.jpg 400w, https:\/\/theelora.com\/wp-content\/uploads\/2025\/09\/L2-1-768x315.jpg 768w, https:\/\/theelora.com\/wp-content\/uploads\/2025\/09\/L2-1-18x7.jpg 18w, https:\/\/theelora.com\/wp-content\/uploads\/2025\/09\/L2-1-700x287.jpg 700w, https:\/\/theelora.com\/wp-content\/uploads\/2025\/09\/L2-1-150x61.jpg 150w, https:\/\/theelora.com\/wp-content\/uploads\/2025\/09\/L2-1.jpg 1464w\" sizes=\"(max-width: 1300px) 100vw, 1300px\" \/>\t\t\t\t\t\t\t\t\t\t\t\t\t\t\t<\/div>\n\t\t\t\t<\/div>\n\t\t\t\t<div class=\"elementor-element elementor-element-111de01 elementor-widget elementor-widget-image\" data-id=\"111de01\" data-element_type=\"widget\" data-widget_type=\"image.default\">\n\t\t\t\t<div class=\"elementor-widget-container\">\n\t\t\t\t\t\t\t\t\t\t\t\t\t\t\t<img decoding=\"async\" width=\"1300\" height=\"533\" src=\"https:\/\/theelora.com\/wp-content\/uploads\/2025\/09\/L3-1-1300x533.jpg\" class=\"attachment-large size-large wp-image-18081\" alt=\"\" srcset=\"https:\/\/theelora.com\/wp-content\/uploads\/2025\/09\/L3-1-1300x533.jpg 1300w, https:\/\/theelora.com\/wp-content\/uploads\/2025\/09\/L3-1-400x164.jpg 400w, https:\/\/theelora.com\/wp-content\/uploads\/2025\/09\/L3-1-768x315.jpg 768w, https:\/\/theelora.com\/wp-content\/uploads\/2025\/09\/L3-1-18x7.jpg 18w, https:\/\/theelora.com\/wp-content\/uploads\/2025\/09\/L3-1-700x287.jpg 700w, https:\/\/theelora.com\/wp-content\/uploads\/2025\/09\/L3-1-150x61.jpg 150w, https:\/\/theelora.com\/wp-content\/uploads\/2025\/09\/L3-1.jpg 1464w\" sizes=\"(max-width: 1300px) 100vw, 1300px\" \/>\t\t\t\t\t\t\t\t\t\t\t\t\t\t\t<\/div>\n\t\t\t\t<\/div>\n\t\t\t\t<div class=\"elementor-element elementor-element-0990f7b elementor-widget elementor-widget-image\" data-id=\"0990f7b\" data-element_type=\"widget\" data-widget_type=\"image.default\">\n\t\t\t\t<div class=\"elementor-widget-container\">\n\t\t\t\t\t\t\t\t\t\t\t\t\t\t\t<img loading=\"lazy\" decoding=\"async\" width=\"1300\" height=\"533\" src=\"https:\/\/theelora.com\/wp-content\/uploads\/2025\/09\/L4-1-1300x533.jpg\" class=\"attachment-large size-large wp-image-18082\" alt=\"\" srcset=\"https:\/\/theelora.com\/wp-content\/uploads\/2025\/09\/L4-1-1300x533.jpg 1300w, https:\/\/theelora.com\/wp-content\/uploads\/2025\/09\/L4-1-400x164.jpg 400w, https:\/\/theelora.com\/wp-content\/uploads\/2025\/09\/L4-1-768x315.jpg 768w, https:\/\/theelora.com\/wp-content\/uploads\/2025\/09\/L4-1-18x7.jpg 18w, https:\/\/theelora.com\/wp-content\/uploads\/2025\/09\/L4-1-700x287.jpg 700w, https:\/\/theelora.com\/wp-content\/uploads\/2025\/09\/L4-1-150x61.jpg 150w, https:\/\/theelora.com\/wp-content\/uploads\/2025\/09\/L4-1.jpg 1464w\" sizes=\"(max-width: 1300px) 100vw, 1300px\" \/>\t\t\t\t\t\t\t\t\t\t\t\t\t\t\t<\/div>\n\t\t\t\t<\/div>\n\t\t\t\t\t<\/div>\n\t\t\t\t<\/div>\n\t\t<div class=\"elementor-element elementor-element-2daedc12 e-flex e-con-boxed wd-section-disabled e-con e-parent\" data-id=\"2daedc12\" data-element_type=\"container\">\n\t\t\t\t\t<div class=\"e-con-inner\">\n\t\t\t\t<div class=\"elementor-element elementor-element-786c1bc7 color-scheme-inherit text-left elementor-widget elementor-widget-text-editor\" data-id=\"786c1bc7\" data-element_type=\"widget\" data-widget_type=\"text-editor.default\">\n\t\t\t\t<div class=\"elementor-widget-container\">\n\t\t\t\t\t\t\t\t\t<section class=\"elementor-section elementor-top-section elementor-element elementor-element-2837776 elementor-section-boxed elementor-section-height-default elementor-section-height-default wd-section-disabled\" data-id=\"2837776\" data-element_type=\"section\">\r\n<div class=\"elementor-container elementor-column-gap-default\">\r\n<div class=\"elementor-column elementor-col-100 elementor-top-column elementor-element elementor-element-8d04493\" data-id=\"8d04493\" data-element_type=\"column\">\r\n<div class=\"elementor-widget-wrap elementor-element-populated\">\r\n<div class=\"elementor-element elementor-element-d63c831 color-scheme-inherit text-left elementor-widget elementor-widget-text-editor\" data-id=\"d63c831\" data-element_type=\"widget\" data-widget_type=\"text-editor.default\">\r\n<div class=\"elementor-widget-container\"><section class=\"elementor-section elementor-top-section elementor-element elementor-element-3661fbe elementor-section-boxed elementor-section-height-default elementor-section-height-default wd-section-disabled\" data-id=\"3661fbe\" data-element_type=\"section\">\r\n<div class=\"elementor-container elementor-column-gap-default\">\r\n<div class=\"elementor-column elementor-col-100 elementor-top-column elementor-element elementor-element-a3e4152\" data-id=\"a3e4152\" data-element_type=\"column\">\r\n<div class=\"elementor-widget-wrap elementor-element-populated\">\r\n<div class=\"elementor-element elementor-element-fd5276f color-scheme-inherit text-left elementor-widget elementor-widget-text-editor\" data-id=\"fd5276f\" data-element_type=\"widget\" data-widget_type=\"text-editor.default\">\r\n<div class=\"elementor-widget-container\">\r\n\r\nAproveche al m\u00e1ximo su espacio con nuestro escritorio en forma de L. Perfecto para oficinas o salas de juego, su dise\u00f1o esquinero ofrece un amplio espacio para su ordenador, notas y mucho m\u00e1s. Con una estructura robusta y un acabado elegante, combina estilo y funcionalidad sin esfuerzo. Tanto si est\u00e1 trabajando, creando o simplemente poni\u00e9ndose al d\u00eda con el correo electr\u00f3nico, este escritorio es su centro de productividad. Inteligente, espacioso y fabricado para durar, es donde empiezan las grandes ideas.\r\n<h3><strong>Caracter\u00edsticas principales:<\/strong><\/h3>\r\n<ul>\r\n \t<li aria-level=\"1\">El dise\u00f1o en L ahorra espacio y se adapta perfectamente a las esquinas<\/li>\r\n \t<li aria-level=\"1\">Ideal para espacios peque\u00f1os, oficinas dom\u00e9sticas o instalaciones de juego<\/li>\r\n \t<li aria-level=\"1\">Tablero ajustable para una colocaci\u00f3n flexible<\/li>\r\n \t<li aria-level=\"1\">Fabricado en tablero de part\u00edculas de 15 mm de grosor con soporte de MDF<\/li>\r\n \t<li aria-level=\"1\">La estructura triangular equil\u00e1tera garantiza la estabilidad<\/li>\r\n \t<li aria-level=\"1\">Las almohadillas antideslizantes proporcionan un agarre extra en todas las superficies<\/li>\r\n \t<li aria-level=\"1\">Medidas 130 x 60 x 75 cm para un amplio espacio de trabajo<\/li>\r\n \t<li aria-level=\"1\">Incluye compartimentos organizadores de cuatro niveles<\/li>\r\n \t<li aria-level=\"1\">La zona abierta bajo el escritorio ofrece un amplio espacio para las piernas<\/li>\r\n \t<li aria-level=\"1\">Adecuado para trabajar, estudiar, jugar o como tocador<\/li>\r\n \t<li aria-level=\"1\">F\u00e1cil de montar con piezas e instrucciones etiquetadas<\/li>\r\n \t<li aria-level=\"1\">Superficie lisa y resistente al desgaste para facilitar la limpieza<\/li>\r\n<\/ul>\r\n<h3><strong>C\u00f3mo utilizarlo<\/strong><\/h3>\r\nPara aprovechar al m\u00e1ximo el espacio de su rinc\u00f3n, utilice este escritorio de almacenamiento, eligiendo el lugar adecuado, idealmente un rinc\u00f3n tranquilo donde pueda filtrarse la luz natural. Su dise\u00f1o en forma de L hace que sea f\u00e1cil de encajar en habitaciones m\u00e1s peque\u00f1as, creando al instante una zona de trabajo dedicada sin dominar el espacio. Utiliza la amplia superficie para tu ordenador o port\u00e1til y deja espacio para blocs de notas, una l\u00e1mpara o incluso tu taza favorita. Las baldas de almacenamiento integradas son perfectas para tener a mano todo lo necesario. Guarde libros, art\u00edculos de papeler\u00eda o incluso una impresora para mantener su espacio de trabajo ordenado y sin distracciones. Gracias a su ingeniosa distribuci\u00f3n, podr\u00e1 mantenerse organizado sin renunciar a la comodidad ni al estilo.\r\n<h3><strong>Por qu\u00e9 elegir nuestro escritorio en forma de L<\/strong><\/h3>\r\nElegir el espacio de trabajo adecuado puede marcar la diferencia, sobre todo cuando pasas horas en tu escritorio. Ah\u00ed es donde brilla nuestro dise\u00f1o. Est\u00e1 hecho para la vida real, lo bastante espacioso como para extenderse, pero lo bastante compacto como para caber perfectamente en una esquina. Se integra perfectamente en tu habitaci\u00f3n, tanto si trabajas como si juegas o te enfrentas a la interminable lista de tareas pendientes. Hay montones de escritorios de ordenador para uso dom\u00e9stico, pero \u00e9ste hace algo m\u00e1s que sostener el monitor. Mantiene el espacio despejado, las cosas organizadas y la cabeza centrada. Es el tipo de escritorio que no te lo piensas dos veces: simplemente te sientas y te pones a hacer cosas.\r\n\r\n<\/div>\r\n<\/div>\r\n<\/div>\r\n<\/div>\r\n<\/div>\r\n<\/section><section class=\"elementor-section elementor-top-section elementor-element elementor-element-88b5122 elementor-section-boxed elementor-section-height-default elementor-section-height-default wd-section-disabled\" data-id=\"88b5122\" data-element_type=\"section\">\r\n<div class=\"elementor-container elementor-column-gap-default\">\r\n<div class=\"elementor-column elementor-col-100 elementor-top-column elementor-element elementor-element-787af32\" data-id=\"787af32\" data-element_type=\"column\">\r\n<div class=\"elementor-widget-wrap elementor-element-populated\">\r\n<div class=\"elementor-element elementor-element-e66871f elementor-widget elementor-widget-spacer\" data-id=\"e66871f\" data-element_type=\"widget\" data-widget_type=\"spacer.default\">\r\n<div class=\"elementor-widget-container\">\r\n<div class=\"elementor-spacer\"><\/div>\r\n<\/div>\r\n<\/div>\r\n<\/div>\r\n<\/div>\r\n<\/div>\r\n<\/section><\/div>\r\n<\/div>\r\n<\/div>\r\n<\/div>\r\n<\/div>\r\n<\/section>\t\t\t\t\t\t\t\t<\/div>\n\t\t\t\t<\/div>\n\t\t\t\t\t<\/div>\n\t\t\t\t<\/div>\n\t\t\t\t<\/div>","protected":false},"excerpt":{"rendered":"<ul class=\"a-unordered-list a-vertical a-spacing-mini\">\n<li>\n<div class=\"woocommerce-product-details__short-description\">\n<ul class=\"a-unordered-list a-vertical a-spacing-mini\">\n<li class=\"a-spacing-mini\">Maximice su espacio de trabajo con este escritorio esquinero negro, perfecto para espacios peque\u00f1os y oficinas dom\u00e9sticas. La estructura inteligente en forma de L se adapta perfectamente a cualquier esquina, por lo que es un escritorio ideal para PC, escritorio de juegos o estaci\u00f3n de trabajo de oficina. El tablero de escritorio ajustable permite un posicionamiento flexible para adaptarse a su espacio.<\/li>\n<li class=\"a-spacing-mini\">\u3010STABLE &amp; DURABLE BUILD\u3011Fabricado a partir de tableros de part\u00edculas de 15 mm de espesor con un compartimento de MDF respaldado, este escritorio de esquina con estantes est\u00e1 construido para un uso duradero. El dise\u00f1o triangular equil\u00e1tero garantiza una estructura s\u00f3lida y sin tambaleos, mientras que las almohadillas antideslizantes para los pies proporcionan estabilidad adicional en cualquier superficie.<\/li>\n<li class=\"a-spacing-mini\">\u3010ESTACI\u00d3N DE TRABAJO ESPACIOSA Y ORGANIZADA\u3011 Con unas dimensiones de 130 x 60 x 75 cm, este escritorio esquinero de oficina ofrece un amplio espacio para ordenador, port\u00e1til, impresora, etc. Los compartimentos de almacenamiento de cuatro niveles mantienen libros, art\u00edculos de papeler\u00eda y elementos esenciales perfectamente organizados. La zona abierta bajo el escritorio ofrece mucho espacio para las piernas para trabajar o jugar c\u00f3modamente.<\/li>\n<li class=\"a-spacing-mini\">\u3010MULTI-PURPOSE &amp; VERSATILE\u3011Dise\u00f1ado para muebles modernos de oficina en casa, este escritorio de ordenador negro es perfecto para trabajar, estudiar, jugar, o incluso como tocador. Ya sea que necesite un escritorio de esquina para un espacio peque\u00f1o, una estaci\u00f3n de trabajo para su oficina en casa o un elegante escritorio de juegos, esta pieza ofrece estilo y funcionalidad.<\/li>\n<li class=\"a-spacing-mini\">\u3010F\u00c1CIL MONTAJE Y BAJO MANTENIMIENTO\u3011Este escritorio de juego en forma de L viene con piezas claramente etiquetadas e instrucciones paso a paso, por lo que el montaje es sencillo. La superficie lisa, resistente al desgaste es f\u00e1cil de limpiar-simplemente limpie con un pa\u00f1o h\u00famedo para el mantenimiento sin esfuerzo.<\/li>\n<\/ul>\n<\/div>\n<\/li>\n<\/ul>","protected":false},"featured_media":17878,"comment_status":"open","ping_status":"closed","template":"","meta":[],"product_brand":[],"product_cat":[139],"product_tag":[],"class_list":{"0":"post-17877","1":"product","2":"type-product","3":"status-publish","4":"has-post-thumbnail","6":"product_cat-computer-desk","8":"first","9":"instock","10":"shipping-taxable","11":"purchasable","12":"product-type-simple"},"_links":{"self":[{"href":"https:\/\/theelora.com\/es\/wp-json\/wp\/v2\/product\/17877","targetHints":{"allow":["GET"]}}],"collection":[{"href":"https:\/\/theelora.com\/es\/wp-json\/wp\/v2\/product"}],"about":[{"href":"https:\/\/theelora.com\/es\/wp-json\/wp\/v2\/types\/product"}],"replies":[{"embeddable":true,"href":"https:\/\/theelora.com\/es\/wp-json\/wp\/v2\/comments?post=17877"}],"version-history":[{"count":6,"href":"https:\/\/theelora.com\/es\/wp-json\/wp\/v2\/product\/17877\/revisions"}],"predecessor-version":[{"id":18271,"href":"https:\/\/theelora.com\/es\/wp-json\/wp\/v2\/product\/17877\/revisions\/18271"}],"wp:featuredmedia":[{"embeddable":true,"href":"https:\/\/theelora.com\/es\/wp-json\/wp\/v2\/media\/17878"}],"wp:attachment":[{"href":"https:\/\/theelora.com\/es\/wp-json\/wp\/v2\/media?parent=17877"}],"wp:term":[{"taxonomy":"product_brand","embeddable":true,"href":"https:\/\/theelora.com\/es\/wp-json\/wp\/v2\/product_brand?post=17877"},{"taxonomy":"product_cat","embeddable":true,"href":"https:\/\/theelora.com\/es\/wp-json\/wp\/v2\/product_cat?post=17877"},{"taxonomy":"product_tag","embeddable":true,"href":"https:\/\/theelora.com\/es\/wp-json\/wp\/v2\/product_tag?post=17877"}],"curies":[{"name":"wp","href":"https:\/\/api.w.org\/{rel}","templated":true}]}}