{"id":17901,"date":"2025-09-10T11:39:28","date_gmt":"2025-09-10T10:39:28","guid":{"rendered":"https:\/\/theelora.com\/?post_type=product&#038;p=17901"},"modified":"2025-10-28T09:02:29","modified_gmt":"2025-10-28T09:02:29","slug":"white-led-tv-stand","status":"publish","type":"product","link":"https:\/\/theelora.com\/es\/producto\/white-led-tv-stand\/","title":{"rendered":"Soporte de TV LED blanco"},"content":{"rendered":"<div data-elementor-type=\"product-post\" data-elementor-id=\"17901\" class=\"elementor elementor-17901\" data-elementor-post-type=\"product\">\n\t\t\t\t<div class=\"elementor-element elementor-element-4d1e65c e-flex e-con-boxed wd-section-disabled e-con e-parent\" data-id=\"4d1e65c\" data-element_type=\"container\">\n\t\t\t\t\t<div class=\"e-con-inner\">\n\t\t\t\t<div class=\"elementor-element elementor-element-ca2cdec elementor-widget elementor-widget-image\" data-id=\"ca2cdec\" data-element_type=\"widget\" data-widget_type=\"image.default\">\n\t\t\t\t<div class=\"elementor-widget-container\">\n\t\t\t\t\t\t\t\t\t\t\t\t\t\t\t<img fetchpriority=\"high\" decoding=\"async\" width=\"1300\" height=\"533\" src=\"https:\/\/theelora.com\/wp-content\/uploads\/2025\/09\/TV-C-1-2-1300x533.jpg\" class=\"attachment-large size-large wp-image-18255\" alt=\"\" srcset=\"https:\/\/theelora.com\/wp-content\/uploads\/2025\/09\/TV-C-1-2-1300x533.jpg 1300w, https:\/\/theelora.com\/wp-content\/uploads\/2025\/09\/TV-C-1-2-400x164.jpg 400w, https:\/\/theelora.com\/wp-content\/uploads\/2025\/09\/TV-C-1-2-768x315.jpg 768w, https:\/\/theelora.com\/wp-content\/uploads\/2025\/09\/TV-C-1-2-18x7.jpg 18w, https:\/\/theelora.com\/wp-content\/uploads\/2025\/09\/TV-C-1-2-700x287.jpg 700w, https:\/\/theelora.com\/wp-content\/uploads\/2025\/09\/TV-C-1-2-150x61.jpg 150w, https:\/\/theelora.com\/wp-content\/uploads\/2025\/09\/TV-C-1-2.jpg 1464w\" sizes=\"(max-width: 1300px) 100vw, 1300px\" \/>\t\t\t\t\t\t\t\t\t\t\t\t\t\t\t<\/div>\n\t\t\t\t<\/div>\n\t\t\t\t<div class=\"elementor-element elementor-element-15ad77e elementor-widget elementor-widget-image\" data-id=\"15ad77e\" data-element_type=\"widget\" data-widget_type=\"image.default\">\n\t\t\t\t<div class=\"elementor-widget-container\">\n\t\t\t\t\t\t\t\t\t\t\t\t\t\t\t<img decoding=\"async\" width=\"1300\" height=\"533\" src=\"https:\/\/theelora.com\/wp-content\/uploads\/2025\/09\/TV-C-2-2-1300x533.jpg\" class=\"attachment-large size-large wp-image-18256\" alt=\"\" srcset=\"https:\/\/theelora.com\/wp-content\/uploads\/2025\/09\/TV-C-2-2-1300x533.jpg 1300w, https:\/\/theelora.com\/wp-content\/uploads\/2025\/09\/TV-C-2-2-400x164.jpg 400w, https:\/\/theelora.com\/wp-content\/uploads\/2025\/09\/TV-C-2-2-768x315.jpg 768w, https:\/\/theelora.com\/wp-content\/uploads\/2025\/09\/TV-C-2-2-18x7.jpg 18w, https:\/\/theelora.com\/wp-content\/uploads\/2025\/09\/TV-C-2-2-700x287.jpg 700w, https:\/\/theelora.com\/wp-content\/uploads\/2025\/09\/TV-C-2-2-150x61.jpg 150w, https:\/\/theelora.com\/wp-content\/uploads\/2025\/09\/TV-C-2-2.jpg 1464w\" sizes=\"(max-width: 1300px) 100vw, 1300px\" \/>\t\t\t\t\t\t\t\t\t\t\t\t\t\t\t<\/div>\n\t\t\t\t<\/div>\n\t\t\t\t\t<\/div>\n\t\t\t\t<\/div>\n\t\t<div class=\"elementor-element elementor-element-3d534c9 e-grid e-con-boxed wd-section-disabled e-con e-parent\" data-id=\"3d534c9\" data-element_type=\"container\">\n\t\t\t\t\t<div class=\"e-con-inner\">\n\t\t\t\t<div class=\"elementor-element elementor-element-10672ae elementor-widget elementor-widget-image\" data-id=\"10672ae\" data-element_type=\"widget\" data-widget_type=\"image.default\">\n\t\t\t\t<div class=\"elementor-widget-container\">\n\t\t\t\t\t\t\t\t\t\t\t\t\t\t\t<img decoding=\"async\" width=\"1300\" height=\"533\" src=\"https:\/\/theelora.com\/wp-content\/uploads\/2025\/09\/TV-C-3-2-1300x533.jpg\" class=\"attachment-large size-large wp-image-18257\" alt=\"\" srcset=\"https:\/\/theelora.com\/wp-content\/uploads\/2025\/09\/TV-C-3-2-1300x533.jpg 1300w, https:\/\/theelora.com\/wp-content\/uploads\/2025\/09\/TV-C-3-2-400x164.jpg 400w, https:\/\/theelora.com\/wp-content\/uploads\/2025\/09\/TV-C-3-2-768x315.jpg 768w, https:\/\/theelora.com\/wp-content\/uploads\/2025\/09\/TV-C-3-2-18x7.jpg 18w, https:\/\/theelora.com\/wp-content\/uploads\/2025\/09\/TV-C-3-2-700x287.jpg 700w, https:\/\/theelora.com\/wp-content\/uploads\/2025\/09\/TV-C-3-2-150x61.jpg 150w, https:\/\/theelora.com\/wp-content\/uploads\/2025\/09\/TV-C-3-2.jpg 1464w\" sizes=\"(max-width: 1300px) 100vw, 1300px\" \/>\t\t\t\t\t\t\t\t\t\t\t\t\t\t\t<\/div>\n\t\t\t\t<\/div>\n\t\t\t\t<div class=\"elementor-element elementor-element-6da740c elementor-widget elementor-widget-image\" data-id=\"6da740c\" data-element_type=\"widget\" data-widget_type=\"image.default\">\n\t\t\t\t<div class=\"elementor-widget-container\">\n\t\t\t\t\t\t\t\t\t\t\t\t\t\t\t<img loading=\"lazy\" decoding=\"async\" width=\"1300\" height=\"533\" src=\"https:\/\/theelora.com\/wp-content\/uploads\/2025\/09\/TV-C-4-2-1300x533.jpg\" class=\"attachment-large size-large wp-image-18258\" alt=\"\" srcset=\"https:\/\/theelora.com\/wp-content\/uploads\/2025\/09\/TV-C-4-2-1300x533.jpg 1300w, https:\/\/theelora.com\/wp-content\/uploads\/2025\/09\/TV-C-4-2-400x164.jpg 400w, https:\/\/theelora.com\/wp-content\/uploads\/2025\/09\/TV-C-4-2-768x315.jpg 768w, https:\/\/theelora.com\/wp-content\/uploads\/2025\/09\/TV-C-4-2-18x7.jpg 18w, https:\/\/theelora.com\/wp-content\/uploads\/2025\/09\/TV-C-4-2-700x287.jpg 700w, https:\/\/theelora.com\/wp-content\/uploads\/2025\/09\/TV-C-4-2-150x61.jpg 150w, https:\/\/theelora.com\/wp-content\/uploads\/2025\/09\/TV-C-4-2.jpg 1464w\" sizes=\"(max-width: 1300px) 100vw, 1300px\" \/>\t\t\t\t\t\t\t\t\t\t\t\t\t\t\t<\/div>\n\t\t\t\t<\/div>\n\t\t\t\t\t<\/div>\n\t\t\t\t<\/div>\n\t\t<div class=\"elementor-element elementor-element-6de4acce e-flex e-con-boxed wd-section-disabled e-con e-parent\" data-id=\"6de4acce\" data-element_type=\"container\">\n\t\t\t\t\t<div class=\"e-con-inner\">\n\t\t\t\t<div class=\"elementor-element elementor-element-3a8d651a color-scheme-inherit text-left elementor-widget elementor-widget-text-editor\" data-id=\"3a8d651a\" data-element_type=\"widget\" data-widget_type=\"text-editor.default\">\n\t\t\t\t<div class=\"elementor-widget-container\">\n\t\t\t\t\t\t\t\t\t<section class=\"elementor-section elementor-top-section elementor-element elementor-element-2837776 elementor-section-boxed elementor-section-height-default elementor-section-height-default wd-section-disabled\" data-id=\"2837776\" data-element_type=\"section\">\r\n<div class=\"elementor-container elementor-column-gap-default\">\r\n<div class=\"elementor-column elementor-col-100 elementor-top-column elementor-element elementor-element-8d04493\" data-id=\"8d04493\" data-element_type=\"column\">\r\n<div class=\"elementor-widget-wrap elementor-element-populated\">\r\n<div class=\"elementor-element elementor-element-d63c831 color-scheme-inherit text-left elementor-widget elementor-widget-text-editor\" data-id=\"d63c831\" data-element_type=\"widget\" data-widget_type=\"text-editor.default\">\r\n<div class=\"elementor-widget-container\"><section class=\"elementor-section elementor-top-section elementor-element elementor-element-3661fbe elementor-section-boxed elementor-section-height-default elementor-section-height-default wd-section-disabled\" data-id=\"3661fbe\" data-element_type=\"section\">\r\n<div class=\"elementor-container elementor-column-gap-default\">\r\n<div class=\"elementor-column elementor-col-100 elementor-top-column elementor-element elementor-element-a3e4152\" data-id=\"a3e4152\" data-element_type=\"column\">\r\n<div class=\"elementor-widget-wrap elementor-element-populated\">\r\n<div class=\"elementor-element elementor-element-fd5276f color-scheme-inherit text-left elementor-widget elementor-widget-text-editor\" data-id=\"fd5276f\" data-element_type=\"widget\" data-widget_type=\"text-editor.default\">\r\n<div class=\"elementor-widget-container\">\r\n\r\nAporte un toque moderno a su sal\u00f3n con nuestro mueble para televisor LED, donde el estilo se une a un dise\u00f1o inteligente. Tanto si est\u00e1 viendo su serie favorita como si est\u00e1 organizando una noche de cine, este soporte de TV con luces LED crea el ambiente perfecto. Fabricado con un aspecto elegante y contempor\u00e1neo, ofrece mucho m\u00e1s que un simple lugar para colocar la pantalla. Encontrar\u00e1 ingeniosas soluciones de almacenamiento para mantener las consolas, mandos a distancia y cables fuera de la vista, ayudando a que su espacio permanezca limpio y acogedor. Las luces LED incorporadas a\u00f1aden un suave resplandor ambiental, convirtiendo incluso las veladas m\u00e1s sencillas en algo especial.\r\n<h3><strong>Caracter\u00edsticas principales:<\/strong><\/h3>\r\n<ul>\r\n \t<li aria-level=\"1\">Robusta estructura met\u00e1lica con dos soportes adicionales de acero inoxidable.<\/li>\r\n \t<li aria-level=\"1\">Construcci\u00f3n de madera de ingenier\u00eda para una mayor durabilidad.<\/li>\r\n \t<li aria-level=\"1\">Admite televisores de hasta 65 pulgadas y un peso de hasta 70 libras.<\/li>\r\n \t<li aria-level=\"1\">Mide 24\u2033Al x 58\u2033An x 18\u2033F, ideal para salones grandes.<\/li>\r\n \t<li aria-level=\"1\">Soporta un peso total de hasta 220 lb.<\/li>\r\n \t<li aria-level=\"1\">Incluye 5 estantes abiertos y 2 armarios cerrados para almacenamiento.<\/li>\r\n \t<li aria-level=\"1\">Equipado con 2 sistemas de gesti\u00f3n de cables.<\/li>\r\n \t<li aria-level=\"1\">Fabricado con tablero de part\u00edculas certificado E1 y hierro resistente.<\/li>\r\n \t<li aria-level=\"1\">Superficie resistente al agua y a los ara\u00f1azos.<\/li>\r\n \t<li aria-level=\"1\">F\u00e1cil de limpiar y mantener para el uso diario.<\/li>\r\n<\/ul>\r\n<h3><strong>C\u00f3mo utilizarlo<\/strong><\/h3>\r\nMontar este soporte de TV es refrescantemente sencillo. Empiece por montar el marco siguiendo las instrucciones proporcionadas, asegur\u00e1ndose de que cada pieza est\u00e9 bien encajada. Una vez que la base est\u00e9 lista, coloque el televisor de forma segura en la parte superior, asegur\u00e1ndose de que est\u00e9 centrado para la mejor experiencia de visualizaci\u00f3n. Los espacios de almacenamiento est\u00e1n listos para ser utilizados para organizar sus reproductores multimedia, libros y piezas decorativas en los estantes abiertos y armarios cerrados. Utilice el sistema de gesti\u00f3n de cables integrado para colocar los cables de forma ordenada y mantener el sal\u00f3n despejado. Para completar el conjunto, conecte la iluminaci\u00f3n LED. Esta ingeniosa caracter\u00edstica transforma su espacio en un instante. El mueble de TV se ilumina y crea una luz c\u00e1lida y acogedora, adem\u00e1s de a\u00f1adir un elegante punto focal a su hogar. Ajusta la iluminaci\u00f3n a tu estado de \u00e1nimo, tanto si vas a recibir a amigos como a relajarte con una tranquila velada en casa.\r\n<h3><strong>Por qu\u00e9 elegir nuestro soporte para TV LED blanco<\/strong><\/h3>\r\nElegir el soporte de TV adecuado puede marcar la diferencia en su espacio vital. Con este dise\u00f1o, no s\u00f3lo adquiere un mueble, sino que a\u00f1ade estilo, funcionalidad y un toque de elegancia moderna a su hogar. Construido con materiales resistentes y detalles cuidados, ofrece el tipo de durabilidad que sigue el ritmo de la vida cotidiana.\r\n\r\nSi lo que busca es algo que ilumine la habitaci\u00f3n y transmita una sensaci\u00f3n contempor\u00e1nea sin esfuerzo, nuestro mueble alto de TV de color blanco brillante es la elecci\u00f3n perfecta. Refleja la luz maravillosamente, dando a su espacio una sensaci\u00f3n aireada, abierta mientras que complementa interiores minimalistas y acogedores. Con una inteligente combinaci\u00f3n de almacenamiento, iluminaci\u00f3n inteligente y dise\u00f1o destacado, este mueble para TV es tan pr\u00e1ctico como atractivo.\r\n\r\n<\/div>\r\n<\/div>\r\n<\/div>\r\n<\/div>\r\n<\/div>\r\n<\/section><\/div>\r\n<\/div>\r\n<\/div>\r\n<\/div>\r\n<\/div>\r\n<\/section>\t\t\t\t\t\t\t\t<\/div>\n\t\t\t\t<\/div>\n\t\t\t\t\t<\/div>\n\t\t\t\t<\/div>\n\t\t\t\t<\/div>","protected":false},"excerpt":{"rendered":"<ul class=\"a-unordered-list a-vertical a-spacing-mini\">\n<li>\n<div class=\"woocommerce-product-details__short-description\">\n<ul class=\"a-unordered-list a-vertical a-spacing-mini\">\n<li class=\"a-spacing-mini\">\u3010STRONGER &amp; STURDIER DESIGN\u3011Este soporte de TV alto cuenta con un marco de metal robusto, reforzado con dos soportes de acero inoxidable adicionales, y una construcci\u00f3n de madera de ingenier\u00eda para una mayor durabilidad. Dise\u00f1ado para soportar un peso de hasta 220 lb, es compatible con televisores de hasta 65\u2033 y un peso de hasta 70 lb.<\/li>\n<li class=\"a-spacing-mini\">\u3010SUITABLE PARA TELEVISORES DE HASTA 65 PULGADAS\u3011Este mueble de TV de granja para TV de 65 pulgadas mide 24\u2033Al x 58\u2033An x 18\u2033F, por lo que es una opci\u00f3n ideal para configuraciones de salas de estar grandes. Con una capacidad de peso probada para soportar hasta 220 libras, ofrece una base robusta para su televisor.<\/li>\n<li class=\"a-spacing-mini\">\u3010PR\u00c1CTICA SOLUCI\u00d3N DE ALMACENAMIENTO\u3011Este mueble de TV para sal\u00f3n proporciona un almacenamiento vers\u00e1til con 5 estantes abiertos, 2 armarios cerrados y 2 sistemas de gesti\u00f3n de cables. Es ideal para mantener organizados sus dispositivos multimedia, libros y decoraci\u00f3n.<\/li>\n<li class=\"a-spacing-mini\">\u3010CALIDAD FIABLE\u3011Fabricado con tableros de part\u00edculas con certificaci\u00f3n E1 y hierro resistente, este soporte de televisi\u00f3n de madera garantiza durabilidad y un rendimiento duradero. Los materiales utilizados son seguros para su hogar y lo suficientemente fuerte como para servirle en los pr\u00f3ximos a\u00f1os.<\/li>\n<li class=\"a-spacing-mini\">\u3010 SUPERFICIE RESISTENTE AL AGUA\u3011La superficie de esta consola de TV est\u00e1 tratada con una capa de chapa protectora, lo que la hace resistente al agua y a los ara\u00f1azos. No solo es duradera, sino que tambi\u00e9n es incre\u00edblemente f\u00e1cil de limpiar, manteniendo su hogar ordenado con el m\u00ednimo esfuerzo.<\/li>\n<\/ul>\n<\/div>\n<\/li>\n<\/ul>","protected":false},"featured_media":17902,"comment_status":"open","ping_status":"closed","template":"","meta":[],"product_brand":[],"product_cat":[78],"product_tag":[],"class_list":{"0":"post-17901","1":"product","2":"type-product","3":"status-publish","4":"has-post-thumbnail","6":"product_cat-cabinet","8":"first","9":"outofstock","10":"shipping-taxable","11":"purchasable","12":"product-type-simple"},"_links":{"self":[{"href":"https:\/\/theelora.com\/es\/wp-json\/wp\/v2\/product\/17901","targetHints":{"allow":["GET"]}}],"collection":[{"href":"https:\/\/theelora.com\/es\/wp-json\/wp\/v2\/product"}],"about":[{"href":"https:\/\/theelora.com\/es\/wp-json\/wp\/v2\/types\/product"}],"replies":[{"embeddable":true,"href":"https:\/\/theelora.com\/es\/wp-json\/wp\/v2\/comments?post=17901"}],"version-history":[{"count":5,"href":"https:\/\/theelora.com\/es\/wp-json\/wp\/v2\/product\/17901\/revisions"}],"predecessor-version":[{"id":18262,"href":"https:\/\/theelora.com\/es\/wp-json\/wp\/v2\/product\/17901\/revisions\/18262"}],"wp:featuredmedia":[{"embeddable":true,"href":"https:\/\/theelora.com\/es\/wp-json\/wp\/v2\/media\/17902"}],"wp:attachment":[{"href":"https:\/\/theelora.com\/es\/wp-json\/wp\/v2\/media?parent=17901"}],"wp:term":[{"taxonomy":"product_brand","embeddable":true,"href":"https:\/\/theelora.com\/es\/wp-json\/wp\/v2\/product_brand?post=17901"},{"taxonomy":"product_cat","embeddable":true,"href":"https:\/\/theelora.com\/es\/wp-json\/wp\/v2\/product_cat?post=17901"},{"taxonomy":"product_tag","embeddable":true,"href":"https:\/\/theelora.com\/es\/wp-json\/wp\/v2\/product_tag?post=17901"}],"curies":[{"name":"wp","href":"https:\/\/api.w.org\/{rel}","templated":true}]}}