{"id":17909,"date":"2025-09-10T11:47:16","date_gmt":"2025-09-10T10:47:16","guid":{"rendered":"https:\/\/theelora.com\/?post_type=product&#038;p=17909"},"modified":"2025-10-28T08:58:50","modified_gmt":"2025-10-28T08:58:50","slug":"ergonomic-office-chair-with-90-flip-up-armrest-lu","status":"publish","type":"product","link":"https:\/\/theelora.com\/es\/producto\/ergonomic-office-chair-with-90-flip-up-armrest-lu\/","title":{"rendered":"Silla de oficina ergon\u00f3mica con reposabrazos abatible 90"},"content":{"rendered":"<div data-elementor-type=\"product-post\" data-elementor-id=\"17909\" class=\"elementor elementor-17909\" data-elementor-post-type=\"product\">\n\t\t\t\t<div class=\"elementor-element elementor-element-3ec95a9 e-grid e-con-boxed wd-section-disabled e-con e-parent\" data-id=\"3ec95a9\" data-element_type=\"container\">\n\t\t\t\t\t<div class=\"e-con-inner\">\n\t\t\t\t<div class=\"elementor-element elementor-element-3a3595a elementor-widget elementor-widget-image\" data-id=\"3a3595a\" data-element_type=\"widget\" data-widget_type=\"image.default\">\n\t\t\t\t<div class=\"elementor-widget-container\">\n\t\t\t\t\t\t\t\t\t\t\t\t\t\t\t<img fetchpriority=\"high\" decoding=\"async\" width=\"1300\" height=\"533\" src=\"https:\/\/theelora.com\/wp-content\/uploads\/2025\/09\/UK-Desktop-Artboard-1-4-1300x533.jpg\" class=\"attachment-large size-large wp-image-18365\" alt=\"\" srcset=\"https:\/\/theelora.com\/wp-content\/uploads\/2025\/09\/UK-Desktop-Artboard-1-4-1300x533.jpg 1300w, https:\/\/theelora.com\/wp-content\/uploads\/2025\/09\/UK-Desktop-Artboard-1-4-400x164.jpg 400w, https:\/\/theelora.com\/wp-content\/uploads\/2025\/09\/UK-Desktop-Artboard-1-4-768x315.jpg 768w, https:\/\/theelora.com\/wp-content\/uploads\/2025\/09\/UK-Desktop-Artboard-1-4-18x7.jpg 18w, https:\/\/theelora.com\/wp-content\/uploads\/2025\/09\/UK-Desktop-Artboard-1-4-700x287.jpg 700w, https:\/\/theelora.com\/wp-content\/uploads\/2025\/09\/UK-Desktop-Artboard-1-4-150x61.jpg 150w, https:\/\/theelora.com\/wp-content\/uploads\/2025\/09\/UK-Desktop-Artboard-1-4.jpg 1464w\" sizes=\"(max-width: 1300px) 100vw, 1300px\" \/>\t\t\t\t\t\t\t\t\t\t\t\t\t\t\t<\/div>\n\t\t\t\t<\/div>\n\t\t\t\t<div class=\"elementor-element elementor-element-2deabb5 elementor-widget elementor-widget-image\" data-id=\"2deabb5\" data-element_type=\"widget\" data-widget_type=\"image.default\">\n\t\t\t\t<div class=\"elementor-widget-container\">\n\t\t\t\t\t\t\t\t\t\t\t\t\t\t\t<img decoding=\"async\" width=\"1300\" height=\"533\" src=\"https:\/\/theelora.com\/wp-content\/uploads\/2025\/09\/UK-Desktop-Artboard-2-4-1300x533.jpg\" class=\"attachment-large size-large wp-image-18366\" alt=\"\" srcset=\"https:\/\/theelora.com\/wp-content\/uploads\/2025\/09\/UK-Desktop-Artboard-2-4-1300x533.jpg 1300w, https:\/\/theelora.com\/wp-content\/uploads\/2025\/09\/UK-Desktop-Artboard-2-4-400x164.jpg 400w, https:\/\/theelora.com\/wp-content\/uploads\/2025\/09\/UK-Desktop-Artboard-2-4-768x315.jpg 768w, https:\/\/theelora.com\/wp-content\/uploads\/2025\/09\/UK-Desktop-Artboard-2-4-18x7.jpg 18w, https:\/\/theelora.com\/wp-content\/uploads\/2025\/09\/UK-Desktop-Artboard-2-4-700x287.jpg 700w, https:\/\/theelora.com\/wp-content\/uploads\/2025\/09\/UK-Desktop-Artboard-2-4-150x61.jpg 150w, https:\/\/theelora.com\/wp-content\/uploads\/2025\/09\/UK-Desktop-Artboard-2-4.jpg 1464w\" sizes=\"(max-width: 1300px) 100vw, 1300px\" \/>\t\t\t\t\t\t\t\t\t\t\t\t\t\t\t<\/div>\n\t\t\t\t<\/div>\n\t\t\t\t<div class=\"elementor-element elementor-element-fdb60c6 elementor-widget elementor-widget-image\" data-id=\"fdb60c6\" data-element_type=\"widget\" data-widget_type=\"image.default\">\n\t\t\t\t<div class=\"elementor-widget-container\">\n\t\t\t\t\t\t\t\t\t\t\t\t\t\t\t<img decoding=\"async\" width=\"1300\" height=\"533\" src=\"https:\/\/theelora.com\/wp-content\/uploads\/2025\/09\/UK-Desktop-Artboard-3.1-4-1300x533.jpg\" class=\"attachment-large size-large wp-image-18367\" alt=\"\" srcset=\"https:\/\/theelora.com\/wp-content\/uploads\/2025\/09\/UK-Desktop-Artboard-3.1-4-1300x533.jpg 1300w, https:\/\/theelora.com\/wp-content\/uploads\/2025\/09\/UK-Desktop-Artboard-3.1-4-400x164.jpg 400w, https:\/\/theelora.com\/wp-content\/uploads\/2025\/09\/UK-Desktop-Artboard-3.1-4-768x315.jpg 768w, https:\/\/theelora.com\/wp-content\/uploads\/2025\/09\/UK-Desktop-Artboard-3.1-4-18x7.jpg 18w, https:\/\/theelora.com\/wp-content\/uploads\/2025\/09\/UK-Desktop-Artboard-3.1-4-700x287.jpg 700w, https:\/\/theelora.com\/wp-content\/uploads\/2025\/09\/UK-Desktop-Artboard-3.1-4-150x61.jpg 150w, https:\/\/theelora.com\/wp-content\/uploads\/2025\/09\/UK-Desktop-Artboard-3.1-4.jpg 1464w\" sizes=\"(max-width: 1300px) 100vw, 1300px\" \/>\t\t\t\t\t\t\t\t\t\t\t\t\t\t\t<\/div>\n\t\t\t\t<\/div>\n\t\t\t\t\t<\/div>\n\t\t\t\t<\/div>\n\t\t<div class=\"elementor-element elementor-element-9842e21 e-grid e-con-boxed wd-section-disabled e-con e-parent\" data-id=\"9842e21\" data-element_type=\"container\">\n\t\t\t\t\t<div class=\"e-con-inner\">\n\t\t\t\t<div class=\"elementor-element elementor-element-e2e7758 elementor-widget elementor-widget-image\" data-id=\"e2e7758\" data-element_type=\"widget\" data-widget_type=\"image.default\">\n\t\t\t\t<div class=\"elementor-widget-container\">\n\t\t\t\t\t\t\t\t\t\t\t\t\t\t\t<img loading=\"lazy\" decoding=\"async\" width=\"1300\" height=\"533\" src=\"https:\/\/theelora.com\/wp-content\/uploads\/2025\/09\/UK-Desktop-Artboard-4.2-1300x533.jpg\" class=\"attachment-large size-large wp-image-18368\" alt=\"\" srcset=\"https:\/\/theelora.com\/wp-content\/uploads\/2025\/09\/UK-Desktop-Artboard-4.2-1300x533.jpg 1300w, https:\/\/theelora.com\/wp-content\/uploads\/2025\/09\/UK-Desktop-Artboard-4.2-400x164.jpg 400w, https:\/\/theelora.com\/wp-content\/uploads\/2025\/09\/UK-Desktop-Artboard-4.2-768x315.jpg 768w, https:\/\/theelora.com\/wp-content\/uploads\/2025\/09\/UK-Desktop-Artboard-4.2-18x7.jpg 18w, https:\/\/theelora.com\/wp-content\/uploads\/2025\/09\/UK-Desktop-Artboard-4.2-700x287.jpg 700w, https:\/\/theelora.com\/wp-content\/uploads\/2025\/09\/UK-Desktop-Artboard-4.2-150x61.jpg 150w, https:\/\/theelora.com\/wp-content\/uploads\/2025\/09\/UK-Desktop-Artboard-4.2.jpg 1464w\" sizes=\"(max-width: 1300px) 100vw, 1300px\" \/>\t\t\t\t\t\t\t\t\t\t\t\t\t\t\t<\/div>\n\t\t\t\t<\/div>\n\t\t\t\t<div class=\"elementor-element elementor-element-644920a elementor-widget elementor-widget-image\" data-id=\"644920a\" data-element_type=\"widget\" data-widget_type=\"image.default\">\n\t\t\t\t<div class=\"elementor-widget-container\">\n\t\t\t\t\t\t\t\t\t\t\t\t\t\t\t<img loading=\"lazy\" decoding=\"async\" width=\"1300\" height=\"533\" src=\"https:\/\/theelora.com\/wp-content\/uploads\/2025\/09\/UK-Desktop-Artboard-5-4-1300x533.jpg\" class=\"attachment-large size-large wp-image-18369\" alt=\"\" srcset=\"https:\/\/theelora.com\/wp-content\/uploads\/2025\/09\/UK-Desktop-Artboard-5-4-1300x533.jpg 1300w, https:\/\/theelora.com\/wp-content\/uploads\/2025\/09\/UK-Desktop-Artboard-5-4-400x164.jpg 400w, https:\/\/theelora.com\/wp-content\/uploads\/2025\/09\/UK-Desktop-Artboard-5-4-768x315.jpg 768w, https:\/\/theelora.com\/wp-content\/uploads\/2025\/09\/UK-Desktop-Artboard-5-4-18x7.jpg 18w, https:\/\/theelora.com\/wp-content\/uploads\/2025\/09\/UK-Desktop-Artboard-5-4-700x287.jpg 700w, https:\/\/theelora.com\/wp-content\/uploads\/2025\/09\/UK-Desktop-Artboard-5-4-150x61.jpg 150w, https:\/\/theelora.com\/wp-content\/uploads\/2025\/09\/UK-Desktop-Artboard-5-4.jpg 1464w\" sizes=\"(max-width: 1300px) 100vw, 1300px\" \/>\t\t\t\t\t\t\t\t\t\t\t\t\t\t\t<\/div>\n\t\t\t\t<\/div>\n\t\t\t\t\t<\/div>\n\t\t\t\t<\/div>\n\t\t<div class=\"elementor-element elementor-element-1f0a0a41 e-flex e-con-boxed wd-section-disabled e-con e-parent\" data-id=\"1f0a0a41\" data-element_type=\"container\">\n\t\t\t\t\t<div class=\"e-con-inner\">\n\t\t\t\t<div class=\"elementor-element elementor-element-5b50307e color-scheme-inherit text-left elementor-widget elementor-widget-text-editor\" data-id=\"5b50307e\" data-element_type=\"widget\" data-widget_type=\"text-editor.default\">\n\t\t\t\t<div class=\"elementor-widget-container\">\n\t\t\t\t\t\t\t\t\t<section class=\"elementor-section elementor-top-section elementor-element elementor-element-2837776 elementor-section-boxed elementor-section-height-default elementor-section-height-default wd-section-disabled\" data-id=\"2837776\" data-element_type=\"section\"><div class=\"elementor-container elementor-column-gap-default\"><div class=\"elementor-column elementor-col-100 elementor-top-column elementor-element elementor-element-8d04493\" data-id=\"8d04493\" data-element_type=\"column\"><div class=\"elementor-widget-wrap elementor-element-populated\"><div class=\"elementor-element elementor-element-d63c831 color-scheme-inherit text-left elementor-widget elementor-widget-text-editor\" data-id=\"d63c831\" data-element_type=\"widget\" data-widget_type=\"text-editor.default\"><div class=\"elementor-widget-container\"><section class=\"elementor-section elementor-top-section elementor-element elementor-element-3661fbe elementor-section-boxed elementor-section-height-default elementor-section-height-default wd-section-disabled\" data-id=\"3661fbe\" data-element_type=\"section\"><div class=\"elementor-container elementor-column-gap-default\"><div class=\"elementor-column elementor-col-100 elementor-top-column elementor-element elementor-element-a3e4152\" data-id=\"a3e4152\" data-element_type=\"column\"><div class=\"elementor-widget-wrap elementor-element-populated\"><div class=\"elementor-element elementor-element-fd5276f color-scheme-inherit text-left elementor-widget elementor-widget-text-editor\" data-id=\"fd5276f\" data-element_type=\"widget\" data-widget_type=\"text-editor.default\"><div class=\"elementor-widget-container\"><div class=\"a-section a-spacing-none premium-aplus-15-heading\"><h1 class=\"premium-aplus-15-heading-text a-text-bold\">\u00bfPor qu\u00e9 elegir nuestra silla de oficina ergon\u00f3mica?<\/h1><\/div><div class=\"a-section a-spacing-none\"><ul class=\"a-unordered-list a-vertical\"><li><span class=\"a-list-item\">Reposabrazos abatibles 90\u00b0: Los reposabrazos acolchados y ajustables ofrecen apoyo y ahorran espacio cuando se abaten hacia arriba.<\/span><\/li><li><span class=\"a-list-item\">Respaldo ergon\u00f3mico: El dise\u00f1o curvado y la malla transpirable proporcionan un confort y una refrigeraci\u00f3n \u00f3ptimos.<\/span><\/li><li><span class=\"a-list-item\">C\u00f3modo coj\u00edn de asiento: La esponja de alta densidad reduce la presi\u00f3n sobre la cadera para un confort duradero.<\/span><\/li><li><span class=\"a-list-item\">Construcci\u00f3n segura y duradera: El elevador de gas con certificaci\u00f3n SGS, la base de alta resistencia y las ruedas lisas garantizan la estabilidad y la movilidad.<\/span><\/li><li><span class=\"a-list-item\">Montaje r\u00e1pido: Montaje en s\u00f3lo 15 minutos con el manual y las piezas incluidas.<\/span><\/li><li><span class=\"a-list-item\">Dise\u00f1o ergon\u00f3mico: Apoya la alineaci\u00f3n natural del cuerpo para reducir la tensi\u00f3n en la espalda y los hombros.<\/span><\/li><li><span class=\"a-list-item\">Altura ajustable: Encuentre f\u00e1cilmente su posici\u00f3n de asiento ideal para el m\u00e1ximo confort.<\/span><\/li><li><span class=\"a-list-item\">Modo mecedora: Rel\u00e1jese y desconecte con esta funci\u00f3n calmante.<\/span><\/li><li><span class=\"a-list-item\">Ruedas de base resistente: Dise\u00f1adas para mayor estabilidad y durabilidad.<\/span><\/li><li><span class=\"a-list-item\">Seguridad certificada: Las rigurosas pruebas de seguridad garantizan la fiabilidad y la estabilidad.<\/span><\/li><\/ul><\/div><\/div><\/div><\/div><\/div><\/div><\/section><\/div><\/div><\/div><\/div><\/div><\/section>\t\t\t\t\t\t\t\t<\/div>\n\t\t\t\t<\/div>\n\t\t\t\t\t<\/div>\n\t\t\t\t<\/div>\n\t\t\t\t<\/div>","protected":false},"excerpt":{"rendered":"<ul class=\"a-unordered-list a-vertical a-spacing-mini\">\n<li>\n<div class=\"woocommerce-product-details__short-description\">\n<ul class=\"a-unordered-list a-vertical a-spacing-mini\">\n<li class=\"a-spacing-mini\"><span class=\"a-list-item\">\u301090\u00b0 FLIP-UP ARMRESTS\u3011La silla de oficina ejecutiva ADOV ofrece reposabrazos acolchados ajustables para un apoyo superior de los hombros y el cuerpo. Estos reposabrazos abatibles le permiten deslizar la silla debajo de su escritorio, ahorrando un valioso espacio. Ideal para oficinas en casa, esta silla de oficina es perfecta para largas horas de trabajo o estudio<\/span><\/li>\n<li class=\"a-spacing-mini\"><span class=\"a-list-item\">\u3010RESPALDOERGON\u00d3MICO\u3011Nuestro respaldo curvado est\u00e1 dise\u00f1ado para apoyar la curva natural de su columna vertebral, mejorando la comodidad mientras trabaja. La malla transpirable promueve el flujo de aire, manteni\u00e9ndole fresco y c\u00f3modo. Con una funci\u00f3n de balanceo, esta silla de oficina para el hogar es perfecta para momentos de relajaci\u00f3n entre tareas<\/span><\/li>\n<li class=\"a-spacing-mini\"><span class=\"a-list-item\">\u3010COMODIDAD PARA TODO EL D\u00cdA\u3011Disfrute de la comodidad durante todo el d\u00eda con un asiento de esponja de alta densidad que garantiza una presi\u00f3n m\u00ednima en las caderas. Esta silla de oficina en casa proporciona un soporte excepcional, reduciendo la fatiga y aumentando la productividad. Dise\u00f1ada para largas horas, es la silla de ordenador perfecta para sesiones de trabajo concentradas<\/span><\/li>\n<li class=\"a-spacing-mini\"><span class=\"a-list-item\">\u3010BUILT TO LAST: STURDY AND SAFE\u3011Certificada por SGS Grado 2 Gaslift, esta silla giratoria ofrece una robusta estabilidad y movilidad. Con una base de alta resistencia y ruedas de rodamiento suave, soporta hasta 102 kg. Tambi\u00e9n ha superado una prueba de presi\u00f3n est\u00e1tica de 950kg, garantizando durabilidad y seguridad para cada usuario<\/span><\/li>\n<li class=\"a-spacing-mini\"><span class=\"a-list-item\">\u3010SET UP IN A BREEZE\u3011El montaje de esta silla de oficina es r\u00e1pido y f\u00e1cil con el manual incluido y todas las piezas necesarias. Requiere s\u00f3lo 15 minutos para montar con instrucciones claras, sin necesidad de herramientas adicionales. Esta silla ergon\u00f3mica est\u00e1 dise\u00f1ada para una configuraci\u00f3n sin complicaciones, para que pueda disfrutar de la comodidad en poco tiempo.<\/span><\/li>\n<\/ul>\n<\/div>\n<\/li>\n<\/ul>","protected":false},"featured_media":18364,"comment_status":"open","ping_status":"closed","template":"","meta":[],"product_brand":[],"product_cat":[191,200],"product_tag":[],"class_list":{"0":"post-17909","1":"product","2":"type-product","3":"status-publish","4":"has-post-thumbnail","6":"product_cat-chair","7":"product_cat-office-chair","9":"first","10":"instock","11":"shipping-taxable","12":"purchasable","13":"product-type-simple"},"_links":{"self":[{"href":"https:\/\/theelora.com\/es\/wp-json\/wp\/v2\/product\/17909","targetHints":{"allow":["GET"]}}],"collection":[{"href":"https:\/\/theelora.com\/es\/wp-json\/wp\/v2\/product"}],"about":[{"href":"https:\/\/theelora.com\/es\/wp-json\/wp\/v2\/types\/product"}],"replies":[{"embeddable":true,"href":"https:\/\/theelora.com\/es\/wp-json\/wp\/v2\/comments?post=17909"}],"version-history":[{"count":9,"href":"https:\/\/theelora.com\/es\/wp-json\/wp\/v2\/product\/17909\/revisions"}],"predecessor-version":[{"id":18373,"href":"https:\/\/theelora.com\/es\/wp-json\/wp\/v2\/product\/17909\/revisions\/18373"}],"wp:featuredmedia":[{"embeddable":true,"href":"https:\/\/theelora.com\/es\/wp-json\/wp\/v2\/media\/18364"}],"wp:attachment":[{"href":"https:\/\/theelora.com\/es\/wp-json\/wp\/v2\/media?parent=17909"}],"wp:term":[{"taxonomy":"product_brand","embeddable":true,"href":"https:\/\/theelora.com\/es\/wp-json\/wp\/v2\/product_brand?post=17909"},{"taxonomy":"product_cat","embeddable":true,"href":"https:\/\/theelora.com\/es\/wp-json\/wp\/v2\/product_cat?post=17909"},{"taxonomy":"product_tag","embeddable":true,"href":"https:\/\/theelora.com\/es\/wp-json\/wp\/v2\/product_tag?post=17909"}],"curies":[{"name":"wp","href":"https:\/\/api.w.org\/{rel}","templated":true}]}}