{"id":17945,"date":"2025-09-10T12:22:27","date_gmt":"2025-09-10T11:22:27","guid":{"rendered":"https:\/\/theelora.com\/?post_type=product&#038;p=17945"},"modified":"2025-10-28T08:58:46","modified_gmt":"2025-10-28T08:58:46","slug":"ergonomic-office-chair-with-headrest-3d-armrest-125-rocking-swivel","status":"publish","type":"product","link":"https:\/\/theelora.com\/es\/producto\/ergonomic-office-chair-with-headrest-3d-armrest-125-rocking-swivel\/","title":{"rendered":"Silla de oficina ergon\u00f3mica con reposacabezas, reposabrazos 3D, basculante 125"},"content":{"rendered":"<div data-elementor-type=\"product-post\" data-elementor-id=\"17945\" class=\"elementor elementor-17945\" data-elementor-post-type=\"product\">\n\t\t\t\t<div class=\"elementor-element elementor-element-5709e05 e-flex e-con-boxed wd-section-disabled e-con e-parent\" data-id=\"5709e05\" data-element_type=\"container\">\n\t\t\t\t\t<div class=\"e-con-inner\">\n\t\t\t\t<div class=\"elementor-element elementor-element-e43c93f elementor-widget elementor-widget-image\" data-id=\"e43c93f\" data-element_type=\"widget\" data-widget_type=\"image.default\">\n\t\t\t\t<div class=\"elementor-widget-container\">\n\t\t\t\t\t\t\t\t\t\t\t\t\t\t\t<img fetchpriority=\"high\" decoding=\"async\" width=\"1249\" height=\"2560\" src=\"https:\/\/theelora.com\/wp-content\/uploads\/2025\/09\/HALSM-BLA-scaled.jpg\" class=\"attachment-full size-full wp-image-18035\" alt=\"\" srcset=\"https:\/\/theelora.com\/wp-content\/uploads\/2025\/09\/HALSM-BLA-scaled.jpg 1249w, https:\/\/theelora.com\/wp-content\/uploads\/2025\/09\/HALSM-BLA-146x300.jpg 146w, https:\/\/theelora.com\/wp-content\/uploads\/2025\/09\/HALSM-BLA-390x800.jpg 390w, https:\/\/theelora.com\/wp-content\/uploads\/2025\/09\/HALSM-BLA-768x1574.jpg 768w, https:\/\/theelora.com\/wp-content\/uploads\/2025\/09\/HALSM-BLA-750x1536.jpg 750w, https:\/\/theelora.com\/wp-content\/uploads\/2025\/09\/HALSM-BLA-999x2048.jpg 999w, https:\/\/theelora.com\/wp-content\/uploads\/2025\/09\/HALSM-BLA-6x12.jpg 6w, https:\/\/theelora.com\/wp-content\/uploads\/2025\/09\/HALSM-BLA-700x1434.jpg 700w, https:\/\/theelora.com\/wp-content\/uploads\/2025\/09\/HALSM-BLA-150x307.jpg 150w\" sizes=\"(max-width: 1249px) 100vw, 1249px\" \/>\t\t\t\t\t\t\t\t\t\t\t\t\t\t\t<\/div>\n\t\t\t\t<\/div>\n\t\t\t\t\t<\/div>\n\t\t\t\t<\/div>\n\t\t<div class=\"elementor-element elementor-element-585c39a9 e-flex e-con-boxed wd-section-disabled e-con e-parent\" data-id=\"585c39a9\" data-element_type=\"container\">\n\t\t\t\t\t<div class=\"e-con-inner\">\n\t\t\t\t<div class=\"elementor-element elementor-element-5c03669f color-scheme-inherit text-left elementor-widget elementor-widget-text-editor\" data-id=\"5c03669f\" data-element_type=\"widget\" data-widget_type=\"text-editor.default\">\n\t\t\t\t<div class=\"elementor-widget-container\">\n\t\t\t\t\t\t\t\t\t<section class=\"elementor-section elementor-top-section elementor-element elementor-element-2837776 elementor-section-boxed elementor-section-height-default elementor-section-height-default wd-section-disabled\" data-id=\"2837776\" data-element_type=\"section\">\r\n<div class=\"elementor-container elementor-column-gap-default\">\r\n<div class=\"elementor-column elementor-col-100 elementor-top-column elementor-element elementor-element-8d04493\" data-id=\"8d04493\" data-element_type=\"column\">\r\n<div class=\"elementor-widget-wrap elementor-element-populated\">\r\n<div class=\"elementor-element elementor-element-d63c831 color-scheme-inherit text-left elementor-widget elementor-widget-text-editor\" data-id=\"d63c831\" data-element_type=\"widget\" data-widget_type=\"text-editor.default\">\r\n<div class=\"elementor-widget-container\"><section class=\"elementor-section elementor-top-section elementor-element elementor-element-3661fbe elementor-section-boxed elementor-section-height-default elementor-section-height-default wd-section-disabled\" data-id=\"3661fbe\" data-element_type=\"section\">\r\n<div class=\"elementor-container elementor-column-gap-default\">\r\n<div class=\"elementor-column elementor-col-100 elementor-top-column elementor-element elementor-element-a3e4152\" data-id=\"a3e4152\" data-element_type=\"column\">\r\n<div class=\"elementor-widget-wrap elementor-element-populated\">\r\n<div class=\"elementor-element elementor-element-fd5276f color-scheme-inherit text-left elementor-widget elementor-widget-text-editor\" data-id=\"fd5276f\" data-element_type=\"widget\" data-widget_type=\"text-editor.default\">\r\n<div class=\"elementor-widget-container\">\r\n<div class=\"a-section a-spacing-none premium-aplus-15-heading\">\r\n<div class=\"a-section a-spacing-none premium-aplus-15-heading\">\r\n<div class=\"a-section a-spacing-none premium-aplus-15-heading\">\r\n<h1 class=\"premium-aplus-15-heading-text a-text-bold\">\u00bfPor qu\u00e9 elegir nuestra silla de oficina ergon\u00f3mica?<\/h1>\r\n<\/div>\r\n<div class=\"a-section a-spacing-none\">\r\n<ul class=\"a-unordered-list a-vertical\">\r\n \t<li><span class=\"a-list-item\"><span class=\"a-text-bold\">Respaldo ergon\u00f3mico<\/span>\u00a0- Proporciona un excelente apoyo lumbar y cervical para garantizar la comodidad durante largos periodos de tiempo sentado.<\/span><\/li>\r\n \t<li><span class=\"a-list-item\"><span class=\"a-text-bold\">Caracter\u00edsticas ajustables<\/span> - Personalice la altura, el apoyo lumbar, los reposabrazos y el reposacabezas para lograr una posici\u00f3n sentada personalizada.<\/span><\/li>\r\n \t<li><span class=\"a-list-item\"><span class=\"a-text-bold\">Materiales de alta calidad<\/span>\u00a0- Fabricado con un duradero coj\u00edn de esponja de alta densidad que ofrece el equilibrio perfecto entre suavidad y firmeza.<\/span><\/li>\r\n \t<li><span class=\"a-list-item\"><span class=\"a-text-bold\">Respaldo de malla transpirable<\/span>\u00a0- Incorpora una malla de nailon muy el\u00e1stica y transpirable que favorece la circulaci\u00f3n del aire y te mantiene fresco mientras est\u00e1s sentado.<\/span><\/li>\r\n \t<li><span class=\"a-list-item\"><span class=\"a-text-bold\">Movilidad fluida<\/span>\u00a0- Equipado con ruedas silenciosas y de rodamiento suave que protegen su suelo de ara\u00f1azos, garantizando un movimiento sin esfuerzo.<\/span><\/li>\r\n \t<li><span class=\"a-list-item\"><span class=\"a-text-bold\">Seguro y estable<\/span>\u00a0- Equipada con una capacidad de carga m\u00e1xima de 150 kg, ofrece durabilidad y estabilidad.<\/span><\/li>\r\n<\/ul>\r\n<\/div>\r\n<\/div>\r\n<\/div>\r\n<\/div>\r\n<\/div>\r\n<\/div>\r\n<\/div>\r\n<\/div>\r\n<\/section><\/div>\r\n<\/div>\r\n<\/div>\r\n<\/div>\r\n<\/div>\r\n<\/section>\t\t\t\t\t\t\t\t<\/div>\n\t\t\t\t<\/div>\n\t\t\t\t\t<\/div>\n\t\t\t\t<\/div>\n\t\t\t\t<\/div>","protected":false},"excerpt":{"rendered":"<ul class=\"a-unordered-list a-vertical a-spacing-mini\">\n<li>\n<div class=\"woocommerce-product-details__short-description\">\n<ul class=\"a-unordered-list a-vertical a-spacing-mini\">\n<li class=\"a-spacing-mini\"><span class=\"a-list-item\">Esta silla ergon\u00f3mica cuenta con un respaldo en forma de S y un reposacabezas giratorio que proporcionan apoyo para la zona lumbar y el cuello. El respaldo se adapta a su columna vertebral, promoviendo una postura correcta y ayudando a prevenir el dolor de espalda durante largas horas sentado en sillas de oficina para el hogar<\/span><\/li>\n<li class=\"a-spacing-mini\"><span class=\"a-list-item\">\u3010ASIENTO PERSONALIZADO, A SU MANERA\u3011Ajuste el reposacabezas, el apoyo lumbar, los reposabrazos 3D y la altura del asiento para adaptarlos a su cuerpo. La silla se balancea suavemente durante los descansos para mayor comodidad. Tanto si se utiliza como silla de oficina en casa o silla de ordenador, la silla giratoria aumenta su comodidad personalizada durante todo el d\u00eda<\/span><\/li>\n<li class=\"a-spacing-mini\"><span class=\"a-list-item\">\u3010BUILT TO LAST, DESIGNED FOR COMFORT\u3011Construida con una varilla de aire con recubrimiento en polvo de 100 mm (Nivel 3), una robusta base de 5 patas (350#) y ruedas enchufables Tipo 5, esta silla de oficina ejecutiva est\u00e1 hecha para durar. El asiento de esponja de alta densidad y el respaldo de malla transpirable ofrecen una comodidad duradera, ideal para Home Office<\/span><\/li>\n<li class=\"a-spacing-mini\"><span class=\"a-list-item\">\u3010STRENGTH AND STABILITY YOU CAN COUNT ON\u3011Esta silla giratoria soporta hasta 140 kg e incluye una reclinaci\u00f3n de 125\u00b0 con tensi\u00f3n de inclinaci\u00f3n ajustable. Ideal como silla de PC o cualquier silla de oficina en casa, proporciona un soporte fiable para trabajar, jugar o estudiar, todo mientras te mantiene estable y c\u00f3modo<\/span><\/li>\n<li class=\"a-spacing-mini\"><span class=\"a-list-item\">\u3010MONTAJE R\u00c1PIDO, ALMACENAMIENTO COMPACTO\u3011Monte esta silla de escritorio para dormitorio u oficina en casa r\u00e1pidamente con las instrucciones deatiled incluidas y las herramientas necesarias. En solo unos minutos, configure su silla ergon\u00f3mica y baje el asiento y los reposabrazos para deslizar la silla debajo de su escritorio, ahorrando un valioso espacio en cualquier habitaci\u00f3n.<\/span><\/li>\n<\/ul>\n<\/div>\n<\/li>\n<\/ul>","protected":false},"featured_media":17937,"comment_status":"open","ping_status":"closed","template":"","meta":[],"product_brand":[],"product_cat":[191,200],"product_tag":[],"class_list":{"0":"post-17945","1":"product","2":"type-product","3":"status-publish","4":"has-post-thumbnail","6":"product_cat-chair","7":"product_cat-office-chair","9":"first","10":"instock","11":"shipping-taxable","12":"purchasable","13":"product-type-simple"},"_links":{"self":[{"href":"https:\/\/theelora.com\/es\/wp-json\/wp\/v2\/product\/17945","targetHints":{"allow":["GET"]}}],"collection":[{"href":"https:\/\/theelora.com\/es\/wp-json\/wp\/v2\/product"}],"about":[{"href":"https:\/\/theelora.com\/es\/wp-json\/wp\/v2\/types\/product"}],"replies":[{"embeddable":true,"href":"https:\/\/theelora.com\/es\/wp-json\/wp\/v2\/comments?post=17945"}],"version-history":[{"count":10,"href":"https:\/\/theelora.com\/es\/wp-json\/wp\/v2\/product\/17945\/revisions"}],"predecessor-version":[{"id":18404,"href":"https:\/\/theelora.com\/es\/wp-json\/wp\/v2\/product\/17945\/revisions\/18404"}],"wp:featuredmedia":[{"embeddable":true,"href":"https:\/\/theelora.com\/es\/wp-json\/wp\/v2\/media\/17937"}],"wp:attachment":[{"href":"https:\/\/theelora.com\/es\/wp-json\/wp\/v2\/media?parent=17945"}],"wp:term":[{"taxonomy":"product_brand","embeddable":true,"href":"https:\/\/theelora.com\/es\/wp-json\/wp\/v2\/product_brand?post=17945"},{"taxonomy":"product_cat","embeddable":true,"href":"https:\/\/theelora.com\/es\/wp-json\/wp\/v2\/product_cat?post=17945"},{"taxonomy":"product_tag","embeddable":true,"href":"https:\/\/theelora.com\/es\/wp-json\/wp\/v2\/product_tag?post=17945"}],"curies":[{"name":"wp","href":"https:\/\/api.w.org\/{rel}","templated":true}]}}