{"id":17955,"date":"2025-09-10T12:26:14","date_gmt":"2025-09-10T11:26:14","guid":{"rendered":"https:\/\/theelora.com\/?post_type=product&#038;p=17955"},"modified":"2025-10-28T08:58:29","modified_gmt":"2025-10-28T08:58:29","slug":"ergonomic-office-chair-high-back-breathable-mesh-desk-chair-with-adjustable-footrest","status":"publish","type":"product","link":"https:\/\/theelora.com\/es\/producto\/ergonomic-office-chair-high-back-breathable-mesh-desk-chair-with-adjustable-footrest\/","title":{"rendered":"Silla de oficina ergon\u00f3mica, respaldo alto transpirable Mesh silla de escritorio con reposapi\u00e9s ajustable"},"content":{"rendered":"<div data-elementor-type=\"product-post\" data-elementor-id=\"17955\" class=\"elementor elementor-17955\" data-elementor-post-type=\"product\">\n\t\t\t\t<div class=\"elementor-element elementor-element-fc38cd9 e-flex e-con-boxed wd-section-disabled e-con e-parent\" data-id=\"fc38cd9\" data-element_type=\"container\">\n\t\t\t\t\t<div class=\"e-con-inner\">\n\t\t\t\t<div class=\"elementor-element elementor-element-80e2fe3 elementor-widget elementor-widget-image\" data-id=\"80e2fe3\" data-element_type=\"widget\" data-widget_type=\"image.default\">\n\t\t\t\t<div class=\"elementor-widget-container\">\n\t\t\t\t\t\t\t\t\t\t\t\t\t\t\t<img fetchpriority=\"high\" decoding=\"async\" width=\"1249\" height=\"2560\" src=\"https:\/\/theelora.com\/wp-content\/uploads\/2025\/09\/MCDHB-2-scaled.jpg\" class=\"attachment-full size-full wp-image-18026\" alt=\"\" srcset=\"https:\/\/theelora.com\/wp-content\/uploads\/2025\/09\/MCDHB-2-scaled.jpg 1249w, https:\/\/theelora.com\/wp-content\/uploads\/2025\/09\/MCDHB-2-146x300.jpg 146w, https:\/\/theelora.com\/wp-content\/uploads\/2025\/09\/MCDHB-2-390x800.jpg 390w, https:\/\/theelora.com\/wp-content\/uploads\/2025\/09\/MCDHB-2-768x1574.jpg 768w, https:\/\/theelora.com\/wp-content\/uploads\/2025\/09\/MCDHB-2-750x1536.jpg 750w, https:\/\/theelora.com\/wp-content\/uploads\/2025\/09\/MCDHB-2-999x2048.jpg 999w, https:\/\/theelora.com\/wp-content\/uploads\/2025\/09\/MCDHB-2-6x12.jpg 6w, https:\/\/theelora.com\/wp-content\/uploads\/2025\/09\/MCDHB-2-700x1434.jpg 700w, https:\/\/theelora.com\/wp-content\/uploads\/2025\/09\/MCDHB-2-150x307.jpg 150w\" sizes=\"(max-width: 1249px) 100vw, 1249px\" \/>\t\t\t\t\t\t\t\t\t\t\t\t\t\t\t<\/div>\n\t\t\t\t<\/div>\n\t\t\t\t\t<\/div>\n\t\t\t\t<\/div>\n\t\t<div class=\"elementor-element elementor-element-9953b2e e-flex e-con-boxed wd-section-disabled e-con e-parent\" data-id=\"9953b2e\" data-element_type=\"container\">\n\t\t\t\t\t<div class=\"e-con-inner\">\n\t\t\t\t<div class=\"elementor-element elementor-element-51ae44dd color-scheme-inherit text-left elementor-widget elementor-widget-text-editor\" data-id=\"51ae44dd\" data-element_type=\"widget\" data-widget_type=\"text-editor.default\">\n\t\t\t\t<div class=\"elementor-widget-container\">\n\t\t\t\t\t\t\t\t\t<section class=\"elementor-section elementor-top-section elementor-element elementor-element-2837776 elementor-section-boxed elementor-section-height-default elementor-section-height-default wd-section-disabled\" data-id=\"2837776\" data-element_type=\"section\">\n<div class=\"elementor-container elementor-column-gap-default\">\n<div class=\"elementor-column elementor-col-100 elementor-top-column elementor-element elementor-element-8d04493\" data-id=\"8d04493\" data-element_type=\"column\">\n<div class=\"elementor-widget-wrap elementor-element-populated\">\n<div class=\"elementor-element elementor-element-d63c831 color-scheme-inherit text-left elementor-widget elementor-widget-text-editor\" data-id=\"d63c831\" data-element_type=\"widget\" data-widget_type=\"text-editor.default\">\n<div class=\"elementor-widget-container\"><section class=\"elementor-section elementor-top-section elementor-element elementor-element-3661fbe elementor-section-boxed elementor-section-height-default elementor-section-height-default wd-section-disabled\" data-id=\"3661fbe\" data-element_type=\"section\">\n<div class=\"elementor-container elementor-column-gap-default\">\n<div class=\"elementor-column elementor-col-100 elementor-top-column elementor-element elementor-element-a3e4152\" data-id=\"a3e4152\" data-element_type=\"column\">\n<div class=\"elementor-widget-wrap elementor-element-populated\">\n<div class=\"elementor-element elementor-element-fd5276f color-scheme-inherit text-left elementor-widget elementor-widget-text-editor\" data-id=\"fd5276f\" data-element_type=\"widget\" data-widget_type=\"text-editor.default\">\n<div class=\"elementor-widget-container\">\n<div class=\"a-section a-spacing-none premium-aplus-15-heading\">\n<div class=\"a-section a-spacing-none premium-aplus-15-heading\">\n<div class=\"a-section a-spacing-none premium-aplus-15-heading\">\n<div class=\"a-section a-spacing-none premium-aplus-15-heading\">\n<h1 class=\"premium-aplus-15-heading-text a-text-bold\">\u00bfPor qu\u00e9 elegir nuestra silla de oficina ergon\u00f3mica?<\/h1>\n<\/div>\n<div class=\"a-section a-spacing-none\">\n<ul class=\"a-unordered-list a-vertical\">\n \t<li><span class=\"a-list-item\"><span class=\"a-text-bold\">Respaldo de malla en forma de S<\/span>\u00a0- Fomenta una postura saludable a la vez que te mantiene fresco<\/span><\/li>\n \t<li><span class=\"a-list-item\"><span class=\"a-text-bold\">Reposacabezas ajustable y soporte lumbar<\/span>\u00a0- Soporte personalizado para el cuello y la zona lumbar<\/span><\/li>\n \t<li><span class=\"a-list-item\"><span class=\"a-text-bold\">Ajuste de altura y reposabrazos<\/span>\u00a0- Comodidad adaptada a cada tipo de cuerpo<\/span><\/li>\n \t<li><span class=\"a-list-item\"><span class=\"a-text-bold\">Asiento de esponja de algod\u00f3n reciclado 24D<\/span>\u00a0- Acolchado suave pero de apoyo para el uso diario<\/span><\/li>\n \t<li><span class=\"a-list-item\"><span class=\"a-text-bold\">Robusta base de asiento de 1,3 mm de grosor<\/span>\u00a0- Construido con un tablero de construcci\u00f3n duradero para la estructura<\/span><\/li>\n \t<li><span class=\"a-list-item\"><span class=\"a-text-bold\">Elevador de gas recubierto de polvo de 100 mm (nivel 2)<\/span>\u00a0- Regulaci\u00f3n suave de la altura del asiento<\/span><\/li>\n \t<li><span class=\"a-list-item\"><span class=\"a-text-bold\">Base en forma de flecha (clasificaci\u00f3n 320#)<\/span>\u00a0- Robustas patas de cinco radios que ofrecen gran estabilidad<\/span><\/li>\n \t<li><span class=\"a-list-item\"><span class=\"a-text-bold\">Ruedas enchufables de tipo 5<\/span>\u00a0- Rueda silenciosa y f\u00e1cilmente sobre cualquier superficie<\/span><\/li>\n \t<li><span class=\"a-list-item\"><span class=\"a-text-bold\">125\u00b0 de reclinaci\u00f3n con control de tensi\u00f3n de inclinaci\u00f3n<\/span>\u00a0- Rel\u00e1jese entre tareas con la inclinaci\u00f3n ajustable<\/span><\/li>\n \t<li><span class=\"a-list-item\"><span class=\"a-text-bold\">Funci\u00f3n giratoria de 360<\/span>\u00a0- Mu\u00e9vase con libertad y sea productivo durante todo el d\u00eda<\/span><\/li>\n<\/ul>\n<\/div>\n<\/div>\n<\/div>\n<\/div>\n<\/div>\n<\/div>\n<\/div>\n<\/div>\n<\/div>\n<\/section><\/div>\n<\/div>\n<\/div>\n<\/div>\n<\/div>\n<\/section>\t\t\t\t\t\t\t\t<\/div>\n\t\t\t\t<\/div>\n\t\t\t\t\t<\/div>\n\t\t\t\t<\/div>\n\t\t\t\t<\/div>","protected":false},"excerpt":{"rendered":"<ul class=\"a-unordered-list a-vertical a-spacing-mini\">\n<li>\n<div class=\"woocommerce-product-details__short-description\">\n<ul class=\"a-unordered-list a-vertical a-spacing-mini\">\n<li class=\"a-spacing-mini\"><span class=\"a-list-item\">\u3010APOYO ERGON\u00d3MICO CON REPOSAPI\u00c9S\u3011 Dise\u00f1ada con un respaldo en forma de S, reposacabezas ajustable y reposapi\u00e9s extensible, esta silla ergon\u00f3mica favorece la alineaci\u00f3n de la columna vertebral y la postura. Los ajustes de altura e inclinaci\u00f3n ajustables garantizan la comodidad durante largas horas de trabajo, estudio o juego.<\/span><\/li>\n<li class=\"a-spacing-mini\"><span class=\"a-list-item\">REPOSABRAZOS MULTIFUNCIONALES 6D\u3011 Construido con pl\u00e1stico 6D duradero, los reposabrazos se ajustan en altura, profundidad, anchura y \u00e1ngulo para un soporte personalizado. Ya sea que se use como silla de PC, silla de oficina ejecutiva o silla de escritorio en su dormitorio, proporciona flexibilidad ergon\u00f3mica durante todo el d\u00eda.<\/span><\/li>\n<li class=\"a-spacing-mini\"><span class=\"a-list-item\">\u3010SOPORTE TRANSPIRABLE DONDE HACE FALTA\u3011 Fabricada con un marco de pl\u00e1stico resistente, tejido de malla y coj\u00edn de espuma el\u00e1stica, esta silla de oficina te mantiene fresco y c\u00f3modo. El respaldo de malla transpirable promueve el flujo de aire, por lo que es ideal para la oficina en casa, sesiones de estudio, o configuraciones de juego.<\/span><\/li>\n<li class=\"a-spacing-mini\"><span class=\"a-list-item\">\u3010FUNCI\u00d3N RECLINABLE Y RESISTENCIA FIABLE\u3011 Se reclina hasta 125 \u00b0 con reposapi\u00e9s para relajarse, o se mantiene erguido para el trabajo enfocado. Construido con un elevador de gas certificado, cilindro de aire de 3 niveles, robustas patas 330PP y ruedas de PU lisas, garantiza la comodidad diaria y una larga durabilidad.<\/span><\/li>\n<li class=\"a-spacing-mini\"><span class=\"a-list-item\">\u3010F\u00c1CIL MONTAJE Y MANTENIMIENTO\u3011. Viene con herramientas e instrucciones claras para un montaje r\u00e1pido. El asiento y el marco se pueden limpiar con un pa\u00f1o h\u00famedo, y los cojines extra\u00edbles son f\u00e1ciles de limpiar. Las revisiones regulares mantienen su silla de oficina ergon\u00f3mica en plena forma para un uso diario fiable.<\/span><\/li>\n<\/ul>\n<\/div>\n<\/li>\n<\/ul>","protected":false},"featured_media":17956,"comment_status":"open","ping_status":"closed","template":"","meta":[],"product_brand":[],"product_cat":[191,200],"product_tag":[],"class_list":{"0":"post-17955","1":"product","2":"type-product","3":"status-publish","4":"has-post-thumbnail","6":"product_cat-chair","7":"product_cat-office-chair","9":"first","10":"instock","11":"shipping-taxable","12":"purchasable","13":"product-type-simple"},"_links":{"self":[{"href":"https:\/\/theelora.com\/es\/wp-json\/wp\/v2\/product\/17955","targetHints":{"allow":["GET"]}}],"collection":[{"href":"https:\/\/theelora.com\/es\/wp-json\/wp\/v2\/product"}],"about":[{"href":"https:\/\/theelora.com\/es\/wp-json\/wp\/v2\/types\/product"}],"replies":[{"embeddable":true,"href":"https:\/\/theelora.com\/es\/wp-json\/wp\/v2\/comments?post=17955"}],"version-history":[{"count":14,"href":"https:\/\/theelora.com\/es\/wp-json\/wp\/v2\/product\/17955\/revisions"}],"predecessor-version":[{"id":18430,"href":"https:\/\/theelora.com\/es\/wp-json\/wp\/v2\/product\/17955\/revisions\/18430"}],"wp:featuredmedia":[{"embeddable":true,"href":"https:\/\/theelora.com\/es\/wp-json\/wp\/v2\/media\/17956"}],"wp:attachment":[{"href":"https:\/\/theelora.com\/es\/wp-json\/wp\/v2\/media?parent=17955"}],"wp:term":[{"taxonomy":"product_brand","embeddable":true,"href":"https:\/\/theelora.com\/es\/wp-json\/wp\/v2\/product_brand?post=17955"},{"taxonomy":"product_cat","embeddable":true,"href":"https:\/\/theelora.com\/es\/wp-json\/wp\/v2\/product_cat?post=17955"},{"taxonomy":"product_tag","embeddable":true,"href":"https:\/\/theelora.com\/es\/wp-json\/wp\/v2\/product_tag?post=17955"}],"curies":[{"name":"wp","href":"https:\/\/api.w.org\/{rel}","templated":true}]}}