{"id":17974,"date":"2025-09-11T07:12:56","date_gmt":"2025-09-11T06:12:56","guid":{"rendered":"https:\/\/theelora.com\/?post_type=product&#038;p=17974"},"modified":"2025-10-28T08:54:55","modified_gmt":"2025-10-28T08:54:55","slug":"executive-office-chair-black","status":"publish","type":"product","link":"https:\/\/theelora.com\/es\/producto\/executive-office-chair-black\/","title":{"rendered":"Silla de oficina ejecutiva, negra"},"content":{"rendered":"<div data-elementor-type=\"product-post\" data-elementor-id=\"17974\" class=\"elementor elementor-17974\" data-elementor-post-type=\"product\">\n\t\t\t\t<div class=\"elementor-element elementor-element-54726f6 e-flex e-con-boxed wd-section-disabled e-con e-parent\" data-id=\"54726f6\" data-element_type=\"container\">\n\t\t\t\t\t<div class=\"e-con-inner\">\n\t\t\t\t<div class=\"elementor-element elementor-element-535bae7 elementor-widget elementor-widget-wd_image_or_svg\" data-id=\"535bae7\" data-element_type=\"widget\" data-widget_type=\"wd_image_or_svg.default\">\n\t\t\t\t<div class=\"elementor-widget-container\">\n\t\t\t\t\t\n\t\t<div class=\"wd-image text-left\">\n\t\t\t\t\t\t\t\t<img fetchpriority=\"high\" decoding=\"async\" width=\"1464\" height=\"600\" src=\"https:\/\/theelora.com\/wp-content\/uploads\/2025\/09\/ex01.jpg\" class=\"attachment-full size-full wp-image-17990\" alt=\"\" srcset=\"https:\/\/theelora.com\/wp-content\/uploads\/2025\/09\/ex01.jpg 1464w, https:\/\/theelora.com\/wp-content\/uploads\/2025\/09\/ex01-400x164.jpg 400w, https:\/\/theelora.com\/wp-content\/uploads\/2025\/09\/ex01-1300x533.jpg 1300w, https:\/\/theelora.com\/wp-content\/uploads\/2025\/09\/ex01-768x315.jpg 768w, https:\/\/theelora.com\/wp-content\/uploads\/2025\/09\/ex01-18x7.jpg 18w, https:\/\/theelora.com\/wp-content\/uploads\/2025\/09\/ex01-700x287.jpg 700w, https:\/\/theelora.com\/wp-content\/uploads\/2025\/09\/ex01-150x61.jpg 150w\" sizes=\"(max-width: 1464px) 100vw, 1464px\" \/>\t\t\t\t\t<\/div>\n\n\t\t\t\t\t\t<\/div>\n\t\t\t\t<\/div>\n\t\t\t\t\t<\/div>\n\t\t\t\t<\/div>\n\t\t<div class=\"elementor-element elementor-element-cabf285 e-flex e-con-boxed wd-section-disabled e-con e-parent\" data-id=\"cabf285\" data-element_type=\"container\">\n\t\t\t\t\t<div class=\"e-con-inner\">\n\t\t\t\t<div class=\"elementor-element elementor-element-96ecb7f elementor-widget elementor-widget-wd_image_or_svg\" data-id=\"96ecb7f\" data-element_type=\"widget\" data-widget_type=\"wd_image_or_svg.default\">\n\t\t\t\t<div class=\"elementor-widget-container\">\n\t\t\t\t\t\n\t\t<div class=\"wd-image text-left\">\n\t\t\t\t\t\t\t\t<img decoding=\"async\" width=\"1464\" height=\"600\" src=\"https:\/\/theelora.com\/wp-content\/uploads\/2025\/09\/ex02.jpg\" class=\"attachment-full size-full wp-image-17991\" alt=\"\" srcset=\"https:\/\/theelora.com\/wp-content\/uploads\/2025\/09\/ex02.jpg 1464w, https:\/\/theelora.com\/wp-content\/uploads\/2025\/09\/ex02-400x164.jpg 400w, https:\/\/theelora.com\/wp-content\/uploads\/2025\/09\/ex02-1300x533.jpg 1300w, https:\/\/theelora.com\/wp-content\/uploads\/2025\/09\/ex02-768x315.jpg 768w, https:\/\/theelora.com\/wp-content\/uploads\/2025\/09\/ex02-18x7.jpg 18w, https:\/\/theelora.com\/wp-content\/uploads\/2025\/09\/ex02-700x287.jpg 700w, https:\/\/theelora.com\/wp-content\/uploads\/2025\/09\/ex02-150x61.jpg 150w\" sizes=\"(max-width: 1464px) 100vw, 1464px\" \/>\t\t\t\t\t<\/div>\n\n\t\t\t\t\t\t<\/div>\n\t\t\t\t<\/div>\n\t\t\t\t\t<\/div>\n\t\t\t\t<\/div>\n\t\t<div class=\"elementor-element elementor-element-a0c8126 e-flex e-con-boxed wd-section-disabled e-con e-parent\" data-id=\"a0c8126\" data-element_type=\"container\">\n\t\t\t\t\t<div class=\"e-con-inner\">\n\t\t\t\t<div class=\"elementor-element elementor-element-a0ff5a0 elementor-widget elementor-widget-wd_image_or_svg\" data-id=\"a0ff5a0\" data-element_type=\"widget\" data-widget_type=\"wd_image_or_svg.default\">\n\t\t\t\t<div class=\"elementor-widget-container\">\n\t\t\t\t\t\n\t\t<div class=\"wd-image text-left\">\n\t\t\t\t\t\t\t\t<img decoding=\"async\" width=\"1464\" height=\"600\" src=\"https:\/\/theelora.com\/wp-content\/uploads\/2025\/09\/ex03.jpg\" class=\"attachment-full size-full wp-image-17992\" alt=\"\" srcset=\"https:\/\/theelora.com\/wp-content\/uploads\/2025\/09\/ex03.jpg 1464w, https:\/\/theelora.com\/wp-content\/uploads\/2025\/09\/ex03-400x164.jpg 400w, https:\/\/theelora.com\/wp-content\/uploads\/2025\/09\/ex03-1300x533.jpg 1300w, https:\/\/theelora.com\/wp-content\/uploads\/2025\/09\/ex03-768x315.jpg 768w, https:\/\/theelora.com\/wp-content\/uploads\/2025\/09\/ex03-18x7.jpg 18w, https:\/\/theelora.com\/wp-content\/uploads\/2025\/09\/ex03-700x287.jpg 700w, https:\/\/theelora.com\/wp-content\/uploads\/2025\/09\/ex03-150x61.jpg 150w\" sizes=\"(max-width: 1464px) 100vw, 1464px\" \/>\t\t\t\t\t<\/div>\n\n\t\t\t\t\t\t<\/div>\n\t\t\t\t<\/div>\n\t\t\t\t\t<\/div>\n\t\t\t\t<\/div>\n\t\t<div class=\"elementor-element elementor-element-aee1905 e-flex e-con-boxed wd-section-disabled e-con e-parent\" data-id=\"aee1905\" data-element_type=\"container\">\n\t\t\t\t\t<div class=\"e-con-inner\">\n\t\t\t\t<div class=\"elementor-element elementor-element-d6eba27 elementor-widget elementor-widget-wd_image_or_svg\" data-id=\"d6eba27\" data-element_type=\"widget\" data-widget_type=\"wd_image_or_svg.default\">\n\t\t\t\t<div class=\"elementor-widget-container\">\n\t\t\t\t\t\n\t\t<div class=\"wd-image text-left\">\n\t\t\t\t\t\t\t\t<img loading=\"lazy\" decoding=\"async\" width=\"1464\" height=\"600\" src=\"https:\/\/theelora.com\/wp-content\/uploads\/2025\/09\/ex04.jpg\" class=\"attachment-full size-full wp-image-17993\" alt=\"\" srcset=\"https:\/\/theelora.com\/wp-content\/uploads\/2025\/09\/ex04.jpg 1464w, https:\/\/theelora.com\/wp-content\/uploads\/2025\/09\/ex04-400x164.jpg 400w, https:\/\/theelora.com\/wp-content\/uploads\/2025\/09\/ex04-1300x533.jpg 1300w, https:\/\/theelora.com\/wp-content\/uploads\/2025\/09\/ex04-768x315.jpg 768w, https:\/\/theelora.com\/wp-content\/uploads\/2025\/09\/ex04-18x7.jpg 18w, https:\/\/theelora.com\/wp-content\/uploads\/2025\/09\/ex04-700x287.jpg 700w, https:\/\/theelora.com\/wp-content\/uploads\/2025\/09\/ex04-150x61.jpg 150w\" sizes=\"(max-width: 1464px) 100vw, 1464px\" \/>\t\t\t\t\t<\/div>\n\n\t\t\t\t\t\t<\/div>\n\t\t\t\t<\/div>\n\t\t\t\t<div class=\"elementor-element elementor-element-6109087 elementor-widget elementor-widget-wd_image_or_svg\" data-id=\"6109087\" data-element_type=\"widget\" data-widget_type=\"wd_image_or_svg.default\">\n\t\t\t\t<div class=\"elementor-widget-container\">\n\t\t\t\t\t\n\t\t<div class=\"wd-image text-left\">\n\t\t\t\t\t\t\t\t<img loading=\"lazy\" decoding=\"async\" width=\"1464\" height=\"600\" src=\"https:\/\/theelora.com\/wp-content\/uploads\/2025\/09\/ex05.jpg\" class=\"attachment-full size-full wp-image-17994\" alt=\"\" srcset=\"https:\/\/theelora.com\/wp-content\/uploads\/2025\/09\/ex05.jpg 1464w, https:\/\/theelora.com\/wp-content\/uploads\/2025\/09\/ex05-400x164.jpg 400w, https:\/\/theelora.com\/wp-content\/uploads\/2025\/09\/ex05-1300x533.jpg 1300w, https:\/\/theelora.com\/wp-content\/uploads\/2025\/09\/ex05-768x315.jpg 768w, https:\/\/theelora.com\/wp-content\/uploads\/2025\/09\/ex05-18x7.jpg 18w, https:\/\/theelora.com\/wp-content\/uploads\/2025\/09\/ex05-700x287.jpg 700w, https:\/\/theelora.com\/wp-content\/uploads\/2025\/09\/ex05-150x61.jpg 150w\" sizes=\"(max-width: 1464px) 100vw, 1464px\" \/>\t\t\t\t\t<\/div>\n\n\t\t\t\t\t\t<\/div>\n\t\t\t\t<\/div>\n\t\t\t\t\t<\/div>\n\t\t\t\t<\/div>\n\t\t<div class=\"elementor-element elementor-element-779e4253 e-flex e-con-boxed wd-section-disabled e-con e-parent\" data-id=\"779e4253\" data-element_type=\"container\">\n\t\t\t\t\t<div class=\"e-con-inner\">\n\t\t\t\t<div class=\"elementor-element elementor-element-1c485423 color-scheme-inherit text-left elementor-widget elementor-widget-text-editor\" data-id=\"1c485423\" data-element_type=\"widget\" data-widget_type=\"text-editor.default\">\n\t\t\t\t<div class=\"elementor-widget-container\">\n\t\t\t\t\t\t\t\t\t<section class=\"elementor-section elementor-top-section elementor-element elementor-element-2837776 elementor-section-boxed elementor-section-height-default elementor-section-height-default wd-section-disabled\" data-id=\"2837776\" data-element_type=\"section\"><div class=\"elementor-container elementor-column-gap-default\"><div class=\"elementor-column elementor-col-100 elementor-top-column elementor-element elementor-element-8d04493\" data-id=\"8d04493\" data-element_type=\"column\"><div class=\"elementor-widget-wrap elementor-element-populated\"><div class=\"elementor-element elementor-element-d63c831 color-scheme-inherit text-left elementor-widget elementor-widget-text-editor\" data-id=\"d63c831\" data-element_type=\"widget\" data-widget_type=\"text-editor.default\"><div class=\"elementor-widget-container\"><section class=\"elementor-section elementor-top-section elementor-element elementor-element-3661fbe elementor-section-boxed elementor-section-height-default elementor-section-height-default wd-section-disabled\" data-id=\"3661fbe\" data-element_type=\"section\"><div class=\"elementor-container elementor-column-gap-default\"><div class=\"elementor-column elementor-col-100 elementor-top-column elementor-element elementor-element-a3e4152\" data-id=\"a3e4152\" data-element_type=\"column\"><div class=\"elementor-widget-wrap elementor-element-populated\"><div class=\"elementor-element elementor-element-fd5276f color-scheme-inherit text-left elementor-widget elementor-widget-text-editor\" data-id=\"fd5276f\" data-element_type=\"widget\" data-widget_type=\"text-editor.default\"><div class=\"elementor-widget-container\"><div class=\"a-section a-spacing-none premium-aplus-15-heading\"><div class=\"a-section a-spacing-none premium-aplus-15-heading\"><div class=\"a-section a-spacing-none premium-aplus-15-heading\"><div class=\"a-section a-spacing-none premium-aplus-15-heading\"><h3 data-start=\"101\" data-end=\"145\">\u00bfPor qu\u00e9 elegir nuestra silla de oficina ejecutiva?<\/h3><ul data-start=\"147\" data-end=\"1601\"><li data-start=\"147\" data-end=\"390\"><p data-start=\"149\" data-end=\"390\"><strong data-start=\"149\" data-end=\"184\">Comodidad superior y tacto de primera<\/strong> - Fabricado con suave piel de PU de alta calidad que es f\u00e1cil de limpiar, resiste el descascarillado y proporciona un confort duradero. El asiento de doble acolchado y los reposabrazos acolchados garantizan la comodidad durante largas horas.<\/p><\/li><li data-start=\"392\" data-end=\"624\"><p data-start=\"394\" data-end=\"624\"><strong data-start=\"394\" data-end=\"430\">Soporte ergon\u00f3mico para largas jornadas<\/strong> - Dise\u00f1ado con un respaldo alto y un acolchado de apoyo para reducir la tensi\u00f3n en la espalda, el cuello y la cintura. Perfecto para oficinas dom\u00e9sticas, estaciones de trabajo o incluso instalaciones de juego en las que la comodidad es lo m\u00e1s importante.<\/p><\/li><li data-start=\"626\" data-end=\"858\"><p data-start=\"628\" data-end=\"858\"><strong data-start=\"628\" data-end=\"662\">Dise\u00f1o flexible y compacto<\/strong> - Los reposabrazos abatibles le dan la libertad de trabajar con o sin apoyo para los brazos, y le permiten guardar f\u00e1cilmente la silla bajo su escritorio cuando no la utilice, manteniendo su espacio de trabajo ordenado y espacioso.<\/p><\/li><li data-start=\"860\" data-end=\"1053\"><p data-start=\"862\" data-end=\"1053\"><strong data-start=\"862\" data-end=\"891\">Ajustable a sus necesidades<\/strong> - Con ajuste de altura suave, control de inclinaci\u00f3n y funci\u00f3n de reclinaci\u00f3n, puede personalizar la silla para adaptarla a su postura, estilo de trabajo o necesidades de relajaci\u00f3n.<\/p><\/li><li data-start=\"1055\" data-end=\"1243\"><p data-start=\"1057\" data-end=\"1243\"><strong data-start=\"1057\" data-end=\"1085\">Construcci\u00f3n duradera y fiable<\/strong> - Fabricada con un robusto armaz\u00f3n de hierro, ruedas de marcha suave y dise\u00f1ada para soportar hasta 136 kg, esta silla est\u00e1 hecha para durar en el uso diario.<\/p><\/li><li data-start=\"1245\" data-end=\"1418\"><p data-start=\"1247\" data-end=\"1418\"><strong data-start=\"1247\" data-end=\"1280\">F\u00e1cil de montar, f\u00e1cil de usar<\/strong> - Viene con todas las piezas necesarias e instrucciones claras, para que pueda montarlo r\u00e1pidamente y empezar a disfrutar de su nuevo espacio de trabajo en un abrir y cerrar de ojos.<\/p><\/li><li data-start=\"1420\" data-end=\"1601\"><p data-start=\"1422\" data-end=\"1601\"><strong data-start=\"1422\" data-end=\"1450\">Calidad orientada al cliente<\/strong> - Dise\u00f1ado para satisfacer las exigencias diarias del trabajo desde casa con un equilibrio de comodidad, durabilidad y funcionalidad que le ofrece tranquilidad en cada uso.<\/p><\/li><\/ul><\/div><\/div><\/div><\/div><\/div><\/div><\/div><\/div><\/div><\/section><\/div><\/div><\/div><\/div><\/div><\/section>\t\t\t\t\t\t\t\t<\/div>\n\t\t\t\t<\/div>\n\t\t\t\t\t<\/div>\n\t\t\t\t<\/div>\n\t\t\t\t<\/div>","protected":false},"excerpt":{"rendered":"<ul class=\"a-unordered-list a-vertical a-spacing-mini\">\n<li>\n<div class=\"woocommerce-product-details__short-description\">\n<ul class=\"a-unordered-list a-vertical a-spacing-mini\">\n<li class=\"a-spacing-mini\"><span class=\"a-list-item\">\u3010SOFT PU LEATHER FOR LASTING COMFORT\u3011Esta silla de oficina ejecutiva est\u00e1 hecha con cuero de PU que se ve muy bien y se siente suave al tacto. Es f\u00e1cil de limpiar y resiste la descamaci\u00f3n y el agrietamiento. Con reposabrazos acolchados y un dise\u00f1o elegante, es una silla de escritorio perfecta para la oficina en casa o el espacio de trabajo.<\/span><\/li>\n<li class=\"a-spacing-mini\"><span class=\"a-list-item\">\u3010EASY ADJUSTMENT &amp; TILT CONTROL\u3011Esta silla de oficina ergon\u00f3mica incluye un f\u00e1cil ajuste de la altura del asiento y una funci\u00f3n de inclinaci\u00f3n para reclinarse y relajarse. Utilice el asa lateral para reclinarse, y la perilla de tensi\u00f3n debajo para controlar la facilidad con que se inclina, ideal para sillas de PC o sillas de ordenador en casa<\/span><\/li>\n<li class=\"a-spacing-mini\"><span class=\"a-list-item\">\u3010DISE\u00d1O DE BRAZOS PLEGABLES PARA LA FLEXIBILIDAD\u3011Los reposabrazos plegables acolchados le permiten usar la silla con o sin brazos, d\u00e1ndole m\u00e1s espacio cuando lo necesite. Puede meter la silla debajo de su escritorio para ahorrar espacio. Un gran ajuste para las sillas de escritorio para el dormitorio, configuraciones de sillas de oficina en casa, o estaciones de trabajo silla giratoria<\/span><\/li>\n<li class=\"a-spacing-mini\"><span class=\"a-list-item\">\u3010PERFECTO PARA EL TRABAJO EN EL HOGAR\u3011Dise\u00f1ada para largas horas, esta silla ergon\u00f3mica de respaldo alto apoya la espalda, el cuello y la cintura. El asiento ultra suave y doblemente acolchado te mantiene c\u00f3modo incluso durante largas jornadas. Util\u00edcela como silla de ordenador, silla de PC o sillas de oficina para trabajar en casa o jugar<\/span><\/li>\n<li class=\"a-spacing-mini\"><span class=\"a-list-item\">\u3010R\u00c1PIDO MONTAJE Y FUERTE CONSTRUCCI\u00d3N\u3011Su nueva silla de escritorio es f\u00e1cil de montar con instrucciones claras y TODAS las piezas necesarias. Construido con materiales resistentes y ruedas de rodadura suave, es ideal para cualquier persona que necesite una silla de escritorio resistente y de apoyo para la oficina en casa o el uso diario de la computadora.<\/span><\/li>\n<li class=\"a-spacing-mini\"><span class=\"a-list-item\">\u3010BUILT FOR COMFORT AND CUSTOMER SATISFACTION\u3011Disfrute de la tranquilidad de saber que esta silla satisface sus necesidades de comodidad y calidad. Hecho a mano con cuero de PU, acolchado de esponja, y un marco de hierro resistente, soporta 136 kg (300 libras). Tama\u00f1o: 68 x 70 x 113 cm, dise\u00f1ado para satisfacer las demandas diarias de trabajo desde casa.<\/span><\/li>\n<\/ul>\n<\/div>\n<\/li>\n<\/ul>","protected":false},"featured_media":18419,"comment_status":"open","ping_status":"closed","template":"","meta":[],"product_brand":[],"product_cat":[191,200],"product_tag":[],"class_list":{"0":"post-17974","1":"product","2":"type-product","3":"status-publish","4":"has-post-thumbnail","6":"product_cat-chair","7":"product_cat-office-chair","9":"first","10":"instock","11":"shipping-taxable","12":"purchasable","13":"product-type-simple"},"_links":{"self":[{"href":"https:\/\/theelora.com\/es\/wp-json\/wp\/v2\/product\/17974","targetHints":{"allow":["GET"]}}],"collection":[{"href":"https:\/\/theelora.com\/es\/wp-json\/wp\/v2\/product"}],"about":[{"href":"https:\/\/theelora.com\/es\/wp-json\/wp\/v2\/types\/product"}],"replies":[{"embeddable":true,"href":"https:\/\/theelora.com\/es\/wp-json\/wp\/v2\/comments?post=17974"}],"version-history":[{"count":6,"href":"https:\/\/theelora.com\/es\/wp-json\/wp\/v2\/product\/17974\/revisions"}],"predecessor-version":[{"id":18418,"href":"https:\/\/theelora.com\/es\/wp-json\/wp\/v2\/product\/17974\/revisions\/18418"}],"wp:featuredmedia":[{"embeddable":true,"href":"https:\/\/theelora.com\/es\/wp-json\/wp\/v2\/media\/18419"}],"wp:attachment":[{"href":"https:\/\/theelora.com\/es\/wp-json\/wp\/v2\/media?parent=17974"}],"wp:term":[{"taxonomy":"product_brand","embeddable":true,"href":"https:\/\/theelora.com\/es\/wp-json\/wp\/v2\/product_brand?post=17974"},{"taxonomy":"product_cat","embeddable":true,"href":"https:\/\/theelora.com\/es\/wp-json\/wp\/v2\/product_cat?post=17974"},{"taxonomy":"product_tag","embeddable":true,"href":"https:\/\/theelora.com\/es\/wp-json\/wp\/v2\/product_tag?post=17974"}],"curies":[{"name":"wp","href":"https:\/\/api.w.org\/{rel}","templated":true}]}}